{"id":208,"date":"2022-09-29T07:59:10","date_gmt":"2022-09-29T07:59:10","guid":{"rendered":"https:\/\/mymfamous.com\/?page_id=208"},"modified":"2025-09-23T10:00:42","modified_gmt":"2025-09-23T10:00:42","slug":"mentions-legales","status":"publish","type":"page","link":"https:\/\/mymfamous.com\/ar\/mentions-legales","title":{"rendered":"\u0627\u0644\u0645\u0639\u0644\u0648\u0645\u0627\u062a \u0627\u0644\u0642\u0627\u0646\u0648\u0646\u064a\u0629"},"content":{"rendered":"<p><\/p>\n\n\n\n<meta name=\"robots\" content=\"noindex, nofollow\">\n\n\n\n<figure class=\"wp-block-image size-full is-resized\"><img width=\"932\" height=\"242\" src=\"https:\/\/mymfamous.com\/wp-content\/uploads\/2025\/09\/mentions-legales-fr.png\" alt=\"\" class=\"wp-image-460\" style=\"width:450px\" srcset=\"https:\/\/mymfamous.com\/wp-content\/uploads\/2025\/09\/mentions-legales-fr.png 932w, https:\/\/mymfamous.com\/wp-content\/uploads\/2025\/09\/mentions-legales-fr-480x125.png 480w\" sizes=\"(min-width: 0px) and (max-width: 480px) 480px, (min-width: 481px) 932px, 100vw\" \/><\/figure>\n\n\n\n<p><strong>H\u00e9bergeur :<\/strong><br>Infomaniak<br>Rue Eug\u00e8ne-Marziano 25<br>1227 Les Acacias \u2013 Suisse<br>https:\/\/www.infomaniak.com<\/p>\n\n\n\n<h2 class=\"wp-block-heading\"><strong>Conditions d\u2019utilisation<\/strong><\/h2>\n\n\n\n<p>\u0627\u0633\u062a\u062e\u062f\u0627\u0645 \u0647\u0630\u0627 \u0627\u0644\u0645\u0648\u0642\u0639 \u064a\u0639\u0646\u064a \u0627\u0644\u0642\u0628\u0648\u0644 \u0627\u0644\u0643\u0627\u0645\u0644 \u0644\u0634\u0631\u0648\u0637 \u0627\u0644\u0627\u0633\u062a\u062e\u062f\u0627\u0645 \u0627\u0644\u0639\u0627\u0645\u0629 \u0627\u0644\u0645\u0648\u0636\u062d\u0629 \u0623\u062f\u0646\u0627\u0647. \u064a\u062c\u0648\u0632 \u062a\u0639\u062f\u064a\u0644 \u0634\u0631\u0648\u0637 \u0627\u0644\u0627\u0633\u062a\u062e\u062f\u0627\u0645 \u0647\u0630\u0647 \u0623\u0648 \u0627\u0633\u062a\u0643\u0645\u0627\u0644\u0647\u0627 \u0641\u064a \u0623\u064a \u0648\u0642\u062a.<\/p>\n\n\n\n<h2 class=\"wp-block-heading\"><strong>Informations<\/strong><\/h2>\n\n\n\n<p>Les informations et documents du site sont pr\u00e9sent\u00e9s \u00e0 titre indicatif, n\u2019ont pas de caract\u00e8re exhaustif, et ne peuvent engager la responsabilit\u00e9 du propri\u00e9taire du site.<\/p>\n\n\n\n<p>\u0644\u0627 \u064a\u0645\u0643\u0646 \u062a\u062d\u0645\u064a\u0644 \u0645\u0627\u0644\u0643 \u0627\u0644\u0645\u0648\u0642\u0639 \u0627\u0644\u0645\u0633\u0624\u0648\u0644\u064a\u0629 \u0639\u0646 \u0623\u064a \u0636\u0631\u0631 \u0645\u0628\u0627\u0634\u0631 \u0623\u0648 \u063a\u064a\u0631 \u0645\u0628\u0627\u0634\u0631 \u0646\u0627\u062a\u062c \u0639\u0646 \u0627\u0644\u062f\u062e\u0648\u0644 \u0625\u0644\u0649 \u0627\u0644\u0645\u0648\u0642\u0639.<\/p>\n\n\n\n<h2 class=\"wp-block-heading\"><strong>Interactivit\u00e9<\/strong><\/h2>\n\n\n\n<p>\u064a\u062c\u0648\u0632 \u0644\u0645\u0633\u062a\u062e\u062f\u0645\u064a \u0627\u0644\u0645\u0648\u0642\u0639 \u0646\u0634\u0631 \u0627\u0644\u0645\u062d\u062a\u0648\u0649\u060c \u0648\u0627\u0644\u0630\u064a \u0633\u064a\u0638\u0647\u0631 \u0639\u0644\u0649 \u0627\u0644\u0645\u0648\u0642\u0639 \u0641\u064a \u0645\u0633\u0627\u062d\u0627\u062a \u0645\u062e\u0635\u0635\u0629 (\u062e\u0627\u0635\u0629 \u0639\u0628\u0631 \u0627\u0644\u062a\u0639\u0644\u064a\u0642\u0627\u062a). \u064a\u0628\u0642\u0649 \u0627\u0644\u0645\u062d\u062a\u0648\u0649 \u0627\u0644\u0645\u0646\u0634\u0648\u0631 \u0645\u0633\u0624\u0648\u0644\u064a\u0629 \u0645\u0624\u0644\u0641\u064a\u0647\u060c \u0627\u0644\u0630\u064a\u0646 \u064a\u062a\u062d\u0645\u0644\u0648\u0646 \u0627\u0644\u0645\u0633\u0624\u0648\u0644\u064a\u0629 \u0627\u0644\u0642\u0627\u0646\u0648\u0646\u064a\u0629 \u0627\u0644\u0643\u0627\u0645\u0644\u0629.<\/p>\n\n\n\n<p>\u0648\u0645\u0639 \u0630\u0644\u0643\u060c \u064a\u062d\u062a\u0641\u0638 \u0645\u0627\u0644\u0643 \u0627\u0644\u0645\u0648\u0642\u0639 \u0628\u0627\u0644\u062d\u0642 \u0641\u064a \u0633\u062d\u0628 \u0623\u064a \u0645\u062d\u062a\u0648\u0649 \u064a\u0646\u0634\u0631\u0647 \u0627\u0644\u0645\u0633\u062a\u062e\u062f\u0645\u0648\u0646 \u0644\u0627 \u064a\u062a\u0648\u0627\u0641\u0642 \u0645\u0639 \u0627\u0644\u0645\u064a\u062b\u0627\u0642 \u0627\u0644\u0623\u062e\u0644\u0627\u0642\u064a \u0644\u0644\u0645\u0648\u0642\u0639 \u0623\u0648 \u0645\u0639 \u0627\u0644\u062a\u0634\u0631\u064a\u0639\u0627\u062a \u0627\u0644\u062d\u0627\u0644\u064a\u0629\u060c \u062f\u0648\u0646 \u0625\u0634\u0639\u0627\u0631 \u0623\u0648 \u062a\u0628\u0631\u064a\u0631.<\/p>\n\n\n\n<h2 class=\"wp-block-heading\"><strong>Propri\u00e9t\u00e9 intellectuelle<\/strong><\/h2>\n\n\n\n<p>\u062a\u0638\u0644 \u062c\u0645\u064a\u0639 \u0627\u0644\u0639\u0646\u0627\u0635\u0631 \u0627\u0644\u062a\u064a \u064a\u0645\u0643\u0646 \u0627\u0644\u0648\u0635\u0648\u0644 \u0625\u0644\u064a\u0647\u0627 \u0639\u0644\u0649 \u0627\u0644\u0645\u0648\u0642\u0639 (\u0627\u0644\u0646\u0635\u0648\u0635 \u0648\u0627\u0644\u0635\u0648\u0631 \u0648\u0627\u0644\u0631\u0633\u0648\u0645\u0627\u062a \u0648\u0627\u0644\u0634\u0639\u0627\u0631\u0627\u062a \u0648\u0627\u0644\u0623\u064a\u0642\u0648\u0646\u0627\u062a \u0648\u0627\u0644\u0623\u0635\u0648\u0627\u062a \u0648\u0627\u0644\u0628\u0631\u0627\u0645\u062c \u0648\u0645\u0627 \u0625\u0644\u0649 \u0630\u0644\u0643) \u0645\u0644\u0643\u064a\u0629 \u062d\u0635\u0631\u064a\u0629 \u0644\u0645\u0624\u0644\u0641\u064a\u0647\u0627 \u0641\u064a\u0645\u0627 \u064a\u062a\u0639\u0644\u0642 \u0628\u062d\u0642\u0648\u0642 \u0627\u0644\u0645\u0644\u0643\u064a\u0629 \u0627\u0644\u0641\u0643\u0631\u064a\u0629 \u0623\u0648 \u062d\u0642\u0648\u0642 \u0627\u0644\u0627\u0633\u062a\u062e\u062f\u0627\u0645\u060c \u0645\u0627 \u0644\u0645 \u064a\u064f\u0646\u0635 \u0639\u0644\u0649 \u062e\u0644\u0627\u0641 \u0630\u0644\u0643.<a href=\"https:\/\/www.webexpress.fr\/actualite\/focus\/modele-de-mentions-legales-complet-et-gratuit\/#fn-7013-1\" target=\"_blank\" rel=\"noreferrer noopener\">&nbsp;<sup>1<\/sup><\/a><\/p>\n\n\n\n<p>\u064a\u062d\u0638\u0631 \u0623\u064a \u0627\u0633\u062a\u0646\u0633\u0627\u062e \u0623\u0648 \u062a\u0645\u062b\u064a\u0644 \u0623\u0648 \u062a\u0639\u062f\u064a\u0644 \u0623\u0648 \u0646\u0634\u0631 \u0623\u0648 \u062a\u0643\u064a\u064a\u0641 \u0644\u0643\u0644 \u0623\u0648 \u062c\u0632\u0621 \u0645\u0646 \u0639\u0646\u0627\u0635\u0631 \u0627\u0644\u0645\u0648\u0642\u0639\u060c \u0645\u0647\u0645\u0627 \u0643\u0627\u0646\u062a \u0627\u0644\u0648\u0633\u064a\u0644\u0629 \u0623\u0648 \u0627\u0644\u0639\u0645\u0644\u064a\u0629 \u0627\u0644\u0645\u0633\u062a\u062e\u062f\u0645\u0629\u060c \u0625\u0644\u0627 \u0628\u062a\u0635\u0631\u064a\u062d \u062e\u0637\u064a \u0645\u0633\u0628\u0642 \u0645\u0646 \u0627\u0644\u0645\u0624\u0644\u0641.<a href=\"https:\/\/www.webexpress.fr\/actualite\/focus\/modele-de-mentions-legales-complet-et-gratuit\/#fn-7013-2\" target=\"_blank\" rel=\"noreferrer noopener\"><sup>2<\/sup><\/a><a href=\"https:\/\/www.webexpress.fr\/actualite\/focus\/modele-de-mentions-legales-complet-et-gratuit\/#fn-7013-3\" target=\"_blank\" rel=\"noreferrer noopener\"><sup>3<\/sup><\/a><\/p>\n\n\n\n<p>\u064a\u064f\u0639\u062a\u0628\u0631 \u0623\u064a \u0627\u0633\u062a\u062e\u062f\u0627\u0645 \u063a\u064a\u0631 \u0645\u0635\u0631\u062d \u0628\u0647 \u0644\u0644\u0645\u0648\u0642\u0639 \u0623\u0648 \u0644\u0623\u064a \u0645\u0646 \u0627\u0644\u0639\u0646\u0627\u0635\u0631 \u0627\u0644\u062a\u064a \u064a\u062d\u062a\u0648\u064a\u0647\u0627 \u0627\u0646\u062a\u0647\u0627\u0643\u0627\u064b \u0648\u064a\u062e\u0636\u0639 \u0644\u0644\u0645\u0644\u0627\u062d\u0642\u0629 \u0627\u0644\u0642\u0636\u0627\u0626\u064a\u0629.<a href=\"https:\/\/www.webexpress.fr\/actualite\/focus\/modele-de-mentions-legales-complet-et-gratuit\/#fn-7013-9\" target=\"_blank\" rel=\"noreferrer noopener\">&nbsp;<sup>4<\/sup><\/a><\/p>\n\n\n\n<p>\u0627\u0644\u0639\u0644\u0627\u0645\u0627\u062a \u0627\u0644\u062a\u062c\u0627\u0631\u064a\u0629 \u0648\u0627\u0644\u0634\u0639\u0627\u0631\u0627\u062a \u0627\u0644\u0645\u0633\u062a\u0646\u0633\u062e\u0629 \u0639\u0644\u0649 \u0627\u0644\u0645\u0648\u0642\u0639 \u0645\u0633\u062c\u0644\u0629 \u0645\u0646 \u0642\u0628\u0644 \u0627\u0644\u0634\u0631\u0643\u0627\u062a \u0627\u0644\u062a\u064a \u062a\u0645\u062a\u0644\u0643\u0647\u0627.<\/p>\n\n\n\n<h2 class=\"wp-block-heading\"><strong>Liens<\/strong><\/h2>\n\n\n\n<p><strong>\u0627\u0644\u0631\u0648\u0627\u0628\u0637 \u0627\u0644\u0635\u0627\u062f\u0631\u0629<\/strong><\/p>\n\n\n\n<p>\u064a\u0631\u0641\u0636 \u0635\u0627\u062d\u0628 \u0627\u0644\u0645\u0648\u0642\u0639 \u0643\u0644 \u0627\u0644\u0645\u0633\u0624\u0648\u0644\u064a\u0629 \u0648\u0644\u0627 \u064a\u0644\u062a\u0632\u0645 \u0628\u0627\u0644\u0625\u062d\u0627\u0644\u0629 \u0625\u0644\u0649 \u0645\u0635\u0627\u062f\u0631 \u0627\u0644\u0637\u0631\u0641 \u0627\u0644\u062b\u0627\u0644\u062b \u0627\u0644\u0645\u0648\u062c\u0648\u062f\u0629 \u0639\u0644\u0649 \u0634\u0628\u0643\u0629 \u0627\u0644\u0625\u0646\u062a\u0631\u0646\u062a \u0639\u0628\u0631 \u0631\u0648\u0627\u0628\u0637 \u0627\u0644\u0646\u0635 \u0627\u0644\u062a\u0634\u0639\u0628\u064a \u0641\u064a\u0645\u0627 \u064a\u062a\u0639\u0644\u0642 \u0628\u0645\u062d\u062a\u0648\u0627\u0647\u0627 \u0648\u0623\u0647\u0645\u064a\u062a\u0647\u0627.<\/p>\n\n\n\n<p><strong>\u0627\u0644\u0631\u0648\u0627\u0628\u0637 \u0627\u0644\u0648\u0627\u0631\u062f\u0629<\/strong><\/p>\n\n\n\n<p>\u064a\u0635\u0631\u062d \u0645\u0627\u0644\u0643 \u0627\u0644\u0645\u0648\u0642\u0639 \u0628\u0631\u0648\u0627\u0628\u0637 \u0627\u0644\u0646\u0635 \u0627\u0644\u062a\u0634\u0639\u0628\u064a \u0644\u0623\u064a \u0635\u0641\u062d\u0629 \u0639\u0644\u0649 \u0647\u0630\u0627 \u0627\u0644\u0645\u0648\u0642\u0639\u060c \u0634\u0631\u064a\u0637\u0629 \u0623\u0646 \u062a\u0641\u062a\u062d \u0647\u0630\u0647 \u0627\u0644\u0631\u0648\u0627\u0628\u0637 \u0646\u0627\u0641\u0630\u0629 \u062c\u062f\u064a\u062f\u0629 \u0648\u064a\u062a\u0645 \u062a\u0642\u062f\u064a\u0645\u0647\u0627 \u0628\u0637\u0631\u064a\u0642\u0629 \u0644\u0627 \u0644\u0628\u0633 \u0641\u064a\u0647\u0627 \u0644\u062a\u062c\u0646\u0628 :<\/p>\n\n\n\n<ul class=\"wp-block-list\">\n<li>\u0623\u064a \u062e\u0637\u0631 \u062d\u062f\u0648\u062b \u0623\u064a \u0627\u0644\u062a\u0628\u0627\u0633 \u0628\u064a\u0646 \u0627\u0644\u0645\u0648\u0642\u0639 \u0627\u0644\u0645\u0633\u062a\u0634\u0647\u062f \u0628\u0647 \u0648\u0645\u0627\u0644\u0643 \u0627\u0644\u0645\u0648\u0642\u0639<\/li>\n\n\n\n<li>\u0648\u0643\u0630\u0644\u0643 \u0623\u064a \u0639\u0631\u0636 \u0645\u063a\u0631\u0636 \u0623\u0648 \u0645\u062e\u0627\u0644\u0641 \u0644\u0644\u0642\u0648\u0627\u0646\u064a\u0646 \u0627\u0644\u0645\u0639\u0645\u0648\u0644 \u0628\u0647\u0627.<\/li>\n<\/ul>\n\n\n\n<p>\u064a\u062d\u062a\u0641\u0638 \u0645\u0627\u0644\u0643 \u0627\u0644\u0645\u0648\u0642\u0639 \u0628\u0627\u0644\u062d\u0642 \u0641\u064a \u0637\u0644\u0628 \u0625\u0632\u0627\u0644\u0629 \u0627\u0644\u0631\u0627\u0628\u0637 \u0625\u0630\u0627 \u0631\u0623\u0649 \u0623\u0646 \u0627\u0644\u0645\u0648\u0642\u0639 \u0627\u0644\u0645\u0635\u062f\u0631 \u0644\u0627 \u064a\u062a\u0648\u0627\u0641\u0642 \u0645\u0639 \u0647\u0630\u0647 \u0627\u0644\u0642\u0648\u0627\u0639\u062f.<\/p>\n\n\n\n<h2 class=\"wp-block-heading\"><strong>Confidentialit\u00e9<\/strong><\/h2>\n\n\n\n<p>\u064a\u062d\u0642 \u0644\u062c\u0645\u064a\u0639 \u0627\u0644\u0645\u0633\u062a\u062e\u062f\u0645\u064a\u0646 \u0627\u0644\u0648\u0635\u0648\u0644 \u0625\u0644\u0649 \u0623\u064a \u0628\u064a\u0627\u0646\u0627\u062a \u0634\u062e\u0635\u064a\u0629 \u062a\u062a\u0639\u0644\u0642 \u0628\u0647\u0645 \u0648\u062a\u0635\u062d\u064a\u062d\u0647\u0627 \u0648\u0627\u0644\u0627\u0639\u062a\u0631\u0627\u0636 \u0639\u0644\u064a\u0647\u0627\u060c \u0645\u0646 \u062e\u0644\u0627\u0644 \u062a\u0642\u062f\u064a\u0645 \u0637\u0644\u0628 \u0645\u0643\u062a\u0648\u0628 \u0648\u0645\u0648\u0642\u0651\u0639 \u0639\u0644\u064a\u0647 \u0645\u0635\u062d\u0648\u0628\u064b\u0627 \u0628\u0625\u062b\u0628\u0627\u062a \u0627\u0644\u0647\u0648\u064a\u0629.<\/p>\n\n\n\n<p>Le site ne recueille pas d\u2019informations personnelles, et n\u2019est pas assujetti \u00e0 d\u00e9claration \u00e0 la CNIL.<\/p>\n\n\n<div class=\"kk-star-ratings kksr-auto kksr-align-center kksr-valign-bottom kksr-disabled\"\n    data-payload='{&quot;align&quot;:&quot;center&quot;,&quot;id&quot;:&quot;208&quot;,&quot;readonly&quot;:&quot;1&quot;,&quot;slug&quot;:&quot;default&quot;,&quot;valign&quot;:&quot;bottom&quot;,&quot;ignore&quot;:&quot;&quot;,&quot;reference&quot;:&quot;auto&quot;,&quot;class&quot;:&quot;&quot;,&quot;count&quot;:&quot;0&quot;,&quot;legendonly&quot;:&quot;&quot;,&quot;score&quot;:&quot;0&quot;,&quot;starsonly&quot;:&quot;&quot;,&quot;best&quot;:&quot;5&quot;,&quot;gap&quot;:&quot;4&quot;,&quot;greet&quot;:&quot;Notez cet article&quot;,&quot;legend&quot;:&quot;0\\\/5 - (0 \u0635\u0648\u062a)&quot;,&quot;size&quot;:&quot;24&quot;,&quot;title&quot;:&quot;Mentions l\u00e9gales&quot;,&quot;width&quot;:&quot;0&quot;,&quot;_legend&quot;:&quot;{score}\\\/{best} - ({count} {votes})&quot;,&quot;font_factor&quot;:&quot;1.25&quot;}'>\n            \n<div class=\"kksr-stars\">\n    \n<div class=\"kksr-stars-inactive\">\n            <div class=\"kksr-star\" data-star=\"1\" style=\"padding-left: 4px\">\n            \n\n<div class=\"kksr-icon\" style=\"width: 24px; height: 24px;\"><\/div>\n        <\/div>\n            <div class=\"kksr-star\" data-star=\"2\" style=\"padding-left: 4px\">\n            \n\n<div class=\"kksr-icon\" style=\"width: 24px; height: 24px;\"><\/div>\n        <\/div>\n            <div class=\"kksr-star\" data-star=\"3\" style=\"padding-left: 4px\">\n            \n\n<div class=\"kksr-icon\" style=\"width: 24px; height: 24px;\"><\/div>\n        <\/div>\n            <div class=\"kksr-star\" data-star=\"4\" style=\"padding-left: 4px\">\n            \n\n<div class=\"kksr-icon\" style=\"width: 24px; height: 24px;\"><\/div>\n        <\/div>\n            <div class=\"kksr-star\" data-star=\"5\" style=\"padding-left: 4px\">\n            \n\n<div class=\"kksr-icon\" style=\"width: 24px; height: 24px;\"><\/div>\n        <\/div>\n    <\/div>\n    \n<div class=\"kksr-stars-active\" style=\"width: 0px;\">\n            <div class=\"kksr-star\" style=\"padding-left: 4px\">\n            \n\n<div class=\"kksr-icon\" style=\"width: 24px; height: 24px;\"><\/div>\n        <\/div>\n            <div class=\"kksr-star\" style=\"padding-left: 4px\">\n            \n\n<div class=\"kksr-icon\" style=\"width: 24px; height: 24px;\"><\/div>\n        <\/div>\n            <div class=\"kksr-star\" style=\"padding-left: 4px\">\n            \n\n<div class=\"kksr-icon\" style=\"width: 24px; height: 24px;\"><\/div>\n        <\/div>\n            <div class=\"kksr-star\" style=\"padding-left: 4px\">\n            \n\n<div class=\"kksr-icon\" style=\"width: 24px; height: 24px;\"><\/div>\n        <\/div>\n            <div class=\"kksr-star\" style=\"padding-left: 4px\">\n            \n\n<div class=\"kksr-icon\" style=\"width: 24px; height: 24px;\"><\/div>\n        <\/div>\n    <\/div>\n<\/div>\n                \n\n<div class=\"kksr-legend\" style=\"font-size: 19.2px;\">\n            <span class=\"kksr-muted\">\u0642\u064a\u0645 \u0647\u0630\u0647 \u0627\u0644\u0645\u0642\u0627\u0644\u0629<\/span>\n    <\/div>\n    <\/div>","protected":false},"excerpt":{"rendered":"<p>H\u00e9bergeur :InfomaniakRue Eug\u00e8ne-Marziano 251227 Les Acacias \u2013 Suissehttps:\/\/www.infomaniak.com Conditions d\u2019utilisation L\u2019utilisation du pr\u00e9sent site implique l\u2019acceptation pleine et enti\u00e8re des conditions g\u00e9n\u00e9rales d\u2019utilisation d\u00e9crites ci-apr\u00e8s. Ces conditions d\u2019utilisation sont susceptibles d\u2019\u00eatre modifi\u00e9es ou compl\u00e9t\u00e9es \u00e0 tout moment. Informations Les informations et documents du site sont pr\u00e9sent\u00e9s \u00e0 titre indicatif, n\u2019ont pas de caract\u00e8re exhaustif, et [&hellip;]<\/p>\n","protected":false},"author":1,"featured_media":0,"parent":0,"menu_order":0,"comment_status":"closed","ping_status":"closed","template":"","meta":{"_et_pb_use_builder":"","_et_pb_old_content":"","_et_gb_content_width":"","om_disable_all_campaigns":false,"footnotes":""},"class_list":["post-208","page","type-page","status-publish","hentry"],"yoast_head":"<!-- This site is optimized with the Yoast SEO plugin v27.4 - https:\/\/yoast.com\/product\/yoast-seo-wordpress\/ -->\n<title>Mentions l\u00e9gales - MYM Famous<\/title>\n<meta name=\"robots\" content=\"index, follow, max-snippet:-1, max-image-preview:large, max-video-preview:-1\" \/>\n<link rel=\"canonical\" href=\"https:\/\/mymfamous.com\/ar\/\u0627\u0644\u0645\u0639\u0644\u0648\u0645\u0627\u062a-\u0627\u0644\u0642\u0627\u0646\u0648\u0646\u064a\u0629\/\" \/>\n<meta property=\"og:locale\" content=\"ar_AR\" \/>\n<meta property=\"og:type\" content=\"article\" \/>\n<meta property=\"og:title\" content=\"Mentions l\u00e9gales - MYM Famous\" \/>\n<meta property=\"og:description\" content=\"H\u00e9bergeur :InfomaniakRue Eug\u00e8ne-Marziano 251227 Les Acacias \u2013 Suissehttps:\/\/www.infomaniak.com Conditions d\u2019utilisation L\u2019utilisation du pr\u00e9sent site implique l\u2019acceptation pleine et enti\u00e8re des conditions g\u00e9n\u00e9rales d\u2019utilisation d\u00e9crites ci-apr\u00e8s. Ces conditions d\u2019utilisation sont susceptibles d\u2019\u00eatre modifi\u00e9es ou compl\u00e9t\u00e9es \u00e0 tout moment. Informations Les informations et documents du site sont pr\u00e9sent\u00e9s \u00e0 titre indicatif, n\u2019ont pas de caract\u00e8re exhaustif, et [&hellip;]\" \/>\n<meta property=\"og:url\" content=\"https:\/\/mymfamous.com\/ar\/\u0627\u0644\u0645\u0639\u0644\u0648\u0645\u0627\u062a-\u0627\u0644\u0642\u0627\u0646\u0648\u0646\u064a\u0629\/\" \/>\n<meta property=\"og:site_name\" content=\"MYM Famous\" \/>\n<meta property=\"article:modified_time\" content=\"2025-09-23T10:00:42+00:00\" \/>\n<meta property=\"og:image\" content=\"https:\/\/mymfamous.com\/wp-content\/uploads\/2025\/09\/mentions-legales-fr.png\" \/>\n\t<meta property=\"og:image:width\" content=\"932\" \/>\n\t<meta property=\"og:image:height\" content=\"242\" \/>\n\t<meta property=\"og:image:type\" content=\"image\/png\" \/>\n<meta name=\"twitter:card\" content=\"summary_large_image\" \/>\n<meta name=\"twitter:label1\" content=\"\u0648\u0642\u062a \u0627\u0644\u0642\u0631\u0627\u0621\u0629 \u0627\u0644\u0645\u064f\u0642\u062f\u0651\u0631\" \/>\n\t<meta name=\"twitter:data1\" content=\"3 \u062f\u0642\u0627\u0626\u0642\" \/>\n<script type=\"application\/ld+json\" class=\"yoast-schema-graph\">{\"@context\":\"https:\\\/\\\/schema.org\",\"@graph\":[{\"@type\":\"WebPage\",\"@id\":\"https:\\\/\\\/mymfamous.com\\\/mentions-legales\",\"url\":\"https:\\\/\\\/mymfamous.com\\\/mentions-legales\",\"name\":\"Mentions l\u00e9gales - MYM Famous\",\"isPartOf\":{\"@id\":\"https:\\\/\\\/mymfamous.com\\\/#website\"},\"primaryImageOfPage\":{\"@id\":\"https:\\\/\\\/mymfamous.com\\\/mentions-legales#primaryimage\"},\"image\":{\"@id\":\"https:\\\/\\\/mymfamous.com\\\/mentions-legales#primaryimage\"},\"thumbnailUrl\":\"https:\\\/\\\/mymfamous.com\\\/wp-content\\\/uploads\\\/2025\\\/09\\\/mentions-legales-fr.png\",\"datePublished\":\"2022-09-29T07:59:10+00:00\",\"dateModified\":\"2025-09-23T10:00:42+00:00\",\"breadcrumb\":{\"@id\":\"https:\\\/\\\/mymfamous.com\\\/mentions-legales#breadcrumb\"},\"inLanguage\":\"ar\",\"potentialAction\":[{\"@type\":\"ReadAction\",\"target\":[\"https:\\\/\\\/mymfamous.com\\\/mentions-legales\"]}]},{\"@type\":\"ImageObject\",\"inLanguage\":\"ar\",\"@id\":\"https:\\\/\\\/mymfamous.com\\\/mentions-legales#primaryimage\",\"url\":\"https:\\\/\\\/mymfamous.com\\\/wp-content\\\/uploads\\\/2025\\\/09\\\/mentions-legales-fr.png\",\"contentUrl\":\"https:\\\/\\\/mymfamous.com\\\/wp-content\\\/uploads\\\/2025\\\/09\\\/mentions-legales-fr.png\"},{\"@type\":\"BreadcrumbList\",\"@id\":\"https:\\\/\\\/mymfamous.com\\\/mentions-legales#breadcrumb\",\"itemListElement\":[{\"@type\":\"ListItem\",\"position\":1,\"name\":\"Accueil\",\"item\":\"https:\\\/\\\/mymfamous.com\\\/\"},{\"@type\":\"ListItem\",\"position\":2,\"name\":\"Mentions l\u00e9gales\"}]},{\"@type\":\"WebSite\",\"@id\":\"https:\\\/\\\/mymfamous.com\\\/#website\",\"url\":\"https:\\\/\\\/mymfamous.com\\\/\",\"name\":\"MYM Famous\",\"description\":\"Avis MYM Fans : le r\u00e9seau social Priv\u00e9 des Personnalit\u00e9s\",\"potentialAction\":[{\"@type\":\"SearchAction\",\"target\":{\"@type\":\"EntryPoint\",\"urlTemplate\":\"https:\\\/\\\/mymfamous.com\\\/?s={search_term_string}\"},\"query-input\":{\"@type\":\"PropertyValueSpecification\",\"valueRequired\":true,\"valueName\":\"search_term_string\"}}],\"inLanguage\":\"ar\"}]}<\/script>\n<!-- \/ Yoast SEO plugin. -->","yoast_head_json":{"title":"\u0645\u0639\u0644\u0648\u0645\u0627\u062a \u0642\u0627\u0646\u0648\u0646\u064a\u0629 - MYM Famous","robots":{"index":"index","follow":"follow","max-snippet":"max-snippet:-1","max-image-preview":"max-image-preview:large","max-video-preview":"max-video-preview:-1"},"canonical":"https:\/\/mymfamous.com\/ar\/\u0627\u0644\u0645\u0639\u0644\u0648\u0645\u0627\u062a-\u0627\u0644\u0642\u0627\u0646\u0648\u0646\u064a\u0629\/","og_locale":"ar_AR","og_type":"article","og_title":"Mentions l\u00e9gales - MYM Famous","og_description":"H\u00e9bergeur :InfomaniakRue Eug\u00e8ne-Marziano 251227 Les Acacias \u2013 Suissehttps:\/\/www.infomaniak.com Conditions d\u2019utilisation L\u2019utilisation du pr\u00e9sent site implique l\u2019acceptation pleine et enti\u00e8re des conditions g\u00e9n\u00e9rales d\u2019utilisation d\u00e9crites ci-apr\u00e8s. Ces conditions d\u2019utilisation sont susceptibles d\u2019\u00eatre modifi\u00e9es ou compl\u00e9t\u00e9es \u00e0 tout moment. Informations Les informations et documents du site sont pr\u00e9sent\u00e9s \u00e0 titre indicatif, n\u2019ont pas de caract\u00e8re exhaustif, et [&hellip;]","og_url":"https:\/\/mymfamous.com\/ar\/\u0627\u0644\u0645\u0639\u0644\u0648\u0645\u0627\u062a-\u0627\u0644\u0642\u0627\u0646\u0648\u0646\u064a\u0629\/","og_site_name":"MYM Famous","article_modified_time":"2025-09-23T10:00:42+00:00","og_image":[{"width":932,"height":242,"url":"https:\/\/mymfamous.com\/wp-content\/uploads\/2025\/09\/mentions-legales-fr.png","type":"image\/png"}],"twitter_card":"summary_large_image","twitter_misc":{"\u0648\u0642\u062a \u0627\u0644\u0642\u0631\u0627\u0621\u0629 \u0627\u0644\u0645\u064f\u0642\u062f\u0651\u0631":"3 \u062f\u0642\u0627\u0626\u0642"},"schema":{"@context":"https:\/\/schema.org","@graph":[{"@type":"WebPage","@id":"https:\/\/mymfamous.com\/mentions-legales","url":"https:\/\/mymfamous.com\/mentions-legales","name":"\u0645\u0639\u0644\u0648\u0645\u0627\u062a \u0642\u0627\u0646\u0648\u0646\u064a\u0629 - MYM Famous","isPartOf":{"@id":"https:\/\/mymfamous.com\/#website"},"primaryImageOfPage":{"@id":"https:\/\/mymfamous.com\/mentions-legales#primaryimage"},"image":{"@id":"https:\/\/mymfamous.com\/mentions-legales#primaryimage"},"thumbnailUrl":"https:\/\/mymfamous.com\/wp-content\/uploads\/2025\/09\/mentions-legales-fr.png","datePublished":"2022-09-29T07:59:10+00:00","dateModified":"2025-09-23T10:00:42+00:00","breadcrumb":{"@id":"https:\/\/mymfamous.com\/mentions-legales#breadcrumb"},"inLanguage":"ar","potentialAction":[{"@type":"ReadAction","target":["https:\/\/mymfamous.com\/mentions-legales"]}]},{"@type":"ImageObject","inLanguage":"ar","@id":"https:\/\/mymfamous.com\/mentions-legales#primaryimage","url":"https:\/\/mymfamous.com\/wp-content\/uploads\/2025\/09\/mentions-legales-fr.png","contentUrl":"https:\/\/mymfamous.com\/wp-content\/uploads\/2025\/09\/mentions-legales-fr.png"},{"@type":"BreadcrumbList","@id":"https:\/\/mymfamous.com\/mentions-legales#breadcrumb","itemListElement":[{"@type":"ListItem","position":1,"name":"Accueil","item":"https:\/\/mymfamous.com\/"},{"@type":"ListItem","position":2,"name":"Mentions l\u00e9gales"}]},{"@type":"WebSite","@id":"https:\/\/mymfamous.com\/#website","url":"https:\/\/mymfamous.com\/","name":"\u0645\u0634\u0627\u0647\u064a\u0631 MYM","description":"\u0645\u0631\u0627\u062c\u0639\u0629 MYM Fans: \u0634\u0628\u0643\u0629 \u0627\u0644\u062a\u0648\u0627\u0635\u0644 \u0627\u0644\u0627\u062c\u062a\u0645\u0627\u0639\u064a \u0627\u0644\u062e\u0627\u0635\u0629 \u0644\u0644\u0645\u0634\u0627\u0647\u064a\u0631","potentialAction":[{"@type":"SearchAction","target":{"@type":"EntryPoint","urlTemplate":"https:\/\/mymfamous.com\/?s={search_term_string}"},"query-input":{"@type":"PropertyValueSpecification","valueRequired":true,"valueName":"search_term_string"}}],"inLanguage":"ar"}]}},"jetpack_sharing_enabled":true,"_links":{"self":[{"href":"https:\/\/mymfamous.com\/ar\/wp-json\/wp\/v2\/pages\/208","targetHints":{"allow":["GET"]}}],"collection":[{"href":"https:\/\/mymfamous.com\/ar\/wp-json\/wp\/v2\/pages"}],"about":[{"href":"https:\/\/mymfamous.com\/ar\/wp-json\/wp\/v2\/types\/page"}],"author":[{"embeddable":true,"href":"https:\/\/mymfamous.com\/ar\/wp-json\/wp\/v2\/users\/1"}],"replies":[{"embeddable":true,"href":"https:\/\/mymfamous.com\/ar\/wp-json\/wp\/v2\/comments?post=208"}],"version-history":[{"count":4,"href":"https:\/\/mymfamous.com\/ar\/wp-json\/wp\/v2\/pages\/208\/revisions"}],"predecessor-version":[{"id":461,"href":"https:\/\/mymfamous.com\/ar\/wp-json\/wp\/v2\/pages\/208\/revisions\/461"}],"wp:attachment":[{"href":"https:\/\/mymfamous.com\/ar\/wp-json\/wp\/v2\/media?parent=208"}],"curies":[{"name":"wp","href":"https:\/\/api.w.org\/{rel}","templated":true}]}}