{"id":208,"date":"2022-09-29T07:59:10","date_gmt":"2022-09-29T07:59:10","guid":{"rendered":"https:\/\/mymfamous.com\/?page_id=208"},"modified":"2025-09-23T10:00:42","modified_gmt":"2025-09-23T10:00:42","slug":"mentions-legales","status":"publish","type":"page","link":"https:\/\/mymfamous.com\/de_ch\/mentions-legales","title":{"rendered":"Rechtliche Hinweise"},"content":{"rendered":"<p><\/p>\n\n\n\n<meta name=\"robots\" content=\"noindex, nofollow\">\n\n\n\n<figure class=\"wp-block-image size-full is-resized\"><img width=\"932\" height=\"242\" src=\"https:\/\/mymfamous.com\/wp-content\/uploads\/2025\/09\/mentions-legales-fr.png\" alt=\"\" class=\"wp-image-460\" style=\"width:450px\" srcset=\"https:\/\/mymfamous.com\/wp-content\/uploads\/2025\/09\/mentions-legales-fr.png 932w, https:\/\/mymfamous.com\/wp-content\/uploads\/2025\/09\/mentions-legales-fr-480x125.png 480w\" sizes=\"(min-width: 0px) and (max-width: 480px) 480px, (min-width: 481px) 932px, 100vw\" \/><\/figure>\n\n\n\n<p><strong>H\u00e9bergeur :<\/strong><br>Infomaniak<br>Rue Eug\u00e8ne-Marziano 25<br>1227 Les Acacias \u2013 Suisse<br>https:\/\/www.infomaniak.com<\/p>\n\n\n\n<h2 class=\"wp-block-heading\"><strong>Conditions d\u2019utilisation<\/strong><\/h2>\n\n\n\n<p>Die Nutzung der vorliegenden Website setzt die vollst\u00e4ndige und uneingeschr\u00e4nkte Annahme der nachstehend beschriebenen allgemeinen Nutzungsbedingungen voraus. Diese Nutzungsbedingungen k\u00f6nnen jederzeit ge\u00e4ndert oder erg\u00e4nzt werden.<\/p>\n\n\n\n<h2 class=\"wp-block-heading\"><strong>Informations<\/strong><\/h2>\n\n\n\n<p>Les informations et documents du site sont pr\u00e9sent\u00e9s \u00e0 titre indicatif, n\u2019ont pas de caract\u00e8re exhaustif, et ne peuvent engager la responsabilit\u00e9 du propri\u00e9taire du site.<\/p>\n\n\n\n<p>Der Eigent\u00fcmer der Seite haftet nicht f\u00fcr direkte oder indirekte Sch\u00e4den, die aus dem Zugriff auf die Seite resultieren.<\/p>\n\n\n\n<h2 class=\"wp-block-heading\"><strong>Interactivit\u00e9<\/strong><\/h2>\n\n\n\n<p>Die Nutzer der Website k\u00f6nnen Inhalte hinterlegen, die auf der Website in daf\u00fcr vorgesehenen Bereichen erscheinen (insbesondere \u00fcber die Kommentare). Die Verantwortung f\u00fcr die Inhalte liegt bei den Autoren, die auch die volle rechtliche Verantwortung daf\u00fcr \u00fcbernehmen.<\/p>\n\n\n\n<p>Der Eigent\u00fcmer der Seite beh\u00e4lt sich jedoch das Recht vor, von Nutzern eingereichte Inhalte, die nicht den ethischen Richtlinien der Seite oder den geltenden Gesetzen entsprechen, ohne Vorank\u00fcndigung und ohne Begr\u00fcndung zu entfernen.<\/p>\n\n\n\n<h2 class=\"wp-block-heading\"><strong>Propri\u00e9t\u00e9 intellectuelle<\/strong><\/h2>\n\n\n\n<p>Sofern nicht anders angegeben, bleiben alle auf der Website zug\u00e4nglichen Elemente (Texte, Bilder, Grafiken, Logos, Icons, T\u00f6ne, Software usw.) hinsichtlich der geistigen Eigentumsrechte oder der Nutzungsrechte das ausschlie\u00dfliche Eigentum ihrer Autoren.<a href=\"https:\/\/www.webexpress.fr\/actualite\/focus\/modele-de-mentions-legales-complet-et-gratuit\/#fn-7013-1\" target=\"_blank\" rel=\"noreferrer noopener\">&nbsp;<sup>1<\/sup><\/a><\/p>\n\n\n\n<p>Jede Vervielf\u00e4ltigung, Darstellung, \u00c4nderung, Ver\u00f6ffentlichung und Anpassung aller oder eines Teils der Elemente der Website, unabh\u00e4ngig von den verwendeten Mitteln oder Verfahren, ist ohne vorherige schriftliche Genehmigung des Autors untersagt.<a href=\"https:\/\/www.webexpress.fr\/actualite\/focus\/modele-de-mentions-legales-complet-et-gratuit\/#fn-7013-2\" target=\"_blank\" rel=\"noreferrer noopener\"><sup>2<\/sup><\/a><a href=\"https:\/\/www.webexpress.fr\/actualite\/focus\/modele-de-mentions-legales-complet-et-gratuit\/#fn-7013-3\" target=\"_blank\" rel=\"noreferrer noopener\"><sup>3<\/sup><\/a><\/p>\n\n\n\n<p>Jede nicht genehmigte Nutzung der Website oder eines ihrer Elemente gilt als F\u00e4lschung und wird strafrechtlich verfolgt.<a href=\"https:\/\/www.webexpress.fr\/actualite\/focus\/modele-de-mentions-legales-complet-et-gratuit\/#fn-7013-9\" target=\"_blank\" rel=\"noreferrer noopener\">&nbsp;<sup>4<\/sup><\/a><\/p>\n\n\n\n<p>Die auf der Website wiedergegebenen Marken und Logos sind von den Unternehmen, die ihre Eigent\u00fcmer sind, registriert.<\/p>\n\n\n\n<h2 class=\"wp-block-heading\"><strong>Liens<\/strong><\/h2>\n\n\n\n<p><strong>Ausgehende Links<\/strong><\/p>\n\n\n\n<p>Der Eigent\u00fcmer der Website lehnt jede Verantwortung ab und ist nicht verpflichtet, \u00fcber Hyperlinks auf Ressourcen Dritter im Internet zu verweisen, sowohl was deren Inhalt als auch deren Relevanz betrifft.<\/p>\n\n\n\n<p><strong>Eingehende Links<\/strong><\/p>\n\n\n\n<p>Der Eigent\u00fcmer der Website erlaubt Hyperlinks zu einer der Seiten dieser Website, sofern diese ein neues Fenster \u00f6ffnen und unmissverst\u00e4ndlich dargestellt werden, um zu verhindern, dass :<\/p>\n\n\n\n<ul class=\"wp-block-list\">\n<li>jegliche Verwechslungsgefahr zwischen der zitierenden Seite und dem Besitzer der Seite<\/li>\n\n\n\n<li>sowie jede tendenzi\u00f6se Darstellung oder jede Darstellung, die gegen geltende Gesetze verst\u00f6\u00dft.<\/li>\n<\/ul>\n\n\n\n<p>Der Besitzer der Seite beh\u00e4lt sich das Recht vor, die Entfernung eines Links zu verlangen, wenn er der Meinung ist, dass die Quellseite die so definierten Regeln nicht einh\u00e4lt.<\/p>\n\n\n\n<h2 class=\"wp-block-heading\"><strong>Confidentialit\u00e9<\/strong><\/h2>\n\n\n\n<p>Jeder Nutzer hat das Recht, auf die ihn betreffenden pers\u00f6nlichen Daten zuzugreifen, sie zu berichtigen und dagegen Einspruch zu erheben, indem er einen schriftlichen und unterschriebenen Antrag stellt, dem ein Identit\u00e4tsnachweis beiliegt.<\/p>\n\n\n\n<p>Le site ne recueille pas d\u2019informations personnelles, et n\u2019est pas assujetti \u00e0 d\u00e9claration \u00e0 la CNIL.<\/p>\n\n\n<div class=\"kk-star-ratings kksr-auto kksr-align-center kksr-valign-bottom kksr-disabled\"\n    data-payload='{&quot;align&quot;:&quot;center&quot;,&quot;id&quot;:&quot;208&quot;,&quot;readonly&quot;:&quot;1&quot;,&quot;slug&quot;:&quot;default&quot;,&quot;valign&quot;:&quot;bottom&quot;,&quot;ignore&quot;:&quot;&quot;,&quot;reference&quot;:&quot;auto&quot;,&quot;class&quot;:&quot;&quot;,&quot;count&quot;:&quot;0&quot;,&quot;legendonly&quot;:&quot;&quot;,&quot;score&quot;:&quot;0&quot;,&quot;starsonly&quot;:&quot;&quot;,&quot;best&quot;:&quot;5&quot;,&quot;gap&quot;:&quot;4&quot;,&quot;greet&quot;:&quot;Notez cet article&quot;,&quot;legend&quot;:&quot;0\\\/5 - (0 votes)&quot;,&quot;size&quot;:&quot;24&quot;,&quot;title&quot;:&quot;Mentions l\u00e9gales&quot;,&quot;width&quot;:&quot;0&quot;,&quot;_legend&quot;:&quot;{score}\\\/{best} - ({count} {votes})&quot;,&quot;font_factor&quot;:&quot;1.25&quot;}'>\n            \n<div class=\"kksr-stars\">\n    \n<div class=\"kksr-stars-inactive\">\n            <div class=\"kksr-star\" data-star=\"1\" style=\"padding-right: 4px\">\n            \n\n<div class=\"kksr-icon\" style=\"width: 24px; height: 24px;\"><\/div>\n        <\/div>\n            <div class=\"kksr-star\" data-star=\"2\" style=\"padding-right: 4px\">\n            \n\n<div class=\"kksr-icon\" style=\"width: 24px; height: 24px;\"><\/div>\n        <\/div>\n            <div class=\"kksr-star\" data-star=\"3\" style=\"padding-right: 4px\">\n            \n\n<div class=\"kksr-icon\" style=\"width: 24px; height: 24px;\"><\/div>\n        <\/div>\n            <div class=\"kksr-star\" data-star=\"4\" style=\"padding-right: 4px\">\n            \n\n<div class=\"kksr-icon\" style=\"width: 24px; height: 24px;\"><\/div>\n        <\/div>\n            <div class=\"kksr-star\" data-star=\"5\" style=\"padding-right: 4px\">\n            \n\n<div class=\"kksr-icon\" style=\"width: 24px; height: 24px;\"><\/div>\n        <\/div>\n    <\/div>\n    \n<div class=\"kksr-stars-active\" style=\"width: 0px;\">\n            <div class=\"kksr-star\" style=\"padding-right: 4px\">\n            \n\n<div class=\"kksr-icon\" style=\"width: 24px; height: 24px;\"><\/div>\n        <\/div>\n            <div class=\"kksr-star\" style=\"padding-right: 4px\">\n            \n\n<div class=\"kksr-icon\" style=\"width: 24px; height: 24px;\"><\/div>\n        <\/div>\n            <div class=\"kksr-star\" style=\"padding-right: 4px\">\n            \n\n<div class=\"kksr-icon\" style=\"width: 24px; height: 24px;\"><\/div>\n        <\/div>\n            <div class=\"kksr-star\" style=\"padding-right: 4px\">\n            \n\n<div class=\"kksr-icon\" style=\"width: 24px; height: 24px;\"><\/div>\n        <\/div>\n            <div class=\"kksr-star\" style=\"padding-right: 4px\">\n            \n\n<div class=\"kksr-icon\" style=\"width: 24px; height: 24px;\"><\/div>\n        <\/div>\n    <\/div>\n<\/div>\n                \n\n<div class=\"kksr-legend\" style=\"font-size: 19.2px;\">\n            <span class=\"kksr-muted\">Diesen Artikel bewerten<\/span>\n    <\/div>\n    <\/div>","protected":false},"excerpt":{"rendered":"<p>H\u00e9bergeur :InfomaniakRue Eug\u00e8ne-Marziano 251227 Les Acacias \u2013 Suissehttps:\/\/www.infomaniak.com Conditions d\u2019utilisation L\u2019utilisation du pr\u00e9sent site implique l\u2019acceptation pleine et enti\u00e8re des conditions g\u00e9n\u00e9rales d\u2019utilisation d\u00e9crites ci-apr\u00e8s. Ces conditions d\u2019utilisation sont susceptibles d\u2019\u00eatre modifi\u00e9es ou compl\u00e9t\u00e9es \u00e0 tout moment. Informations Les informations et documents du site sont pr\u00e9sent\u00e9s \u00e0 titre indicatif, n\u2019ont pas de caract\u00e8re exhaustif, et [&hellip;]<\/p>\n","protected":false},"author":1,"featured_media":0,"parent":0,"menu_order":0,"comment_status":"closed","ping_status":"closed","template":"","meta":{"_et_pb_use_builder":"","_et_pb_old_content":"","_et_gb_content_width":"","om_disable_all_campaigns":false,"footnotes":""},"class_list":["post-208","page","type-page","status-publish","hentry"],"yoast_head":"<!-- This site is optimized with the Yoast SEO plugin v27.4 - https:\/\/yoast.com\/product\/yoast-seo-wordpress\/ -->\n<title>Mentions l\u00e9gales - MYM Famous<\/title>\n<meta name=\"robots\" content=\"index, follow, max-snippet:-1, max-image-preview:large, max-video-preview:-1\" \/>\n<link rel=\"canonical\" href=\"https:\/\/mymfamous.com\/de_ch\/rechtliche-hinweise\/\" \/>\n<meta property=\"og:locale\" content=\"de_DE\" \/>\n<meta property=\"og:type\" content=\"article\" \/>\n<meta property=\"og:title\" content=\"Mentions l\u00e9gales - MYM Famous\" \/>\n<meta property=\"og:description\" content=\"H\u00e9bergeur :InfomaniakRue Eug\u00e8ne-Marziano 251227 Les Acacias \u2013 Suissehttps:\/\/www.infomaniak.com Conditions d\u2019utilisation L\u2019utilisation du pr\u00e9sent site implique l\u2019acceptation pleine et enti\u00e8re des conditions g\u00e9n\u00e9rales d\u2019utilisation d\u00e9crites ci-apr\u00e8s. Ces conditions d\u2019utilisation sont susceptibles d\u2019\u00eatre modifi\u00e9es ou compl\u00e9t\u00e9es \u00e0 tout moment. Informations Les informations et documents du site sont pr\u00e9sent\u00e9s \u00e0 titre indicatif, n\u2019ont pas de caract\u00e8re exhaustif, et [&hellip;]\" \/>\n<meta property=\"og:url\" content=\"https:\/\/mymfamous.com\/de_ch\/rechtliche-hinweise\/\" \/>\n<meta property=\"og:site_name\" content=\"MYM Famous\" \/>\n<meta property=\"article:modified_time\" content=\"2025-09-23T10:00:42+00:00\" \/>\n<meta property=\"og:image\" content=\"https:\/\/mymfamous.com\/wp-content\/uploads\/2025\/09\/mentions-legales-fr.png\" \/>\n\t<meta property=\"og:image:width\" content=\"932\" \/>\n\t<meta property=\"og:image:height\" content=\"242\" \/>\n\t<meta property=\"og:image:type\" content=\"image\/png\" \/>\n<meta name=\"twitter:card\" content=\"summary_large_image\" \/>\n<meta name=\"twitter:label1\" content=\"Gesch\u00e4tzte Lesezeit\" \/>\n\t<meta name=\"twitter:data1\" content=\"3\u00a0Minuten\" \/>\n<script type=\"application\/ld+json\" class=\"yoast-schema-graph\">{\"@context\":\"https:\\\/\\\/schema.org\",\"@graph\":[{\"@type\":\"WebPage\",\"@id\":\"https:\\\/\\\/mymfamous.com\\\/mentions-legales\",\"url\":\"https:\\\/\\\/mymfamous.com\\\/mentions-legales\",\"name\":\"Mentions l\u00e9gales - MYM Famous\",\"isPartOf\":{\"@id\":\"https:\\\/\\\/mymfamous.com\\\/#website\"},\"primaryImageOfPage\":{\"@id\":\"https:\\\/\\\/mymfamous.com\\\/mentions-legales#primaryimage\"},\"image\":{\"@id\":\"https:\\\/\\\/mymfamous.com\\\/mentions-legales#primaryimage\"},\"thumbnailUrl\":\"https:\\\/\\\/mymfamous.com\\\/wp-content\\\/uploads\\\/2025\\\/09\\\/mentions-legales-fr.png\",\"datePublished\":\"2022-09-29T07:59:10+00:00\",\"dateModified\":\"2025-09-23T10:00:42+00:00\",\"breadcrumb\":{\"@id\":\"https:\\\/\\\/mymfamous.com\\\/mentions-legales#breadcrumb\"},\"inLanguage\":\"de-CH\",\"potentialAction\":[{\"@type\":\"ReadAction\",\"target\":[\"https:\\\/\\\/mymfamous.com\\\/mentions-legales\"]}]},{\"@type\":\"ImageObject\",\"inLanguage\":\"de-CH\",\"@id\":\"https:\\\/\\\/mymfamous.com\\\/mentions-legales#primaryimage\",\"url\":\"https:\\\/\\\/mymfamous.com\\\/wp-content\\\/uploads\\\/2025\\\/09\\\/mentions-legales-fr.png\",\"contentUrl\":\"https:\\\/\\\/mymfamous.com\\\/wp-content\\\/uploads\\\/2025\\\/09\\\/mentions-legales-fr.png\"},{\"@type\":\"BreadcrumbList\",\"@id\":\"https:\\\/\\\/mymfamous.com\\\/mentions-legales#breadcrumb\",\"itemListElement\":[{\"@type\":\"ListItem\",\"position\":1,\"name\":\"Accueil\",\"item\":\"https:\\\/\\\/mymfamous.com\\\/\"},{\"@type\":\"ListItem\",\"position\":2,\"name\":\"Mentions l\u00e9gales\"}]},{\"@type\":\"WebSite\",\"@id\":\"https:\\\/\\\/mymfamous.com\\\/#website\",\"url\":\"https:\\\/\\\/mymfamous.com\\\/\",\"name\":\"MYM Famous\",\"description\":\"Avis MYM Fans : le r\u00e9seau social Priv\u00e9 des Personnalit\u00e9s\",\"potentialAction\":[{\"@type\":\"SearchAction\",\"target\":{\"@type\":\"EntryPoint\",\"urlTemplate\":\"https:\\\/\\\/mymfamous.com\\\/?s={search_term_string}\"},\"query-input\":{\"@type\":\"PropertyValueSpecification\",\"valueRequired\":true,\"valueName\":\"search_term_string\"}}],\"inLanguage\":\"de-CH\"}]}<\/script>\n<!-- \/ Yoast SEO plugin. -->","yoast_head_json":{"title":"Rechtliche Hinweise - MYM Famous","robots":{"index":"index","follow":"follow","max-snippet":"max-snippet:-1","max-image-preview":"max-image-preview:large","max-video-preview":"max-video-preview:-1"},"canonical":"https:\/\/mymfamous.com\/de_ch\/rechtliche-hinweise\/","og_locale":"de_DE","og_type":"article","og_title":"Mentions l\u00e9gales - MYM Famous","og_description":"H\u00e9bergeur :InfomaniakRue Eug\u00e8ne-Marziano 251227 Les Acacias \u2013 Suissehttps:\/\/www.infomaniak.com Conditions d\u2019utilisation L\u2019utilisation du pr\u00e9sent site implique l\u2019acceptation pleine et enti\u00e8re des conditions g\u00e9n\u00e9rales d\u2019utilisation d\u00e9crites ci-apr\u00e8s. Ces conditions d\u2019utilisation sont susceptibles d\u2019\u00eatre modifi\u00e9es ou compl\u00e9t\u00e9es \u00e0 tout moment. Informations Les informations et documents du site sont pr\u00e9sent\u00e9s \u00e0 titre indicatif, n\u2019ont pas de caract\u00e8re exhaustif, et [&hellip;]","og_url":"https:\/\/mymfamous.com\/de_ch\/rechtliche-hinweise\/","og_site_name":"MYM Famous","article_modified_time":"2025-09-23T10:00:42+00:00","og_image":[{"width":932,"height":242,"url":"https:\/\/mymfamous.com\/wp-content\/uploads\/2025\/09\/mentions-legales-fr.png","type":"image\/png"}],"twitter_card":"summary_large_image","twitter_misc":{"Gesch\u00e4tzte Lesezeit":"3\u00a0Minuten"},"schema":{"@context":"https:\/\/schema.org","@graph":[{"@type":"WebPage","@id":"https:\/\/mymfamous.com\/mentions-legales","url":"https:\/\/mymfamous.com\/mentions-legales","name":"Rechtliche Hinweise - MYM Famous","isPartOf":{"@id":"https:\/\/mymfamous.com\/#website"},"primaryImageOfPage":{"@id":"https:\/\/mymfamous.com\/mentions-legales#primaryimage"},"image":{"@id":"https:\/\/mymfamous.com\/mentions-legales#primaryimage"},"thumbnailUrl":"https:\/\/mymfamous.com\/wp-content\/uploads\/2025\/09\/mentions-legales-fr.png","datePublished":"2022-09-29T07:59:10+00:00","dateModified":"2025-09-23T10:00:42+00:00","breadcrumb":{"@id":"https:\/\/mymfamous.com\/mentions-legales#breadcrumb"},"inLanguage":"de-CH","potentialAction":[{"@type":"ReadAction","target":["https:\/\/mymfamous.com\/mentions-legales"]}]},{"@type":"ImageObject","inLanguage":"de-CH","@id":"https:\/\/mymfamous.com\/mentions-legales#primaryimage","url":"https:\/\/mymfamous.com\/wp-content\/uploads\/2025\/09\/mentions-legales-fr.png","contentUrl":"https:\/\/mymfamous.com\/wp-content\/uploads\/2025\/09\/mentions-legales-fr.png"},{"@type":"BreadcrumbList","@id":"https:\/\/mymfamous.com\/mentions-legales#breadcrumb","itemListElement":[{"@type":"ListItem","position":1,"name":"Accueil","item":"https:\/\/mymfamous.com\/"},{"@type":"ListItem","position":2,"name":"Mentions l\u00e9gales"}]},{"@type":"WebSite","@id":"https:\/\/mymfamous.com\/#website","url":"https:\/\/mymfamous.com\/","name":"MYM Famous","description":"MYM Fans: Das private soziale Netzwerk f\u00fcr Prominente","potentialAction":[{"@type":"SearchAction","target":{"@type":"EntryPoint","urlTemplate":"https:\/\/mymfamous.com\/?s={search_term_string}"},"query-input":{"@type":"PropertyValueSpecification","valueRequired":true,"valueName":"search_term_string"}}],"inLanguage":"de-CH"}]}},"jetpack_sharing_enabled":true,"_links":{"self":[{"href":"https:\/\/mymfamous.com\/de_ch\/wp-json\/wp\/v2\/pages\/208","targetHints":{"allow":["GET"]}}],"collection":[{"href":"https:\/\/mymfamous.com\/de_ch\/wp-json\/wp\/v2\/pages"}],"about":[{"href":"https:\/\/mymfamous.com\/de_ch\/wp-json\/wp\/v2\/types\/page"}],"author":[{"embeddable":true,"href":"https:\/\/mymfamous.com\/de_ch\/wp-json\/wp\/v2\/users\/1"}],"replies":[{"embeddable":true,"href":"https:\/\/mymfamous.com\/de_ch\/wp-json\/wp\/v2\/comments?post=208"}],"version-history":[{"count":4,"href":"https:\/\/mymfamous.com\/de_ch\/wp-json\/wp\/v2\/pages\/208\/revisions"}],"predecessor-version":[{"id":461,"href":"https:\/\/mymfamous.com\/de_ch\/wp-json\/wp\/v2\/pages\/208\/revisions\/461"}],"wp:attachment":[{"href":"https:\/\/mymfamous.com\/de_ch\/wp-json\/wp\/v2\/media?parent=208"}],"curies":[{"name":"wp","href":"https:\/\/api.w.org\/{rel}","templated":true}]}}