{"id":29,"date":"2021-09-10T15:08:13","date_gmt":"2021-09-10T15:08:13","guid":{"rendered":"https:\/\/mymfamous.com\/?page_id=29"},"modified":"2022-11-05T04:27:22","modified_gmt":"2022-11-05T04:27:22","slug":"mym-fans-gratuit-hack","status":"publish","type":"page","link":"https:\/\/mymfamous.com\/el\/mym-fans-gratuit-hack","title":{"rendered":"\u0394\u03c9\u03c1\u03b5\u03ac\u03bd \u03b1\u03bd\u03b5\u03bc\u03b9\u03c3\u03c4\u03ae\u03c1\u03b5\u03c2 Mym (Hack): \u03a0\u03ce\u03c2 \u03bc\u03c0\u03bf\u03c1\u03ce \u03bd\u03b1 \u03b4\u03c9 \u03c4\u03b9\u03c2 \u03c6\u03c9\u03c4\u03bf\u03b3\u03c1\u03b1\u03c6\u03af\u03b5\u03c2 \u03c7\u03c9\u03c1\u03af\u03c2 \u03bd\u03b1 \u03c0\u03bb\u03b7\u03c1\u03ce\u03c3\u03c9;"},"content":{"rendered":"<p>[et_pb_section fb_built=\u00a0\u00bb1&Prime; _builder_version=\u00a0\u00bb4.10.5&Prime; _module_preset=\u00a0\u00bbdefault\u00a0\u00bb custom_padding=\u00a0\u00bb12px|||||\u00a0\u00bb global_colors_info=\u00a0\u00bb{}\u00a0\u00bb][et_pb_row _builder_version=\u00a0\u00bb4.10.5&Prime; _module_preset=\u00a0\u00bbdefault\u00a0\u00bb global_colors_info=\u00a0\u00bb{}\u00a0\u00bb][et_pb_column type=\u00a0\u00bb4_4&Prime; _builder_version=\u00a0\u00bb4.10.5&Prime; _module_preset=\u00a0\u00bbdefault\u00a0\u00bb global_colors_info=\u00a0\u00bb{}\u00a0\u00bb][et_pb_text _builder_version=\u00a0\u00bb4.10.5&Prime; _module_preset=\u00a0\u00bbdefault\u00a0\u00bb header_font=\u00a0\u00bbOswald||||||||\u00a0\u00bb global_colors_info=\u00a0\u00bb{}\u00a0\u00bb]<\/p>\n<h1 style=\"text-align: center;\">Mym Fans Gratuit (Hack) : Comment voir les photos sans payer ?<\/h1>\n<p>[\/et_pb_text][et_pb_text _builder_version=\u00a0\u00bb4.10.5&Prime; _module_preset=\u00a0\u00bbdefault\u00a0\u00bb header_font=\u00a0\u00bbOswald||||||||\u00a0\u00bb global_colors_info=\u00a0\u00bb{}\u00a0\u00bb]<\/p>\n<p>Voulez-vous obtenir un acc\u00e8s \u00e0 tous les profils priv\u00e9s MYM de fa\u00e7on gratuite\u2009?<\/p>\n<p>Si oui, voici quelques astuces qui vous seront utiles. Nous vous invitons \u00e0 lire cet article jusqu\u2019\u00e0 la fin pour tout savoir. Mais avant, soyez vigilant, car plusieurs personnes peuvent vous dire qu\u2019il existe plusieurs moyens pour acc\u00e9der aux vid\u00e9os et photos via un compte MYM alors qu\u2019il n\u2019en est rien. Ce sont simplement des arnaqueurs\u2009! Nous reparlerons de ce point un peu plus loin.<\/p>\n<p>[\/et_pb_text][et_pb_text _builder_version=\u00a0\u00bb4.10.5&Prime; _module_preset=\u00a0\u00bbdefault\u00a0\u00bb header_font=\u00a0\u00bbOswald||||||||\u00a0\u00bb global_colors_info=\u00a0\u00bb{}\u00a0\u00bb]<\/p>\n<h1>Acc\u00e9der gratuitement \u00e0 MYM.Fans<\/h1>\n<p>Si vous souhaitez avoir un acc\u00e8s gratuit \u00e0 MYM afin de lire les vid\u00e9os et visualiser les photos, il vous faudra savoir que tout d\u00e9pend du cr\u00e9ateur ou de la cr\u00e9atrice.<\/p>\n<p>En effet, il lui revient de dire si ladite photo ou vid\u00e9o peut \u00eatre vue par le public ou non. Seules les photos accessibles au public peuvent \u00eatre vues gratuitement. Vous n\u2019aurez pas besoin d\u2019utiliser votre carte bancaire avant d\u2019y acc\u00e9der. Mais si le contenu est en mode \u00ab priv\u00e9 \u00bb, seuls les abonn\u00e9s pourront y acc\u00e9der parce qu\u2019ils payent mensuellement pour cela. Pour les autres, elles seront flout\u00e9es. Pour plus d\u2019\u00e9claircissements, veuillez lire notre <a href=\"https:\/\/mymfamous.com\/\">avis MYM<\/a>.<\/p>\n<p>\u00c9videmment, vous ne pouvez acc\u00e9der qu\u2019\u00e0 tr\u00e8s peu de contenu, car il s&rsquo;agit du business des mod\u00e8les. Ces derniers sont pay\u00e9s gr\u00e2ce aux abonnements et les abonn\u00e9s doivent absolument recevoir beaucoup plus.<\/p>\n<p>En d\u2019autres mots, l\u2019acc\u00e8s libre aux contenus n\u2019est pas possible lorsque le cr\u00e9ateur les met volontairement en mode \u00ab\u2009public\u2009\u00bb sur le site.<\/p>\n<p>[\/et_pb_text][et_pb_text _builder_version=\u00a0\u00bb4.10.5&Prime; _module_preset=\u00a0\u00bbdefault\u00a0\u00bb header_font=\u00a0\u00bbOswald||||||||\u00a0\u00bb global_colors_info=\u00a0\u00bb{}\u00a0\u00bb]<\/p>\n<h1>Hack MYM et Crack MYM<\/h1>\n<p>Vous avez certainement entendu dire qu\u2019il existe des cracks MYM et des hacks MYM.<\/p>\n<p>Cependant, il est indispensable de savoir que ces sites sont cr\u00e9\u00e9s par des arnaqueurs qui exigent aux utilisateurs l\u2019usage de leur carte bancaire. Ils demandent aussi de renseigner une fiche d\u2019enqu\u00eate ou de t\u00e9l\u00e9charger un logiciel pour acc\u00e9der \u00e0 MYM. Aucun hack MYM fans ne peut vous garantir l\u2019acc\u00e8s gratuit aux photos et aux vid\u00e9os.<\/p>\n<p>En effectuant le t\u00e9l\u00e9chargement du hack MYM fans, vous \u00eates s\u00fbr d\u2019infecter votre ordinateur et de subir des attaques.<\/p>\n<p>Oubliez tous ces faux sites et logiciels, car ils vous feront uniquement perdre du temps.<\/p>\n<p>[\/et_pb_text][et_pb_image src=\u00a0\u00bbhttps:\/\/mymfamous.com\/wp-content\/uploads\/2021\/09\/Capture-de\u0301cran-2021-09-10-a\u0300-17.05.41.jpg\u00a0\u00bb alt=\u00a0\u00bbmyfans gratuit hack\u00a0\u00bb title_text=\u00a0\u00bbmyfans gratuit hack\u00a0\u00bb align=\u00a0\u00bbcenter\u00a0\u00bb _builder_version=\u00a0\u00bb4.10.5&Prime; _module_preset=\u00a0\u00bbdefault\u00a0\u00bb width=\u00a0\u00bb50%\u00a0\u00bb width_tablet=\u00a0\u00bb100%\u00a0\u00bb width_phone=\u00a0\u00bb100%\u00a0\u00bb width_last_edited=\u00a0\u00bbon|desktop\u00a0\u00bb global_colors_info=\u00a0\u00bb{}\u00a0\u00bb][\/et_pb_image][et_pb_text _builder_version=\u00a0\u00bb4.10.5&Prime; _module_preset=\u00a0\u00bbdefault\u00a0\u00bb header_font=\u00a0\u00bbOswald||||||||\u00a0\u00bb global_colors_info=\u00a0\u00bb{}\u00a0\u00bb]<\/p>\n<h1>MYM Fans Leaks<\/h1>\n<p>Si vous d\u00e9sirez acc\u00e9der \u00e0 MYM sans vous abonner, ne pensez m\u00eame pas que vous pouvez d\u00e9flouter les diff\u00e9rentes images\u2009!<\/p>\n<p>S\u2019il s\u2019av\u00e9rait que des cr\u00e9ateurs d\u00e9couvrent que certaines de leurs photos leaks se retrouvent ailleurs, l\u2019\u00e9quipe de MYM a pris toutes les dispositions pour les tracker et les supprimer. C\u2019est la raison pour laquelle il n\u2019est pas possible de retrouver ce type de contenus sur internet.<\/p>\n<p>Presque tous les sites de leaks exigent aux utilisateurs de s\u2019abonner. Ce faisant, vous mettez en danger vos informations bancaires. S\u2019il en est ainsi, n\u2019est-il pas mieux de les fournir sur le vrai site MYM, fiable et d\u00e9tenu par une soci\u00e9t\u00e9 fran\u00e7aise?<\/p>\n<p>[\/et_pb_text][et_pb_text _builder_version=\u00a0\u00bb4.10.5&Prime; _module_preset=\u00a0\u00bbdefault\u00a0\u00bb header_font=\u00a0\u00bbOswald||||||||\u00a0\u00bb global_colors_info=\u00a0\u00bb{}\u00a0\u00bb]<\/p>\n<h1>Conclusion<\/h1>\n<p>Pour voir gratuitement du contenu MYM sur le compte d\u2019une personne, il faudrait que ce dernier mette le contenu en public. Non seulement les leaks sont ill\u00e9gaux, mais on les efface tr\u00e8s vite des sites. Ne cherchez plus \u00e0 avoir un crack MYM ou un hack MYM ! Ce n\u2019est pas possible non plus d&rsquo;en avoir car la plateforme est tr\u00e8s bien prot\u00e9g\u00e9e. En cas de propositions, vous avez certainement affaire \u00e0 des arnaqueurs.<\/p>\n<p>[\/et_pb_text][\/et_pb_column][\/et_pb_row][et_pb_row column_structure=\u00a0\u00bb1_2,1_2&Prime; _builder_version=\u00a0\u00bb4.10.5&Prime; _module_preset=\u00a0\u00bbdefault\u00a0\u00bb global_colors_info=\u00a0\u00bb{}\u00a0\u00bb][et_pb_column type=\u00a0\u00bb1_2&Prime; _builder_version=\u00a0\u00bb4.10.5&Prime; _module_preset=\u00a0\u00bbdefault\u00a0\u00bb global_colors_info=\u00a0\u00bb{}\u00a0\u00bb][et_pb_button button_url=\u00a0\u00bbhttps:\/\/mym.link\/m4111&Prime; button_text=\u00a0\u00bbS&rsquo;inscrire sur MYM Fans en tant que Cr\u00e9ateur\u00a0\u00bb button_alignment=\u00a0\u00bbright\u00a0\u00bb button_alignment_tablet=\u00a0\u00bbcenter\u00a0\u00bb button_alignment_phone=\u00a0\u00bbcenter\u00a0\u00bb button_alignment_last_edited=\u00a0\u00bbon|tablet\u00a0\u00bb _builder_version=\u00a0\u00bb4.10.5&Prime; _module_preset=\u00a0\u00bbdefault\u00a0\u00bb custom_button=\u00a0\u00bbon\u00a0\u00bb button_text_color=\u00a0\u00bb#FFFFFF\u00a0\u00bb button_bg_color=\u00a0\u00bb#f9577b\u00a0\u00bb button_use_icon=\u00a0\u00bboff\u00a0\u00bb global_colors_info=\u00a0\u00bb{}\u00a0\u00bb][\/et_pb_button][\/et_pb_column][et_pb_column type=\u00a0\u00bb1_2&Prime; _builder_version=\u00a0\u00bb4.10.5&Prime; _module_preset=\u00a0\u00bbdefault\u00a0\u00bb global_colors_info=\u00a0\u00bb{}\u00a0\u00bb][et_pb_button button_url=\u00a0\u00bbhttps:\/\/mym.link\/a4111&Prime; button_text=\u00a0\u00bbS&rsquo;inscrire sur MYM Fans en tant qu&rsquo;Ambassadeur\u00a0\u00bb button_alignment=\u00a0\u00bbleft\u00a0\u00bb button_alignment_tablet=\u00a0\u00bbcenter\u00a0\u00bb button_alignment_phone=\u00a0\u00bbcenter\u00a0\u00bb button_alignment_last_edited=\u00a0\u00bbon|tablet\u00a0\u00bb _builder_version=\u00a0\u00bb4.10.5&Prime; _module_preset=\u00a0\u00bbdefault\u00a0\u00bb custom_button=\u00a0\u00bbon\u00a0\u00bb button_text_color=\u00a0\u00bb#FFFFFF\u00a0\u00bb button_bg_color=\u00a0\u00bb#62c8cd\u00a0\u00bb button_use_icon=\u00a0\u00bboff\u00a0\u00bb global_colors_info=\u00a0\u00bb{}\u00a0\u00bb][\/et_pb_button][\/et_pb_column][\/et_pb_row][\/et_pb_section]<\/p>\n\n\n<div class=\"kk-star-ratings kksr-auto kksr-align-center kksr-valign-bottom kksr-disabled\"\n    data-payload='{&quot;align&quot;:&quot;center&quot;,&quot;id&quot;:&quot;29&quot;,&quot;readonly&quot;:&quot;1&quot;,&quot;slug&quot;:&quot;default&quot;,&quot;valign&quot;:&quot;bottom&quot;,&quot;ignore&quot;:&quot;&quot;,&quot;reference&quot;:&quot;auto&quot;,&quot;class&quot;:&quot;&quot;,&quot;count&quot;:&quot;562&quot;,&quot;legendonly&quot;:&quot;&quot;,&quot;score&quot;:&quot;4&quot;,&quot;starsonly&quot;:&quot;&quot;,&quot;best&quot;:&quot;5&quot;,&quot;gap&quot;:&quot;4&quot;,&quot;greet&quot;:&quot;Notez cet article&quot;,&quot;legend&quot;:&quot;4\\\/5 - (562 votes)&quot;,&quot;size&quot;:&quot;24&quot;,&quot;title&quot;:&quot;Mym Fans Gratuit (Hack) : Comment voir les photos sans payer ?&quot;,&quot;width&quot;:&quot;110&quot;,&quot;_legend&quot;:&quot;{score}\\\/{best} - ({count} {votes})&quot;,&quot;font_factor&quot;:&quot;1.25&quot;}'>\n            \n<div class=\"kksr-stars\">\n    \n<div class=\"kksr-stars-inactive\">\n            <div class=\"kksr-star\" data-star=\"1\" style=\"padding-right: 4px\">\n            \n\n<div class=\"kksr-icon\" style=\"width: 24px; height: 24px;\"><\/div>\n        <\/div>\n            <div class=\"kksr-star\" data-star=\"2\" style=\"padding-right: 4px\">\n            \n\n<div class=\"kksr-icon\" style=\"width: 24px; height: 24px;\"><\/div>\n        <\/div>\n            <div class=\"kksr-star\" data-star=\"3\" style=\"padding-right: 4px\">\n            \n\n<div class=\"kksr-icon\" style=\"width: 24px; height: 24px;\"><\/div>\n        <\/div>\n            <div class=\"kksr-star\" data-star=\"4\" style=\"padding-right: 4px\">\n            \n\n<div class=\"kksr-icon\" style=\"width: 24px; height: 24px;\"><\/div>\n        <\/div>\n            <div class=\"kksr-star\" data-star=\"5\" style=\"padding-right: 4px\">\n            \n\n<div class=\"kksr-icon\" style=\"width: 24px; height: 24px;\"><\/div>\n        <\/div>\n    <\/div>\n    \n<div class=\"kksr-stars-active\" style=\"width: 110px;\">\n            <div class=\"kksr-star\" style=\"padding-right: 4px\">\n            \n\n<div class=\"kksr-icon\" style=\"width: 24px; height: 24px;\"><\/div>\n        <\/div>\n            <div class=\"kksr-star\" style=\"padding-right: 4px\">\n            \n\n<div class=\"kksr-icon\" style=\"width: 24px; height: 24px;\"><\/div>\n        <\/div>\n            <div class=\"kksr-star\" style=\"padding-right: 4px\">\n            \n\n<div class=\"kksr-icon\" style=\"width: 24px; height: 24px;\"><\/div>\n        <\/div>\n            <div class=\"kksr-star\" style=\"padding-right: 4px\">\n            \n\n<div class=\"kksr-icon\" style=\"width: 24px; height: 24px;\"><\/div>\n        <\/div>\n            <div class=\"kksr-star\" style=\"padding-right: 4px\">\n            \n\n<div class=\"kksr-icon\" style=\"width: 24px; height: 24px;\"><\/div>\n        <\/div>\n    <\/div>\n<\/div>\n                \n\n<div class=\"kksr-legend\" style=\"font-size: 19.2px;\">\n            4\/5 - (562 votes)    <\/div>\n    <\/div>\n","protected":false},"excerpt":{"rendered":"<p>Mym Fans Gratuit (Hack) : Comment voir les photos sans payer ?Voulez-vous obtenir un acc\u00e8s \u00e0 tous les profils priv\u00e9s MYM de fa\u00e7on gratuite\u2009? Si oui, voici quelques astuces qui vous seront utiles. Nous vous invitons \u00e0 lire cet article jusqu\u2019\u00e0 la fin pour tout savoir. Mais avant, soyez vigilant, car plusieurs personnes peuvent vous [&hellip;]<\/p>\n","protected":false},"author":1,"featured_media":0,"parent":0,"menu_order":0,"comment_status":"closed","ping_status":"closed","template":"","meta":{"_et_pb_use_builder":"on","_et_pb_old_content":"<!-- wp:divi\/placeholder \/-->","_et_gb_content_width":"","om_disable_all_campaigns":false,"footnotes":""},"class_list":["post-29","page","type-page","status-publish","hentry"],"yoast_head":"<!-- This site is optimized with the Yoast SEO plugin v27.3 - https:\/\/yoast.com\/product\/yoast-seo-wordpress\/ -->\n<title>Mym Fans Gratuit (Hack) : Comment voir les photos sans payer ? - MYM Famous<\/title>\n<meta name=\"robots\" content=\"index, follow, max-snippet:-1, max-image-preview:large, max-video-preview:-1\" \/>\n<link rel=\"canonical\" href=\"https:\/\/mymfamous.com\/el\/mym-fans-free-hack\/\" \/>\n<meta property=\"og:locale\" content=\"el_GR\" \/>\n<meta property=\"og:type\" content=\"article\" \/>\n<meta property=\"og:title\" content=\"Mym Fans Gratuit (Hack) : Comment voir les photos sans payer ? - MYM Famous\" \/>\n<meta property=\"og:description\" content=\"Mym Fans Gratuit (Hack) : Comment voir les photos sans payer ?Voulez-vous obtenir un acc\u00e8s \u00e0 tous les profils priv\u00e9s MYM de fa\u00e7on gratuite\u2009? Si oui, voici quelques astuces qui vous seront utiles. Nous vous invitons \u00e0 lire cet article jusqu\u2019\u00e0 la fin pour tout savoir. Mais avant, soyez vigilant, car plusieurs personnes peuvent vous [&hellip;]\" \/>\n<meta property=\"og:url\" content=\"https:\/\/mymfamous.com\/el\/mym-fans-free-hack\/\" \/>\n<meta property=\"og:site_name\" content=\"MYM Famous\" \/>\n<meta property=\"article:modified_time\" content=\"2022-11-05T04:27:22+00:00\" \/>\n<meta name=\"twitter:card\" content=\"summary_large_image\" \/>\n<meta name=\"twitter:label1\" content=\"\u0395\u03ba\u03c4\u03b9\u03bc\u03ce\u03bc\u03b5\u03bd\u03bf\u03c2 \u03c7\u03c1\u03cc\u03bd\u03bf\u03c2 \u03b1\u03bd\u03ac\u03b3\u03bd\u03c9\u03c3\u03b7\u03c2\" \/>\n\t<meta name=\"twitter:data1\" content=\"3 \u03bb\u03b5\u03c0\u03c4\u03ac\" \/>\n<script type=\"application\/ld+json\" class=\"yoast-schema-graph\">{\"@context\":\"https:\\\/\\\/schema.org\",\"@graph\":[{\"@type\":\"WebPage\",\"@id\":\"https:\\\/\\\/mymfamous.com\\\/de\\\/mym-fans-frei-hack\",\"url\":\"https:\\\/\\\/mymfamous.com\\\/de\\\/mym-fans-frei-hack\",\"name\":\"Mym Fans Gratuit (Hack) : Comment voir les photos sans payer ? - MYM Famous\",\"isPartOf\":{\"@id\":\"https:\\\/\\\/mymfamous.com\\\/#website\"},\"datePublished\":\"2021-09-10T15:08:13+00:00\",\"dateModified\":\"2022-11-05T04:27:22+00:00\",\"breadcrumb\":{\"@id\":\"https:\\\/\\\/mymfamous.com\\\/de\\\/mym-fans-frei-hack#breadcrumb\"},\"inLanguage\":\"el\",\"potentialAction\":[{\"@type\":\"ReadAction\",\"target\":[\"https:\\\/\\\/mymfamous.com\\\/de\\\/mym-fans-frei-hack\"]}]},{\"@type\":\"BreadcrumbList\",\"@id\":\"https:\\\/\\\/mymfamous.com\\\/de\\\/mym-fans-frei-hack#breadcrumb\",\"itemListElement\":[{\"@type\":\"ListItem\",\"position\":1,\"name\":\"Accueil\",\"item\":\"https:\\\/\\\/mymfamous.com\\\/\"},{\"@type\":\"ListItem\",\"position\":2,\"name\":\"Mym Fans Gratuit (Hack) : Comment voir les photos sans payer ?\"}]},{\"@type\":\"WebSite\",\"@id\":\"https:\\\/\\\/mymfamous.com\\\/#website\",\"url\":\"https:\\\/\\\/mymfamous.com\\\/\",\"name\":\"MYM Famous\",\"description\":\"Avis MYM Fans : le r\u00e9seau social Priv\u00e9 des Personnalit\u00e9s\",\"potentialAction\":[{\"@type\":\"SearchAction\",\"target\":{\"@type\":\"EntryPoint\",\"urlTemplate\":\"https:\\\/\\\/mymfamous.com\\\/?s={search_term_string}\"},\"query-input\":{\"@type\":\"PropertyValueSpecification\",\"valueRequired\":true,\"valueName\":\"search_term_string\"}}],\"inLanguage\":\"el\"}]}<\/script>\n<!-- \/ Yoast SEO plugin. -->","yoast_head_json":{"title":"\u0394\u03c9\u03c1\u03b5\u03ac\u03bd \u03b1\u03bd\u03b5\u03bc\u03b9\u03c3\u03c4\u03ae\u03c1\u03b5\u03c2 Mym (Hack): \u03a0\u03ce\u03c2 \u03bd\u03b1 \u03b4\u03b5\u03af\u03c4\u03b5 \u03c6\u03c9\u03c4\u03bf\u03b3\u03c1\u03b1\u03c6\u03af\u03b5\u03c2 \u03c7\u03c9\u03c1\u03af\u03c2 \u03bd\u03b1 \u03c0\u03bb\u03b7\u03c1\u03ce\u03c3\u03b5\u03c4\u03b5; - MYM \u0394\u03b9\u03ac\u03c3\u03b7\u03bc\u03bf\u03b9","robots":{"index":"index","follow":"follow","max-snippet":"max-snippet:-1","max-image-preview":"max-image-preview:large","max-video-preview":"max-video-preview:-1"},"canonical":"https:\/\/mymfamous.com\/el\/mym-fans-free-hack\/","og_locale":"el_GR","og_type":"article","og_title":"Mym Fans Gratuit (Hack) : Comment voir les photos sans payer ? - MYM Famous","og_description":"Mym Fans Gratuit (Hack) : Comment voir les photos sans payer ?Voulez-vous obtenir un acc\u00e8s \u00e0 tous les profils priv\u00e9s MYM de fa\u00e7on gratuite\u2009? Si oui, voici quelques astuces qui vous seront utiles. Nous vous invitons \u00e0 lire cet article jusqu\u2019\u00e0 la fin pour tout savoir. Mais avant, soyez vigilant, car plusieurs personnes peuvent vous [&hellip;]","og_url":"https:\/\/mymfamous.com\/el\/mym-fans-free-hack\/","og_site_name":"MYM Famous","article_modified_time":"2022-11-05T04:27:22+00:00","twitter_card":"summary_large_image","twitter_misc":{"\u0395\u03ba\u03c4\u03b9\u03bc\u03ce\u03bc\u03b5\u03bd\u03bf\u03c2 \u03c7\u03c1\u03cc\u03bd\u03bf\u03c2 \u03b1\u03bd\u03ac\u03b3\u03bd\u03c9\u03c3\u03b7\u03c2":"3 \u03bb\u03b5\u03c0\u03c4\u03ac"},"schema":{"@context":"https:\/\/schema.org","@graph":[{"@type":"WebPage","@id":"https:\/\/mymfamous.com\/de\/mym-fans-frei-hack","url":"https:\/\/mymfamous.com\/de\/mym-fans-frei-hack","name":"\u0394\u03c9\u03c1\u03b5\u03ac\u03bd \u03b1\u03bd\u03b5\u03bc\u03b9\u03c3\u03c4\u03ae\u03c1\u03b5\u03c2 Mym (Hack): \u03a0\u03ce\u03c2 \u03bd\u03b1 \u03b4\u03b5\u03af\u03c4\u03b5 \u03c6\u03c9\u03c4\u03bf\u03b3\u03c1\u03b1\u03c6\u03af\u03b5\u03c2 \u03c7\u03c9\u03c1\u03af\u03c2 \u03bd\u03b1 \u03c0\u03bb\u03b7\u03c1\u03ce\u03c3\u03b5\u03c4\u03b5; - MYM \u0394\u03b9\u03ac\u03c3\u03b7\u03bc\u03bf\u03b9","isPartOf":{"@id":"https:\/\/mymfamous.com\/#website"},"datePublished":"2021-09-10T15:08:13+00:00","dateModified":"2022-11-05T04:27:22+00:00","breadcrumb":{"@id":"https:\/\/mymfamous.com\/de\/mym-fans-frei-hack#breadcrumb"},"inLanguage":"el","potentialAction":[{"@type":"ReadAction","target":["https:\/\/mymfamous.com\/de\/mym-fans-frei-hack"]}]},{"@type":"BreadcrumbList","@id":"https:\/\/mymfamous.com\/de\/mym-fans-frei-hack#breadcrumb","itemListElement":[{"@type":"ListItem","position":1,"name":"Accueil","item":"https:\/\/mymfamous.com\/"},{"@type":"ListItem","position":2,"name":"Mym Fans Gratuit (Hack) : Comment voir les photos sans payer ?"}]},{"@type":"WebSite","@id":"https:\/\/mymfamous.com\/#website","url":"https:\/\/mymfamous.com\/","name":"MYM \u0394\u03b9\u03ac\u03c3\u03b7\u03bc\u03bf\u03b9","description":"MYM Fans \u03ba\u03c1\u03b9\u03c4\u03b9\u03ba\u03ae: \u03c4\u03bf \u03b9\u03b4\u03b9\u03c9\u03c4\u03b9\u03ba\u03cc \u03ba\u03bf\u03b9\u03bd\u03c9\u03bd\u03b9\u03ba\u03cc \u03b4\u03af\u03ba\u03c4\u03c5\u03bf \u03b3\u03b9\u03b1 \u03c0\u03c1\u03bf\u03c3\u03c9\u03c0\u03b9\u03ba\u03cc\u03c4\u03b7\u03c4\u03b5\u03c2","potentialAction":[{"@type":"SearchAction","target":{"@type":"EntryPoint","urlTemplate":"https:\/\/mymfamous.com\/?s={search_term_string}"},"query-input":{"@type":"PropertyValueSpecification","valueRequired":true,"valueName":"search_term_string"}}],"inLanguage":"el"}]}},"jetpack_sharing_enabled":true,"_links":{"self":[{"href":"https:\/\/mymfamous.com\/el\/wp-json\/wp\/v2\/pages\/29","targetHints":{"allow":["GET"]}}],"collection":[{"href":"https:\/\/mymfamous.com\/el\/wp-json\/wp\/v2\/pages"}],"about":[{"href":"https:\/\/mymfamous.com\/el\/wp-json\/wp\/v2\/types\/page"}],"author":[{"embeddable":true,"href":"https:\/\/mymfamous.com\/el\/wp-json\/wp\/v2\/users\/1"}],"replies":[{"embeddable":true,"href":"https:\/\/mymfamous.com\/el\/wp-json\/wp\/v2\/comments?post=29"}],"version-history":[{"count":9,"href":"https:\/\/mymfamous.com\/el\/wp-json\/wp\/v2\/pages\/29\/revisions"}],"predecessor-version":[{"id":215,"href":"https:\/\/mymfamous.com\/el\/wp-json\/wp\/v2\/pages\/29\/revisions\/215"}],"wp:attachment":[{"href":"https:\/\/mymfamous.com\/el\/wp-json\/wp\/v2\/media?parent=29"}],"curies":[{"name":"wp","href":"https:\/\/api.w.org\/{rel}","templated":true}]}}