{"id":171,"date":"2022-07-19T09:15:38","date_gmt":"2022-07-19T09:15:38","guid":{"rendered":"https:\/\/mymfamous.com\/?page_id=171"},"modified":"2023-01-26T08:57:37","modified_gmt":"2023-01-26T08:57:37","slug":"vendre-sextape","status":"publish","type":"page","link":"https:\/\/mymfamous.com\/es\/vendre-sextape","title":{"rendered":"Vendre sa Sextape en 2026 : Guide Complet"},"content":{"rendered":"<p>[et_pb_section fb_built=\u00a0\u00bb1&Prime; _builder_version=\u00a0\u00bb4.10.5&Prime; _module_preset=\u00a0\u00bbdefault\u00a0\u00bb custom_padding=\u00a0\u00bb32px|||||\u00a0\u00bb global_colors_info=\u00a0\u00bb{}\u00a0\u00bb][et_pb_row _builder_version=\u00a0\u00bb4.10.5&Prime; _module_preset=\u00a0\u00bbdefault\u00a0\u00bb global_colors_info=\u00a0\u00bb{}\u00a0\u00bb][et_pb_column type=\u00a0\u00bb4_4&Prime; _builder_version=\u00a0\u00bb4.10.5&Prime; _module_preset=\u00a0\u00bbdefault\u00a0\u00bb global_colors_info=\u00a0\u00bb{}\u00a0\u00bb][et_pb_text _builder_version=\u00a0\u00bb4.10.5&Prime; _module_preset=\u00a0\u00bbdefault\u00a0\u00bb hover_enabled=\u00a0\u00bb0&Prime; global_colors_info=\u00a0\u00bb{}\u00a0\u00bb sticky_enabled=\u00a0\u00bb0&Prime;]<\/p>\n<h1 style=\"text-align: center;\"><strong>Vendre sa Sextape en 2026 : Guide Complet<\/strong><\/h1>\n<p>[\/et_pb_text][et_pb_text _builder_version=\u00a0\u00bb4.10.5&Prime; _module_preset=\u00a0\u00bbdefault\u00a0\u00bb global_colors_info=\u00a0\u00bb{}\u00a0\u00bb]<\/p>\n<p>Vous avez tourn\u00e9 une <strong>vid\u00e9o pornographique ou sexy<\/strong> et vous voulez savoir <strong>comment vous pouvez vendre votre sextape<\/strong>, vous \u00eates au bon endroit.<\/p>\n<p>Aujourd&rsquo;hui, il existe de nombreux r\u00e9seaux sur lesquels vous pouvez vous inscrire et vendre facilement des vid\u00e9os sexuelles.<\/p>\n<p>Dans ce guide \u00e9tape par \u00e9tape, vous apprendrez comment vendre votre sextape en ligne et <strong>comment en tirer le plus d&rsquo;argent possible<\/strong>. Nous vous donnerons \u00e9galement nos <strong>meilleurs conseils<\/strong> pour <strong>d\u00e9buter dans la vente de sextape en ligne<\/strong>.<\/p>\n<p>&nbsp;<\/p>\n<h2>Comment vendre sa sextape ?<\/h2>\n<p>&nbsp;<\/p>\n<h3>Les conditions pour vendre sa sextape<\/h3>\n<p>Voici les conditions de base pour commencer \u00e0 vendre des vid\u00e9os sexuelles :<\/p>\n<ul>\n<li><strong>Avoir au moins 18 ans<\/strong> : Vous ne pouvez pas faire de compromis sur ce point. Il s&rsquo;agit d&rsquo;une limite l\u00e9gale que vous devez respecter selon la loi de votre pays. Vous devez avoir au moins 18 ans (en France) pour pouvoir vendre vos vid\u00e9os sexuelles en ligne. De m\u00eame, toute personne apparaissant dans la vid\u00e9o doit \u00eatre \u00e2g\u00e9e de plus de 18 ans. Que vous vendiez vous-m\u00eame ou par l&rsquo;interm\u00e9diaire d&rsquo;un r\u00e9seau, vous devez v\u00e9rifier votre identit\u00e9.<\/li>\n<li><strong>Avoir des Sextapes \/ vid\u00e9os \u00e0 vendre<\/strong> : Si vous n&rsquo;avez pas encore de sextape ou de videos sexy, vous aurez besoin d&rsquo;une cam\u00e9ra (un t\u00e9l\u00e9phone convient \u00e9galement). Si vous voulez des vid\u00e9os professionnelles, vous devez acheter un appareil photo reflex num\u00e9rique. Vous pouvez les r\u00e9aliser en utilisant une webcam HD avec votre ordinateur portable ou votre ordinateur.<\/li>\n<li><strong>Avoir un ordinateur ou un t\u00e9l\u00e9phone portabl<\/strong>e : Vous avez besoin de l&rsquo;un des deux, soit un ordinateur portable, soit t\u00e9l\u00e9phone portable<\/li>\n<li><strong>Avoir Internet pour uploader vos vid\u00e9os<\/strong> : Si la taille de la vid\u00e9o est importante, il est pr\u00e9f\u00e9rable d&rsquo;avoir la fibre, mais en g\u00e9n\u00e9ral, un Internet \u00e0 d\u00e9bit normal fonctionne \u00e9galement.<\/li>\n<\/ul>\n<p>&nbsp;<\/p>\n<h3>Les meilleurs sites pour vendre sa sextape<\/h3>\n<p>Ici, vous avez deux solutions.<\/p>\n<ul>\n<li>Vous pouvez publier votre sextape sur un <strong>site de vid\u00e9os pornographiques<\/strong> comme Pornhub,\u00a0 dans ce cas vous serez r\u00e9mun\u00e9r\u00e9(e) en fonction des vues.<\/li>\n<li><strong>Cr\u00e9er votre page MYM et publier vos sextapes dessus<\/strong> (la meilleure option \u00e0 nos yeux)<\/li>\n<\/ul>\n<h4><\/h4>\n<h4>MYM : Le meilleur site pour vendre sa sextape<\/h4>\n<p>[\/et_pb_text][et_pb_image src=\u00a0\u00bbhttps:\/\/mymfamous.com\/wp-content\/uploads\/2022\/07\/Capture-de\u0301cran-2022-07-20-a\u0300-07.06.39-scaled.jpg\u00a0\u00bb alt=\u00a0\u00bbvendre sextape\u00a0\u00bb title_text=\u00a0\u00bbvendre sextape\u00a0\u00bb url=\u00a0\u00bbhttps:\/\/mym.link\/m4111&Prime; align=\u00a0\u00bbcenter\u00a0\u00bb _builder_version=\u00a0\u00bb4.10.5&Prime; _module_preset=\u00a0\u00bbdefault\u00a0\u00bb width=\u00a0\u00bb65%\u00a0\u00bb global_colors_info=\u00a0\u00bb{}\u00a0\u00bb][\/et_pb_image][et_pb_text _builder_version=\u00a0\u00bb4.10.5&Prime; _module_preset=\u00a0\u00bbdefault\u00a0\u00bb global_colors_info=\u00a0\u00bb{}\u00a0\u00bb]<\/p>\n<p>MYM est un r\u00e9seau social qui vous permet de cr\u00e9er un fil d&rsquo;actualit\u00e9 contenant du contenu gratuit, et du contenu priv\u00e9 accessible uniquement apr\u00e8s que vos abonn\u00e9s aient souscrit \u00e0 un abonnement payant.<\/p>\n<p>La solution qui fonctionne aujourd&rsquo;hui le mieux pour vendre sa sextape, est de publier des extraits (flout\u00e9s) \/ images promotionnelles de votre sextape en contenu gratuit sur MYM, et de poster l&rsquo;int\u00e9gralit\u00e9 de votre sextape en priv\u00e9 afin que les gens paient pour y avoir acc\u00e8s.<\/p>\n<p>Cette m\u00e9thode est la plus lucrative car elle permet de vendre votre ou vos sextapes sous forme d&rsquo;abonnement, et si vous postez du contenu que vos fans aiment, cela vous garantira une source de revenu stable et croissante.<\/p>\n<p>Onlyfans est \u00e9galement une excellente alternative. Pour maximiser vos revenus, nous vous conseillons de vous inscrire sur les deux plateformes !<\/p>\n<p>[\/et_pb_text][et_pb_button button_url=\u00a0\u00bbhttps:\/\/mym.link\/m4111&Prime; button_text=\u00a0\u00bbS&rsquo;inscrire gratuitement sur MYM\u00a0\u00bb button_alignment=\u00a0\u00bbcenter\u00a0\u00bb _builder_version=\u00a0\u00bb4.10.5&Prime; _module_preset=\u00a0\u00bbdefault\u00a0\u00bb custom_button=\u00a0\u00bbon\u00a0\u00bb button_text_color=\u00a0\u00bb#FFFFFF\u00a0\u00bb button_bg_color=\u00a0\u00bb#ff2374&Prime; global_colors_info=\u00a0\u00bb{}\u00a0\u00bb][\/et_pb_button][et_pb_button button_url=\u00a0\u00bbhttps:\/\/onlyfans.com\/?ref=242286313&Prime; button_text=\u00a0\u00bbS&rsquo;inscrire gratuitement sur Onlyfans\u00a0\u00bb button_alignment=\u00a0\u00bbcenter\u00a0\u00bb _builder_version=\u00a0\u00bb4.10.5&Prime; _module_preset=\u00a0\u00bbdefault\u00a0\u00bb custom_button=\u00a0\u00bbon\u00a0\u00bb button_text_color=\u00a0\u00bb#FFFFFF\u00a0\u00bb button_bg_color=\u00a0\u00bb#1b91c4&Prime; global_colors_info=\u00a0\u00bb{}\u00a0\u00bb][\/et_pb_button][et_pb_text _builder_version=\u00a0\u00bb4.10.5&Prime; _module_preset=\u00a0\u00bbdefault\u00a0\u00bb global_colors_info=\u00a0\u00bb{}\u00a0\u00bb]<\/p>\n<h2>Combien d&rsquo;argent peut-on gagner en vendant ses Sextapes ?<\/h2>\n<p><strong>Les revenus des personnes vendant leurs sextapes varient entre quelques dizaines et plusieurs centaines de milliers d&rsquo;euros par mois en fonction de plusieurs facteurs (notori\u00e9t\u00e9, prix de vente, r\u00e9gularit\u00e9&#8230;).<\/strong><\/p>\n<ul>\n<li>Avez-vous d\u00e9j\u00e0 un public ou \u00eates-vous un(e) inconnu(e) complet ? Poss\u00e9dez-vous des abonn\u00e9s sur les r\u00e9seaux sociaux ?<\/li>\n<li>A quel prix souhaitez-vous vendre vos vid\u00e9os ? Si vous le fixez trop haut et que vous n&rsquo;avez pas encore de fans, personne n&rsquo;ach\u00e8tera vos clips. Pour cela, vous devez faire des recherches sur le march\u00e9. Voyez comment les autres filles fixent leurs prix. Fixez votre prix de mani\u00e8re \u00e0 ce que les utilisateurs puissent l&rsquo;acheter facilement.<\/li>\n<li>Postez-vous des vid\u00e9os r\u00e9guli\u00e8rement ou de fa\u00e7on ponctuelle ? Plus vous faites et produisez de vid\u00e9os pornographiques, sexy ou de sextapes, plus vous gagnerez d&rsquo;argent. Pour cela, vous pouvez soit vous adresser \u00e0 une niche sp\u00e9cifique, soit vous adresser \u00e0 plusieurs cat\u00e9gories pour toucher un public encore plus large.<\/li>\n<\/ul>\n<p>Le prix moyen d&rsquo;un abonnement sur MYM se situe entre 10 et 20\u20ac. Disons que vous vendez votre abonnement \u00e0 20\u20ac, il vous suffit donc de 50 clients pour gagner vos 1000\u20ac par mois.<\/p>\n<p>La meilleure partie est qu&rsquo;il s&rsquo;agit d&rsquo;un revenu r\u00e9current. Ainsi, toutes vos vid\u00e9os pornographiques vous rapporteront de l&rsquo;argent m\u00eame un an apr\u00e8s la cr\u00e9ation de votre compte. C&rsquo;est un revenu \u00e0 vie que vous obtiendrez chaque fois que quelqu&rsquo;un s&rsquo;abonnera \u00e0 votre compte.<\/p>\n<p>Tout ce que vous avez \u00e0 faire est de poster plus de vid\u00e9os pornographiques et de regarder vos revenus augmenter.<\/p>\n<p>[\/et_pb_text][et_pb_text _builder_version=\u00a0\u00bb4.10.5&Prime; _module_preset=\u00a0\u00bbdefault\u00a0\u00bb global_colors_info=\u00a0\u00bb{}\u00a0\u00bb]<\/p>\n<h2>Nos meilleurs conseils pour vendre votre sextape<\/h2>\n<p>Voici nos meilleurs conseils qui vous aideront \u00e0 faire 10x plus de ventes, m\u00eame si vous d\u00e9butez.<\/p>\n<ul>\n<li><strong>Trouvez une niche<\/strong> : Choisir une niche et la dominer est la cl\u00e9. Par exemple la niche des tabous (belle-s\u0153ur, belle-m\u00e8re, etc.). Puis passez \u00e0 une niche plus large. Le meilleur conseil est donc de choisir une niche et de s&rsquo;y tenir jusqu&rsquo;\u00e0 ce que vous d\u00e9veloppiez une base de fans. Quelques id\u00e9es sont la domination financi\u00e8re, le Femdom, etc.<\/li>\n<li><strong>Aimez votre travail<\/strong> : Si vous n&rsquo;aimez pas votre travail, cela se verra sur votre visage et votre public saura que vous n&rsquo;\u00eates pas trop int\u00e9ress\u00e9 par la vid\u00e9o. Sachez que votre public a de nombreuses options, il y a beaucoup de concurrence dans ce milieu. La seule fa\u00e7on de vous diff\u00e9rencier est de proposer des vid\u00e9os originale et de prendre soin de vos clients.\u00a0<\/li>\n<li>Le marketing : C&rsquo;est un domaine dans lequel beaucoup de filles \u00e9chouent. Elles se concentrent trop sur le contenu et oublient tout du marketing. La r\u00e9partition doit \u00eatre de 50-50. 50 % de votre temps pour cr\u00e9er le contenu et 50 % pour le marketing. Utilisez Twitter, Reddit, Instagram, les communaut\u00e9s de niche, etc. pour construire une base de fans solide.\u00a0<br \/>Trouver de l&rsquo;argent pour des vid\u00e9os sexuelles n&rsquo;est pas un probl\u00e8me, car leur cr\u00e9ation ne demande pas trop d&rsquo;investissement.<\/li>\n<\/ul>\n<p>La qualit\u00e9 de votre vid\u00e9o, votre capacit\u00e9 \u00e0 vous connecter avec votre public et vos comp\u00e9tences en marketing d\u00e9cideront de votre niveau de revenu. Si votre vid\u00e9o est en HD et que vous avez un son clair pour vos clients, vos chances d&rsquo;obtenir un bon revenu sont beaucoup plus \u00e9lev\u00e9es.<\/p>\n<p>Il existe des milliers de mod\u00e8les qui vendent leurs vid\u00e9os pornographiques amateurs en ligne.<\/p>\n<p>Il est facile de vendre du porno fait maison et c&rsquo;est pourquoi cette tendance se d\u00e9veloppe et devrait se d\u00e9velopper encore davantage.<\/p>\n<p>[\/et_pb_text][et_pb_button button_url=\u00a0\u00bbhttps:\/\/mym.link\/m4111&Prime; button_text=\u00a0\u00bbS&rsquo;inscrire gratuitement sur MYM\u00a0\u00bb button_alignment=\u00a0\u00bbcenter\u00a0\u00bb _builder_version=\u00a0\u00bb4.10.5&Prime; _module_preset=\u00a0\u00bbdefault\u00a0\u00bb custom_button=\u00a0\u00bbon\u00a0\u00bb button_text_color=\u00a0\u00bb#FFFFFF\u00a0\u00bb button_bg_color=\u00a0\u00bb#ff2374&Prime; global_colors_info=\u00a0\u00bb{}\u00a0\u00bb][\/et_pb_button][et_pb_button button_url=\u00a0\u00bbhttps:\/\/onlyfans.com\/?ref=242286313&Prime; button_text=\u00a0\u00bbS&rsquo;inscrire gratuitement sur Onlyfans\u00a0\u00bb button_alignment=\u00a0\u00bbcenter\u00a0\u00bb _builder_version=\u00a0\u00bb4.10.5&Prime; _module_preset=\u00a0\u00bbdefault\u00a0\u00bb custom_button=\u00a0\u00bbon\u00a0\u00bb button_text_color=\u00a0\u00bb#FFFFFF\u00a0\u00bb button_bg_color=\u00a0\u00bb#1b91c4&Prime; global_colors_info=\u00a0\u00bb{}\u00a0\u00bb][\/et_pb_button][\/et_pb_column][\/et_pb_row][\/et_pb_section]<\/p>\n\n\n<div class=\"kk-star-ratings kksr-auto kksr-align-center kksr-valign-bottom kksr-disabled\"\n    data-payload='{&quot;align&quot;:&quot;center&quot;,&quot;id&quot;:&quot;171&quot;,&quot;readonly&quot;:&quot;1&quot;,&quot;slug&quot;:&quot;default&quot;,&quot;valign&quot;:&quot;bottom&quot;,&quot;ignore&quot;:&quot;&quot;,&quot;reference&quot;:&quot;auto&quot;,&quot;class&quot;:&quot;&quot;,&quot;count&quot;:&quot;6&quot;,&quot;legendonly&quot;:&quot;&quot;,&quot;score&quot;:&quot;4.8&quot;,&quot;starsonly&quot;:&quot;&quot;,&quot;best&quot;:&quot;5&quot;,&quot;gap&quot;:&quot;4&quot;,&quot;greet&quot;:&quot;Notez cet article&quot;,&quot;legend&quot;:&quot;4.8\\\/5 - (6 votos)&quot;,&quot;size&quot;:&quot;24&quot;,&quot;title&quot;:&quot;Vendre sa Sextape en [year] : Guide Complet&quot;,&quot;width&quot;:&quot;132.4&quot;,&quot;_legend&quot;:&quot;{score}\\\/{best} - ({count} {votes})&quot;,&quot;font_factor&quot;:&quot;1.25&quot;}'>\n            \n<div class=\"kksr-stars\">\n    \n<div class=\"kksr-stars-inactive\">\n            <div class=\"kksr-star\" data-star=\"1\" style=\"padding-right: 4px\">\n            \n\n<div class=\"kksr-icon\" style=\"width: 24px; height: 24px;\"><\/div>\n        <\/div>\n            <div class=\"kksr-star\" data-star=\"2\" style=\"padding-right: 4px\">\n            \n\n<div class=\"kksr-icon\" style=\"width: 24px; height: 24px;\"><\/div>\n        <\/div>\n            <div class=\"kksr-star\" data-star=\"3\" style=\"padding-right: 4px\">\n            \n\n<div class=\"kksr-icon\" style=\"width: 24px; height: 24px;\"><\/div>\n        <\/div>\n            <div class=\"kksr-star\" data-star=\"4\" style=\"padding-right: 4px\">\n            \n\n<div class=\"kksr-icon\" style=\"width: 24px; height: 24px;\"><\/div>\n        <\/div>\n            <div class=\"kksr-star\" data-star=\"5\" style=\"padding-right: 4px\">\n            \n\n<div class=\"kksr-icon\" style=\"width: 24px; height: 24px;\"><\/div>\n        <\/div>\n    <\/div>\n    \n<div class=\"kksr-stars-active\" style=\"width: 132.4px;\">\n            <div class=\"kksr-star\" style=\"padding-right: 4px\">\n            \n\n<div class=\"kksr-icon\" style=\"width: 24px; height: 24px;\"><\/div>\n        <\/div>\n            <div class=\"kksr-star\" style=\"padding-right: 4px\">\n            \n\n<div class=\"kksr-icon\" style=\"width: 24px; height: 24px;\"><\/div>\n        <\/div>\n            <div class=\"kksr-star\" style=\"padding-right: 4px\">\n            \n\n<div class=\"kksr-icon\" style=\"width: 24px; height: 24px;\"><\/div>\n        <\/div>\n            <div class=\"kksr-star\" style=\"padding-right: 4px\">\n            \n\n<div class=\"kksr-icon\" style=\"width: 24px; height: 24px;\"><\/div>\n        <\/div>\n            <div class=\"kksr-star\" style=\"padding-right: 4px\">\n            \n\n<div class=\"kksr-icon\" style=\"width: 24px; height: 24px;\"><\/div>\n        <\/div>\n    <\/div>\n<\/div>\n                \n\n<div class=\"kksr-legend\" style=\"font-size: 19.2px;\">\n            4.8\/5 - (6 votos)    <\/div>\n    <\/div>\n","protected":false},"excerpt":{"rendered":"<p>Vendre sa Sextape en 2026 : Guide CompletVous avez tourn\u00e9 une vid\u00e9o pornographique ou sexy et vous voulez savoir comment vous pouvez vendre votre sextape, vous \u00eates au bon endroit. Aujourd&rsquo;hui, il existe de nombreux r\u00e9seaux sur lesquels vous pouvez vous inscrire et vendre facilement des vid\u00e9os sexuelles. Dans ce guide \u00e9tape par \u00e9tape, vous [&hellip;]<\/p>\n","protected":false},"author":1,"featured_media":0,"parent":0,"menu_order":0,"comment_status":"closed","ping_status":"closed","template":"","meta":{"_et_pb_use_builder":"on","_et_pb_old_content":"","_et_gb_content_width":"","om_disable_all_campaigns":false,"footnotes":""},"class_list":["post-171","page","type-page","status-publish","hentry"],"yoast_head":"<!-- This site is optimized with the Yoast SEO plugin v27.3 - https:\/\/yoast.com\/product\/yoast-seo-wordpress\/ -->\n<title>Vendre sa Sextape en 2026 : Guide Complet - MYM Famous<\/title>\n<meta name=\"robots\" content=\"index, follow, max-snippet:-1, max-image-preview:large, max-video-preview:-1\" \/>\n<link rel=\"canonical\" href=\"https:\/\/mymfamous.com\/es\/vender-sextape\/\" \/>\n<meta property=\"og:locale\" content=\"es_ES\" \/>\n<meta property=\"og:type\" content=\"article\" \/>\n<meta property=\"og:title\" content=\"Vendre sa Sextape en 2026 : Guide Complet - MYM Famous\" \/>\n<meta property=\"og:description\" content=\"Vendre sa Sextape en 2026 : Guide CompletVous avez tourn\u00e9 une vid\u00e9o pornographique ou sexy et vous voulez savoir comment vous pouvez vendre votre sextape, vous \u00eates au bon endroit. Aujourd&#039;hui, il existe de nombreux r\u00e9seaux sur lesquels vous pouvez vous inscrire et vendre facilement des vid\u00e9os sexuelles. Dans ce guide \u00e9tape par \u00e9tape, vous [&hellip;]\" \/>\n<meta property=\"og:url\" content=\"https:\/\/mymfamous.com\/es\/vender-sextape\/\" \/>\n<meta property=\"og:site_name\" content=\"MYM Famous\" \/>\n<meta property=\"article:modified_time\" content=\"2023-01-26T08:57:37+00:00\" \/>\n<meta name=\"twitter:card\" content=\"summary_large_image\" \/>\n<meta name=\"twitter:label1\" content=\"Tiempo de lectura\" \/>\n\t<meta name=\"twitter:data1\" content=\"7 minutos\" \/>\n<script type=\"application\/ld+json\" class=\"yoast-schema-graph\">{\"@context\":\"https:\\\/\\\/schema.org\",\"@graph\":[{\"@type\":\"WebPage\",\"@id\":\"https:\\\/\\\/mymfamous.com\\\/vendre-sextape\",\"url\":\"https:\\\/\\\/mymfamous.com\\\/vendre-sextape\",\"name\":\"Vendre sa Sextape en 2026 : Guide Complet - MYM Famous\",\"isPartOf\":{\"@id\":\"https:\\\/\\\/mymfamous.com\\\/#website\"},\"datePublished\":\"2022-07-19T09:15:38+00:00\",\"dateModified\":\"2023-01-26T08:57:37+00:00\",\"breadcrumb\":{\"@id\":\"https:\\\/\\\/mymfamous.com\\\/vendre-sextape#breadcrumb\"},\"inLanguage\":\"es\",\"potentialAction\":[{\"@type\":\"ReadAction\",\"target\":[\"https:\\\/\\\/mymfamous.com\\\/vendre-sextape\"]}]},{\"@type\":\"BreadcrumbList\",\"@id\":\"https:\\\/\\\/mymfamous.com\\\/vendre-sextape#breadcrumb\",\"itemListElement\":[{\"@type\":\"ListItem\",\"position\":1,\"name\":\"Accueil\",\"item\":\"https:\\\/\\\/mymfamous.com\\\/\"},{\"@type\":\"ListItem\",\"position\":2,\"name\":\"Vendre sa Sextape en 2023 : Guide Complet\"}]},{\"@type\":\"WebSite\",\"@id\":\"https:\\\/\\\/mymfamous.com\\\/#website\",\"url\":\"https:\\\/\\\/mymfamous.com\\\/\",\"name\":\"MYM Famous\",\"description\":\"Avis MYM Fans : le r\u00e9seau social Priv\u00e9 des Personnalit\u00e9s\",\"potentialAction\":[{\"@type\":\"SearchAction\",\"target\":{\"@type\":\"EntryPoint\",\"urlTemplate\":\"https:\\\/\\\/mymfamous.com\\\/?s={search_term_string}\"},\"query-input\":{\"@type\":\"PropertyValueSpecification\",\"valueRequired\":true,\"valueName\":\"search_term_string\"}}],\"inLanguage\":\"es\"}]}<\/script>\n<!-- \/ Yoast SEO plugin. -->","yoast_head_json":{"title":"Vendre sa Sextape en 2026 : Guide Complet - MYM Famous","robots":{"index":"index","follow":"follow","max-snippet":"max-snippet:-1","max-image-preview":"max-image-preview:large","max-video-preview":"max-video-preview:-1"},"canonical":"https:\/\/mymfamous.com\/es\/vender-sextape\/","og_locale":"es_ES","og_type":"article","og_title":"Vendre sa Sextape en 2026 : Guide Complet - MYM Famous","og_description":"Vendre sa Sextape en 2026 : Guide CompletVous avez tourn\u00e9 une vid\u00e9o pornographique ou sexy et vous voulez savoir comment vous pouvez vendre votre sextape, vous \u00eates au bon endroit. Aujourd'hui, il existe de nombreux r\u00e9seaux sur lesquels vous pouvez vous inscrire et vendre facilement des vid\u00e9os sexuelles. Dans ce guide \u00e9tape par \u00e9tape, vous [&hellip;]","og_url":"https:\/\/mymfamous.com\/es\/vender-sextape\/","og_site_name":"MYM Famous","article_modified_time":"2023-01-26T08:57:37+00:00","twitter_card":"summary_large_image","twitter_misc":{"Tiempo de lectura":"7 minutos"},"schema":{"@context":"https:\/\/schema.org","@graph":[{"@type":"WebPage","@id":"https:\/\/mymfamous.com\/vendre-sextape","url":"https:\/\/mymfamous.com\/vendre-sextape","name":"Vendre sa Sextape en 2026 : Guide Complet - MYM Famous","isPartOf":{"@id":"https:\/\/mymfamous.com\/#website"},"datePublished":"2022-07-19T09:15:38+00:00","dateModified":"2023-01-26T08:57:37+00:00","breadcrumb":{"@id":"https:\/\/mymfamous.com\/vendre-sextape#breadcrumb"},"inLanguage":"es","potentialAction":[{"@type":"ReadAction","target":["https:\/\/mymfamous.com\/vendre-sextape"]}]},{"@type":"BreadcrumbList","@id":"https:\/\/mymfamous.com\/vendre-sextape#breadcrumb","itemListElement":[{"@type":"ListItem","position":1,"name":"Accueil","item":"https:\/\/mymfamous.com\/"},{"@type":"ListItem","position":2,"name":"Vendre sa Sextape en 2023 : Guide Complet"}]},{"@type":"WebSite","@id":"https:\/\/mymfamous.com\/#website","url":"https:\/\/mymfamous.com\/","name":"MYM Famoso","description":"Rese\u00f1a de MYM Fans: la red social privada para personalidades","potentialAction":[{"@type":"SearchAction","target":{"@type":"EntryPoint","urlTemplate":"https:\/\/mymfamous.com\/?s={search_term_string}"},"query-input":{"@type":"PropertyValueSpecification","valueRequired":true,"valueName":"search_term_string"}}],"inLanguage":"es"}]}},"jetpack_sharing_enabled":true,"_links":{"self":[{"href":"https:\/\/mymfamous.com\/es\/wp-json\/wp\/v2\/pages\/171","targetHints":{"allow":["GET"]}}],"collection":[{"href":"https:\/\/mymfamous.com\/es\/wp-json\/wp\/v2\/pages"}],"about":[{"href":"https:\/\/mymfamous.com\/es\/wp-json\/wp\/v2\/types\/page"}],"author":[{"embeddable":true,"href":"https:\/\/mymfamous.com\/es\/wp-json\/wp\/v2\/users\/1"}],"replies":[{"embeddable":true,"href":"https:\/\/mymfamous.com\/es\/wp-json\/wp\/v2\/comments?post=171"}],"version-history":[{"count":9,"href":"https:\/\/mymfamous.com\/es\/wp-json\/wp\/v2\/pages\/171\/revisions"}],"predecessor-version":[{"id":256,"href":"https:\/\/mymfamous.com\/es\/wp-json\/wp\/v2\/pages\/171\/revisions\/256"}],"wp:attachment":[{"href":"https:\/\/mymfamous.com\/es\/wp-json\/wp\/v2\/media?parent=171"}],"curies":[{"name":"wp","href":"https:\/\/api.w.org\/{rel}","templated":true}]}}