{"id":208,"date":"2022-09-29T07:59:10","date_gmt":"2022-09-29T07:59:10","guid":{"rendered":"https:\/\/mymfamous.com\/?page_id=208"},"modified":"2025-09-23T10:00:42","modified_gmt":"2025-09-23T10:00:42","slug":"mentions-legales","status":"publish","type":"page","link":"https:\/\/mymfamous.com\/es_cl\/mentions-legales","title":{"rendered":"Informaci\u00f3n jur\u00eddica"},"content":{"rendered":"<p><\/p>\n\n\n\n<meta name=\"robots\" content=\"noindex, nofollow\">\n\n\n\n<figure class=\"wp-block-image size-full is-resized\"><img width=\"932\" height=\"242\" src=\"https:\/\/mymfamous.com\/wp-content\/uploads\/2025\/09\/mentions-legales-fr.png\" alt=\"\" class=\"wp-image-460\" style=\"width:450px\" srcset=\"https:\/\/mymfamous.com\/wp-content\/uploads\/2025\/09\/mentions-legales-fr.png 932w, https:\/\/mymfamous.com\/wp-content\/uploads\/2025\/09\/mentions-legales-fr-480x125.png 480w\" sizes=\"(min-width: 0px) and (max-width: 480px) 480px, (min-width: 481px) 932px, 100vw\" \/><\/figure>\n\n\n\n<p><strong>H\u00e9bergeur :<\/strong><br>Infomaniak<br>Rue Eug\u00e8ne-Marziano 25<br>1227 Les Acacias \u2013 Suisse<br>https:\/\/www.infomaniak.com<\/p>\n\n\n\n<h2 class=\"wp-block-heading\"><strong>Conditions d\u2019utilisation<\/strong><\/h2>\n\n\n\n<p>El uso de este sitio implica la plena aceptaci\u00f3n de las condiciones generales de uso que se describen a continuaci\u00f3n. Estas condiciones de uso podr\u00e1n modificarse o completarse en cualquier momento.<\/p>\n\n\n\n<h2 class=\"wp-block-heading\"><strong>Informations<\/strong><\/h2>\n\n\n\n<p>Les informations et documents du site sont pr\u00e9sent\u00e9s \u00e0 titre indicatif, n\u2019ont pas de caract\u00e8re exhaustif, et ne peuvent engager la responsabilit\u00e9 du propri\u00e9taire du site.<\/p>\n\n\n\n<p>El propietario del sitio no se hace responsable de los da\u00f1os directos o indirectos derivados del acceso al sitio.<\/p>\n\n\n\n<h2 class=\"wp-block-heading\"><strong>Interactivit\u00e9<\/strong><\/h2>\n\n\n\n<p>Los usuarios del sitio pueden publicar contenidos, que aparecer\u00e1n en el sitio en espacios dedicados (en particular, a trav\u00e9s de comentarios). Los contenidos publicados son responsabilidad de sus autores, que asumen toda la responsabilidad legal.<\/p>\n\n\n\n<p>No obstante, el propietario del sitio se reserva el derecho a retirar, sin previo aviso ni justificaci\u00f3n, cualquier contenido publicado por los usuarios que no se ajuste a la carta \u00e9tica del sitio o a la legislaci\u00f3n vigente.<\/p>\n\n\n\n<h2 class=\"wp-block-heading\"><strong>Propri\u00e9t\u00e9 intellectuelle<\/strong><\/h2>\n\n\n\n<p>Salvo que se indique lo contrario, todos los elementos accesibles en el sitio (textos, im\u00e1genes, gr\u00e1ficos, logotipos, iconos, sonidos, software, etc.) siguen siendo propiedad exclusiva de sus autores, en lo que respecta a los derechos de propiedad intelectual o de uso.<a href=\"https:\/\/www.webexpress.fr\/actualite\/focus\/modele-de-mentions-legales-complet-et-gratuit\/#fn-7013-1\" target=\"_blank\" rel=\"noreferrer noopener\">&nbsp;<sup>1<\/sup><\/a><\/p>\n\n\n\n<p>Cualquier reproducci\u00f3n, representaci\u00f3n, modificaci\u00f3n, publicaci\u00f3n, adaptaci\u00f3n de la totalidad o parte de los elementos del sitio, cualesquiera que sean los medios o procedimientos utilizados, est\u00e1 prohibida, salvo autorizaci\u00f3n previa por escrito del autor.<a href=\"https:\/\/www.webexpress.fr\/actualite\/focus\/modele-de-mentions-legales-complet-et-gratuit\/#fn-7013-2\" target=\"_blank\" rel=\"noreferrer noopener\"><sup>2<\/sup><\/a><a href=\"https:\/\/www.webexpress.fr\/actualite\/focus\/modele-de-mentions-legales-complet-et-gratuit\/#fn-7013-3\" target=\"_blank\" rel=\"noreferrer noopener\"><sup>3<\/sup><\/a><\/p>\n\n\n\n<p>Cualquier uso no autorizado del sitio o de cualquiera de los elementos que contiene se considera una infracci\u00f3n y puede ser objeto de acciones judiciales.<a href=\"https:\/\/www.webexpress.fr\/actualite\/focus\/modele-de-mentions-legales-complet-et-gratuit\/#fn-7013-9\" target=\"_blank\" rel=\"noreferrer noopener\">&nbsp;<sup>4<\/sup><\/a><\/p>\n\n\n\n<p>Las marcas y logotipos reproducidos en el sitio est\u00e1n registrados por las empresas propietarias de los mismos.<\/p>\n\n\n\n<h2 class=\"wp-block-heading\"><strong>Liens<\/strong><\/h2>\n\n\n\n<p><strong>Enlaces salientes<\/strong><\/p>\n\n\n\n<p>El propietario del sitio declina toda responsabilidad y no se compromete por la referenciaci\u00f3n, mediante enlaces de hipertexto, de recursos de terceros presentes en la red Internet, tanto en lo que se refiere a su contenido como a su pertinencia.<\/p>\n\n\n\n<p><strong>Enlaces entrantes<\/strong><\/p>\n\n\n\n<p>El propietario del sitio autoriza los enlaces de hipertexto a cualquier p\u00e1gina de este sitio, siempre que \u00e9stos abran una nueva ventana y se presenten de forma inequ\u00edvoca para evitar :<\/p>\n\n\n\n<ul class=\"wp-block-list\">\n<li>cualquier riesgo de confusi\u00f3n entre el sitio que cita y el propietario del sitio<\/li>\n\n\n\n<li>as\u00ed como cualquier presentaci\u00f3n tendenciosa o contraria a la legislaci\u00f3n vigente.<\/li>\n<\/ul>\n\n\n\n<p>El propietario del sitio se reserva el derecho a solicitar la supresi\u00f3n de un enlace si considera que el sitio de origen no cumple estas normas.<\/p>\n\n\n\n<h2 class=\"wp-block-heading\"><strong>Confidentialit\u00e9<\/strong><\/h2>\n\n\n\n<p>Todos los usuarios tienen derecho de acceso, rectificaci\u00f3n y oposici\u00f3n a los datos personales que les conciernan, mediante solicitud escrita y firmada, acompa\u00f1ada de un documento que acredite su identidad.<\/p>\n\n\n\n<p>Le site ne recueille pas d\u2019informations personnelles, et n\u2019est pas assujetti \u00e0 d\u00e9claration \u00e0 la CNIL.<\/p>\n\n\n<div class=\"kk-star-ratings kksr-auto kksr-align-center kksr-valign-bottom kksr-disabled\"\n    data-payload='{&quot;align&quot;:&quot;center&quot;,&quot;id&quot;:&quot;208&quot;,&quot;readonly&quot;:&quot;1&quot;,&quot;slug&quot;:&quot;default&quot;,&quot;valign&quot;:&quot;bottom&quot;,&quot;ignore&quot;:&quot;&quot;,&quot;reference&quot;:&quot;auto&quot;,&quot;class&quot;:&quot;&quot;,&quot;count&quot;:&quot;0&quot;,&quot;legendonly&quot;:&quot;&quot;,&quot;score&quot;:&quot;0&quot;,&quot;starsonly&quot;:&quot;&quot;,&quot;best&quot;:&quot;5&quot;,&quot;gap&quot;:&quot;4&quot;,&quot;greet&quot;:&quot;Notez cet article&quot;,&quot;legend&quot;:&quot;0\\\/5 - (0 votos)&quot;,&quot;size&quot;:&quot;24&quot;,&quot;title&quot;:&quot;Mentions l\u00e9gales&quot;,&quot;width&quot;:&quot;0&quot;,&quot;_legend&quot;:&quot;{score}\\\/{best} - ({count} {votes})&quot;,&quot;font_factor&quot;:&quot;1.25&quot;}'>\n            \n<div class=\"kksr-stars\">\n    \n<div class=\"kksr-stars-inactive\">\n            <div class=\"kksr-star\" data-star=\"1\" style=\"padding-right: 4px\">\n            \n\n<div class=\"kksr-icon\" style=\"width: 24px; height: 24px;\"><\/div>\n        <\/div>\n            <div class=\"kksr-star\" data-star=\"2\" style=\"padding-right: 4px\">\n            \n\n<div class=\"kksr-icon\" style=\"width: 24px; height: 24px;\"><\/div>\n        <\/div>\n            <div class=\"kksr-star\" data-star=\"3\" style=\"padding-right: 4px\">\n            \n\n<div class=\"kksr-icon\" style=\"width: 24px; height: 24px;\"><\/div>\n        <\/div>\n            <div class=\"kksr-star\" data-star=\"4\" style=\"padding-right: 4px\">\n            \n\n<div class=\"kksr-icon\" style=\"width: 24px; height: 24px;\"><\/div>\n        <\/div>\n            <div class=\"kksr-star\" data-star=\"5\" style=\"padding-right: 4px\">\n            \n\n<div class=\"kksr-icon\" style=\"width: 24px; height: 24px;\"><\/div>\n        <\/div>\n    <\/div>\n    \n<div class=\"kksr-stars-active\" style=\"width: 0px;\">\n            <div class=\"kksr-star\" style=\"padding-right: 4px\">\n            \n\n<div class=\"kksr-icon\" style=\"width: 24px; height: 24px;\"><\/div>\n        <\/div>\n            <div class=\"kksr-star\" style=\"padding-right: 4px\">\n            \n\n<div class=\"kksr-icon\" style=\"width: 24px; height: 24px;\"><\/div>\n        <\/div>\n            <div class=\"kksr-star\" style=\"padding-right: 4px\">\n            \n\n<div class=\"kksr-icon\" style=\"width: 24px; height: 24px;\"><\/div>\n        <\/div>\n            <div class=\"kksr-star\" style=\"padding-right: 4px\">\n            \n\n<div class=\"kksr-icon\" style=\"width: 24px; height: 24px;\"><\/div>\n        <\/div>\n            <div class=\"kksr-star\" style=\"padding-right: 4px\">\n            \n\n<div class=\"kksr-icon\" style=\"width: 24px; height: 24px;\"><\/div>\n        <\/div>\n    <\/div>\n<\/div>\n                \n\n<div class=\"kksr-legend\" style=\"font-size: 19.2px;\">\n            <span class=\"kksr-muted\">Valora este art\u00edculo<\/span>\n    <\/div>\n    <\/div>","protected":false},"excerpt":{"rendered":"<p>H\u00e9bergeur :InfomaniakRue Eug\u00e8ne-Marziano 251227 Les Acacias \u2013 Suissehttps:\/\/www.infomaniak.com Conditions d\u2019utilisation L\u2019utilisation du pr\u00e9sent site implique l\u2019acceptation pleine et enti\u00e8re des conditions g\u00e9n\u00e9rales d\u2019utilisation d\u00e9crites ci-apr\u00e8s. Ces conditions d\u2019utilisation sont susceptibles d\u2019\u00eatre modifi\u00e9es ou compl\u00e9t\u00e9es \u00e0 tout moment. Informations Les informations et documents du site sont pr\u00e9sent\u00e9s \u00e0 titre indicatif, n\u2019ont pas de caract\u00e8re exhaustif, et [&hellip;]<\/p>\n","protected":false},"author":1,"featured_media":0,"parent":0,"menu_order":0,"comment_status":"closed","ping_status":"closed","template":"","meta":{"_et_pb_use_builder":"","_et_pb_old_content":"","_et_gb_content_width":"","om_disable_all_campaigns":false,"footnotes":""},"class_list":["post-208","page","type-page","status-publish","hentry"],"yoast_head":"<!-- This site is optimized with the Yoast SEO plugin v27.4 - https:\/\/yoast.com\/product\/yoast-seo-wordpress\/ -->\n<title>Mentions l\u00e9gales - MYM Famous<\/title>\n<meta name=\"robots\" content=\"index, follow, max-snippet:-1, max-image-preview:large, max-video-preview:-1\" \/>\n<link rel=\"canonical\" href=\"https:\/\/mymfamous.com\/es_cl\/informacion-legal\/\" \/>\n<meta property=\"og:locale\" content=\"es_ES\" \/>\n<meta property=\"og:type\" content=\"article\" \/>\n<meta property=\"og:title\" content=\"Mentions l\u00e9gales - MYM Famous\" \/>\n<meta property=\"og:description\" content=\"H\u00e9bergeur :InfomaniakRue Eug\u00e8ne-Marziano 251227 Les Acacias \u2013 Suissehttps:\/\/www.infomaniak.com Conditions d\u2019utilisation L\u2019utilisation du pr\u00e9sent site implique l\u2019acceptation pleine et enti\u00e8re des conditions g\u00e9n\u00e9rales d\u2019utilisation d\u00e9crites ci-apr\u00e8s. Ces conditions d\u2019utilisation sont susceptibles d\u2019\u00eatre modifi\u00e9es ou compl\u00e9t\u00e9es \u00e0 tout moment. Informations Les informations et documents du site sont pr\u00e9sent\u00e9s \u00e0 titre indicatif, n\u2019ont pas de caract\u00e8re exhaustif, et [&hellip;]\" \/>\n<meta property=\"og:url\" content=\"https:\/\/mymfamous.com\/es_cl\/informacion-legal\/\" \/>\n<meta property=\"og:site_name\" content=\"MYM Famous\" \/>\n<meta property=\"article:modified_time\" content=\"2025-09-23T10:00:42+00:00\" \/>\n<meta property=\"og:image\" content=\"https:\/\/mymfamous.com\/wp-content\/uploads\/2025\/09\/mentions-legales-fr.png\" \/>\n\t<meta property=\"og:image:width\" content=\"932\" \/>\n\t<meta property=\"og:image:height\" content=\"242\" \/>\n\t<meta property=\"og:image:type\" content=\"image\/png\" \/>\n<meta name=\"twitter:card\" content=\"summary_large_image\" \/>\n<meta name=\"twitter:label1\" content=\"Tiempo estimado de lectura\" \/>\n\t<meta name=\"twitter:data1\" content=\"3 minutos\" \/>\n<script type=\"application\/ld+json\" class=\"yoast-schema-graph\">{\"@context\":\"https:\\\/\\\/schema.org\",\"@graph\":[{\"@type\":\"WebPage\",\"@id\":\"https:\\\/\\\/mymfamous.com\\\/mentions-legales\",\"url\":\"https:\\\/\\\/mymfamous.com\\\/mentions-legales\",\"name\":\"Mentions l\u00e9gales - MYM Famous\",\"isPartOf\":{\"@id\":\"https:\\\/\\\/mymfamous.com\\\/#website\"},\"primaryImageOfPage\":{\"@id\":\"https:\\\/\\\/mymfamous.com\\\/mentions-legales#primaryimage\"},\"image\":{\"@id\":\"https:\\\/\\\/mymfamous.com\\\/mentions-legales#primaryimage\"},\"thumbnailUrl\":\"https:\\\/\\\/mymfamous.com\\\/wp-content\\\/uploads\\\/2025\\\/09\\\/mentions-legales-fr.png\",\"datePublished\":\"2022-09-29T07:59:10+00:00\",\"dateModified\":\"2025-09-23T10:00:42+00:00\",\"breadcrumb\":{\"@id\":\"https:\\\/\\\/mymfamous.com\\\/mentions-legales#breadcrumb\"},\"inLanguage\":\"es-CL\",\"potentialAction\":[{\"@type\":\"ReadAction\",\"target\":[\"https:\\\/\\\/mymfamous.com\\\/mentions-legales\"]}]},{\"@type\":\"ImageObject\",\"inLanguage\":\"es-CL\",\"@id\":\"https:\\\/\\\/mymfamous.com\\\/mentions-legales#primaryimage\",\"url\":\"https:\\\/\\\/mymfamous.com\\\/wp-content\\\/uploads\\\/2025\\\/09\\\/mentions-legales-fr.png\",\"contentUrl\":\"https:\\\/\\\/mymfamous.com\\\/wp-content\\\/uploads\\\/2025\\\/09\\\/mentions-legales-fr.png\"},{\"@type\":\"BreadcrumbList\",\"@id\":\"https:\\\/\\\/mymfamous.com\\\/mentions-legales#breadcrumb\",\"itemListElement\":[{\"@type\":\"ListItem\",\"position\":1,\"name\":\"Accueil\",\"item\":\"https:\\\/\\\/mymfamous.com\\\/\"},{\"@type\":\"ListItem\",\"position\":2,\"name\":\"Mentions l\u00e9gales\"}]},{\"@type\":\"WebSite\",\"@id\":\"https:\\\/\\\/mymfamous.com\\\/#website\",\"url\":\"https:\\\/\\\/mymfamous.com\\\/\",\"name\":\"MYM Famous\",\"description\":\"Avis MYM Fans : le r\u00e9seau social Priv\u00e9 des Personnalit\u00e9s\",\"potentialAction\":[{\"@type\":\"SearchAction\",\"target\":{\"@type\":\"EntryPoint\",\"urlTemplate\":\"https:\\\/\\\/mymfamous.com\\\/?s={search_term_string}\"},\"query-input\":{\"@type\":\"PropertyValueSpecification\",\"valueRequired\":true,\"valueName\":\"search_term_string\"}}],\"inLanguage\":\"es-CL\"}]}<\/script>\n<!-- \/ Yoast SEO plugin. -->","yoast_head_json":{"title":"Informaci\u00f3n legal - MYM Famous","robots":{"index":"index","follow":"follow","max-snippet":"max-snippet:-1","max-image-preview":"max-image-preview:large","max-video-preview":"max-video-preview:-1"},"canonical":"https:\/\/mymfamous.com\/es_cl\/informacion-legal\/","og_locale":"es_ES","og_type":"article","og_title":"Mentions l\u00e9gales - MYM Famous","og_description":"H\u00e9bergeur :InfomaniakRue Eug\u00e8ne-Marziano 251227 Les Acacias \u2013 Suissehttps:\/\/www.infomaniak.com Conditions d\u2019utilisation L\u2019utilisation du pr\u00e9sent site implique l\u2019acceptation pleine et enti\u00e8re des conditions g\u00e9n\u00e9rales d\u2019utilisation d\u00e9crites ci-apr\u00e8s. Ces conditions d\u2019utilisation sont susceptibles d\u2019\u00eatre modifi\u00e9es ou compl\u00e9t\u00e9es \u00e0 tout moment. Informations Les informations et documents du site sont pr\u00e9sent\u00e9s \u00e0 titre indicatif, n\u2019ont pas de caract\u00e8re exhaustif, et [&hellip;]","og_url":"https:\/\/mymfamous.com\/es_cl\/informacion-legal\/","og_site_name":"MYM Famous","article_modified_time":"2025-09-23T10:00:42+00:00","og_image":[{"width":932,"height":242,"url":"https:\/\/mymfamous.com\/wp-content\/uploads\/2025\/09\/mentions-legales-fr.png","type":"image\/png"}],"twitter_card":"summary_large_image","twitter_misc":{"Tiempo estimado de lectura":"3 minutos"},"schema":{"@context":"https:\/\/schema.org","@graph":[{"@type":"WebPage","@id":"https:\/\/mymfamous.com\/mentions-legales","url":"https:\/\/mymfamous.com\/mentions-legales","name":"Informaci\u00f3n legal - MYM Famous","isPartOf":{"@id":"https:\/\/mymfamous.com\/#website"},"primaryImageOfPage":{"@id":"https:\/\/mymfamous.com\/mentions-legales#primaryimage"},"image":{"@id":"https:\/\/mymfamous.com\/mentions-legales#primaryimage"},"thumbnailUrl":"https:\/\/mymfamous.com\/wp-content\/uploads\/2025\/09\/mentions-legales-fr.png","datePublished":"2022-09-29T07:59:10+00:00","dateModified":"2025-09-23T10:00:42+00:00","breadcrumb":{"@id":"https:\/\/mymfamous.com\/mentions-legales#breadcrumb"},"inLanguage":"es-CL","potentialAction":[{"@type":"ReadAction","target":["https:\/\/mymfamous.com\/mentions-legales"]}]},{"@type":"ImageObject","inLanguage":"es-CL","@id":"https:\/\/mymfamous.com\/mentions-legales#primaryimage","url":"https:\/\/mymfamous.com\/wp-content\/uploads\/2025\/09\/mentions-legales-fr.png","contentUrl":"https:\/\/mymfamous.com\/wp-content\/uploads\/2025\/09\/mentions-legales-fr.png"},{"@type":"BreadcrumbList","@id":"https:\/\/mymfamous.com\/mentions-legales#breadcrumb","itemListElement":[{"@type":"ListItem","position":1,"name":"Accueil","item":"https:\/\/mymfamous.com\/"},{"@type":"ListItem","position":2,"name":"Mentions l\u00e9gales"}]},{"@type":"WebSite","@id":"https:\/\/mymfamous.com\/#website","url":"https:\/\/mymfamous.com\/","name":"MYM Famosos","description":"Rese\u00f1a de MYM Fans: la red social privada para famosos","potentialAction":[{"@type":"SearchAction","target":{"@type":"EntryPoint","urlTemplate":"https:\/\/mymfamous.com\/?s={search_term_string}"},"query-input":{"@type":"PropertyValueSpecification","valueRequired":true,"valueName":"search_term_string"}}],"inLanguage":"es-CL"}]}},"jetpack_sharing_enabled":true,"_links":{"self":[{"href":"https:\/\/mymfamous.com\/es_cl\/wp-json\/wp\/v2\/pages\/208","targetHints":{"allow":["GET"]}}],"collection":[{"href":"https:\/\/mymfamous.com\/es_cl\/wp-json\/wp\/v2\/pages"}],"about":[{"href":"https:\/\/mymfamous.com\/es_cl\/wp-json\/wp\/v2\/types\/page"}],"author":[{"embeddable":true,"href":"https:\/\/mymfamous.com\/es_cl\/wp-json\/wp\/v2\/users\/1"}],"replies":[{"embeddable":true,"href":"https:\/\/mymfamous.com\/es_cl\/wp-json\/wp\/v2\/comments?post=208"}],"version-history":[{"count":4,"href":"https:\/\/mymfamous.com\/es_cl\/wp-json\/wp\/v2\/pages\/208\/revisions"}],"predecessor-version":[{"id":461,"href":"https:\/\/mymfamous.com\/es_cl\/wp-json\/wp\/v2\/pages\/208\/revisions\/461"}],"wp:attachment":[{"href":"https:\/\/mymfamous.com\/es_cl\/wp-json\/wp\/v2\/media?parent=208"}],"curies":[{"name":"wp","href":"https:\/\/api.w.org\/{rel}","templated":true}]}}