{"id":285,"date":"2023-02-06T09:29:07","date_gmt":"2023-02-06T09:29:07","guid":{"rendered":"https:\/\/mymfamous.com\/?page_id=285"},"modified":"2023-02-06T09:38:51","modified_gmt":"2023-02-06T09:38:51","slug":"onlyfans-paypal","status":"publish","type":"page","link":"https:\/\/mymfamous.com\/es_ve\/onlyfans-paypal","title":{"rendered":"Comment utiliser Paypal sur Onlyfans (Guide complet 2026)"},"content":{"rendered":"<p>[et_pb_section fb_built=\u00a0\u00bb1&Prime; _builder_version=\u00a0\u00bb4.10.5&Prime; _module_preset=\u00a0\u00bbdefault\u00a0\u00bb custom_padding=\u00a0\u00bb6px|||||\u00a0\u00bb][et_pb_row _builder_version=\u00a0\u00bb4.10.5&Prime; _module_preset=\u00a0\u00bbdefault\u00a0\u00bb][et_pb_column _builder_version=\u00a0\u00bb4.10.5&Prime; _module_preset=\u00a0\u00bbdefault\u00a0\u00bb type=\u00a0\u00bb4_4&Prime;][et_pb_text _builder_version=\u00a0\u00bb4.10.5&Prime; _module_preset=\u00a0\u00bbdefault\u00a0\u00bb _dynamic_attributes=\u00a0\u00bbcontent\u00a0\u00bb hover_enabled=\u00a0\u00bb0&Prime; sticky_enabled=\u00a0\u00bb0&Prime;]@ET-DC@eyJkeW5hbWljIjp0cnVlLCJjb250ZW50IjoicG9zdF90aXRsZSIsInNldHRpbmdzIjp7ImJlZm9yZSI6IjxoMT48Yj4iLCJhZnRlciI6IjwvYj48L2gxPiJ9fQ==@[\/et_pb_text][et_pb_text _builder_version=\u00a0\u00bb4.10.5&Prime; _module_preset=\u00a0\u00bbdefault\u00a0\u00bb hover_enabled=\u00a0\u00bb0&Prime; sticky_enabled=\u00a0\u00bb0&Prime;]<\/p>\n<p><span style=\"font-weight: 400;\">Avez-vous d\u00e9j\u00e0 entendu parler d\u2019Onlyfans\u2009? Il s\u2019agit d\u2019une plateforme en ligne cr\u00e9\u00e9e pour les influenceurs, les artistes et les cr\u00e9ateurs qui souhaitent partager des contenus exclusifs avec leur public. Mais beaucoup de futurs cr\u00e9ateurs aimeraient savoir comment relier leur compte PayPal \u00e0 leur compte Onlyfans. Si vous vous posez \u00e9galement cette question, alors voici nos conseils d\u2019experts pour mon\u00e9tiser votre contenu de mani\u00e8re s\u00e9curis\u00e9e en ligne.<\/span><\/p>\n<p><span style=\"font-weight: 400;\"><\/span><\/p>\n<p><span style=\"font-weight: 400;\"><\/span><\/p>\n<h2><strong>Pourquoi choisir PayPal pour se faire payer en ligne\u2009?<\/strong><\/h2>\n<p><span style=\"font-weight: 400;\">Lorsque nous sommes cr\u00e9ateurs de contenu ou mod\u00e8les photo et que nous d\u00e9sirons mon\u00e9tiser nos cr\u00e9ations sur internet, nous avons besoin d\u2019un syst\u00e8me de paiement s\u00fbr et s\u00e9curis\u00e9. Et dans ce domaine, la plateforme Paypal arrive \u00e0 la premi\u00e8re place.<\/span><\/p>\n<p><span style=\"font-weight: 400;\">Effectivement, PayPal est une plateforme de paiement en ligne qui offre aux utilisateurs la possibilit\u00e9 d\u2019acheter et de vendre des produits et services sur Internet. Cette plateforme est aujourd\u2019hui utilis\u00e9e par des millions de personnes \u00e0 travers le monde pour effectuer des transactions en ligne s\u00e9curis\u00e9es, rapides et faciles. Elle permet de transf\u00e9rer de l\u2019argent, de payer des factures et de recevoir des paiements en ligne.<\/span><\/p>\n<p><span style=\"font-weight: 400;\"><\/span><\/p>\n<p><span style=\"font-weight: 400;\"><\/span><\/p>\n<h3><b>Paypal, la m\u00e9thode de paiement pr\u00e9f\u00e9r\u00e9e des influenceurs\u00a0<\/b><\/h3>\n<p>[\/et_pb_text][et_pb_image src=\u00a0\u00bbhttps:\/\/mymfamous.com\/wp-content\/uploads\/2023\/02\/PayPal-Logo.png\u00a0\u00bb _builder_version=\u00a0\u00bb4.10.5&Prime; _module_preset=\u00a0\u00bbdefault\u00a0\u00bb alt=\u00a0\u00bbpaypal logo\u00a0\u00bb title_text=\u00a0\u00bbPayPal-Logo\u00a0\u00bb hover_enabled=\u00a0\u00bb0&Prime; sticky_enabled=\u00a0\u00bb0&Prime; width=\u00a0\u00bb30%\u00a0\u00bb module_alignment=\u00a0\u00bbcenter\u00a0\u00bb][\/et_pb_image][et_pb_text _builder_version=\u00a0\u00bb4.10.5&Prime; _module_preset=\u00a0\u00bbdefault\u00a0\u00bb hover_enabled=\u00a0\u00bb0&Prime; sticky_enabled=\u00a0\u00bb0&Prime;]<\/p>\n<p><span style=\"font-weight: 400;\">PayPal est tr\u00e8s populaire parmi les cr\u00e9ateurs de contenus puisqu\u2019il offre une s\u00e9curit\u00e9 et une confidentialit\u00e9 maximales. En effet, la plateforme utilise un syst\u00e8me de cryptage pour prot\u00e9ger les informations des utilisateurs ainsi que leurs transactions. En plus de cela, elle dispose \u00e9galement d\u2019une protection contre la fraude et le vol d\u2019identit\u00e9.<\/span><\/p>\n<p><span style=\"font-weight: 400;\">Parmi ses avantages, elle offre un processus de paiement tr\u00e8s simple et rapide. Les utilisateurs peuvent payer via leur compte PayPal ou via leur carte de cr\u00e9dit. Ils peuvent \u00e9galement choisir de recevoir des paiements via leur compte bancaire o\u00f9 \u00e0 partir d\u2019une autre plateforme de facturation. Les transactions peuvent \u00eatre effectu\u00e9es en quelques secondes, ce qui rend le processus tr\u00e8s pratique et efficace.<\/span><\/p>\n<p><span style=\"font-weight: 400;\">PayPal est \u00e9galement tr\u00e8s appr\u00e9ci\u00e9 puisque son interface est disponible dans de nombreuses devises et peut \u00eatre utilis\u00e9e partout dans le monde. La plateforme offre \u00e9galement un certain nombre de fonctionnalit\u00e9s suppl\u00e9mentaires, notamment des outils de gestion de factures, des services de r\u00e9ception des paiements et des outils de gestion des donn\u00e9es des utilisateurs. PayPal est donc une excellente plateforme de paiement en ligne qui offre une s\u00e9curit\u00e9 et une confidentialit\u00e9 maximales pour les cr\u00e9ateurs de contenu. La plateforme est facile \u00e0 utiliser et offre un processus de paiement rapide et s\u00e9curis\u00e9.<\/span><\/p>\n<p><span style=\"font-weight: 400;\"><\/span><\/p>\n<p><span style=\"font-weight: 400;\"><\/span><\/p>\n<h2><strong>Peut-on utiliser Paypal pour recevoir ses paiements sur Onlyfans\u2009?<\/strong><\/h2>\n<p><span style=\"font-weight: 400;\">Ces derni\u00e8res ann\u00e9es, la plateforme Onlyfans est devenue l\u2019un des plus grands succ\u00e8s du web. Elle permet \u00e0 quiconque de cr\u00e9er des comptes en ligne priv\u00e9s afin de partager du contenu payant avec des fans.\u00a0<\/span><\/p>\n<p><span style=\"font-weight: 400;\">Malheureusement, nous avons une mauvaise nouvelle pour les cr\u00e9ateurs souhaitant s\u2019inscrire sur Onlyfans\u00a0: <strong>PayPal n\u2019est pas disponible comme m\u00e9thode de paiement.\u00a0<\/strong><\/span><\/p>\n<p>Les cr\u00e9ateurs de contenu et les mod\u00e8les photo ne peuvent donc pas utiliser leur compte PayPal pour recevoir leurs gains d\u2019Onlyfans.\u00a0<\/p>\n<p><span style=\"font-weight: 400;\">Cette d\u00e9cision a \u00e9t\u00e9 prise par PayPal afin de prot\u00e9ger ses clients contre les contenus \u00e0 caract\u00e8re sexuel ou \u00e0 caract\u00e8re ill\u00e9gal, qui peuvent \u00eatre trouv\u00e9s sur Onlyfans. Effectivement la plateforme n\u2019est pas r\u00e9gul\u00e9e et certains contenus peuvent \u00eatre consid\u00e9r\u00e9s comme ill\u00e9gaux selon certains pays.<\/span><\/p>\n<p><span style=\"font-weight: 400;\">Alors, si vous \u00eates cr\u00e9ateur sur Onlyfans et que votre compte a \u00e9t\u00e9 d\u00e9j\u00e0 v\u00e9rifi\u00e9, vous pouvez quand m\u00eame retirer vos gains via l\u2019une des m\u00e9thodes de paiement suivant\u00a0:<\/span><\/p>\n<ul>\n<li style=\"font-weight: 400;\" aria-level=\"1\"><b>Virement bancaire\u00a0<\/b><span style=\"font-weight: 400;\">: il vous suffit de rentrer sur votre compte cr\u00e9ateur les informations relatives \u00e0 votre compte bancaire. Les virements internationaux sont \u00e9galement disponibles.<\/span><\/li>\n<li style=\"font-weight: 400;\" aria-level=\"1\"><b>Skrill<\/b><span style=\"font-weight: 400;\">\u00a0: il s\u2019agit d\u2019un compte \u00e9lectronique vous permettant de recevoir de l\u2019argent via des plateformes comme Onlyfans.<\/span><\/li>\n<li style=\"font-weight: 400;\" aria-level=\"1\"><b>Paxum<\/b><span style=\"font-weight: 400;\">\u00a0: il s\u2019agit d\u2019une application qui vous permet de recevoir vos gains Onlyfans \u00e0 partir de votre adresse mail.\u00a0\u00a0<\/span><\/li>\n<\/ul>\n<h2><span style=\"font-weight: 400;\"><\/span><\/h2>\n<h2><span style=\"font-weight: 400;\"><\/span><\/h2>\n<h2><strong>MYM, la meilleure alternative \u00e0 Onlyfans pour utiliser Paypal<\/strong><\/h2>\n<p>[\/et_pb_text][et_pb_image src=\u00a0\u00bbhttps:\/\/mymfamous.com\/wp-content\/uploads\/2023\/02\/mym-creators.jpg\u00a0\u00bb _builder_version=\u00a0\u00bb4.10.5&Prime; _module_preset=\u00a0\u00bbdefault\u00a0\u00bb alt=\u00a0\u00bbmym creators\u00a0\u00bb title_text=\u00a0\u00bbmym creators\u00a0\u00bb align=\u00a0\u00bbcenter\u00a0\u00bb hover_enabled=\u00a0\u00bb0&Prime; sticky_enabled=\u00a0\u00bb0&Prime; url=\u00a0\u00bbhttps:\/\/mym.link\/m4111&Prime; url_new_window=\u00a0\u00bbon\u00a0\u00bb][\/et_pb_image][et_pb_button button_url=\u00a0\u00bbhttps:\/\/mym.link\/m4111&Prime; button_text=\u00a0\u00bbS&rsquo;inscrire sur MYM\u00a0\u00bb button_alignment=\u00a0\u00bbcenter\u00a0\u00bb button_alignment_tablet=\u00a0\u00bbcenter\u00a0\u00bb button_alignment_phone=\u00a0\u00bbcenter\u00a0\u00bb button_alignment_last_edited=\u00a0\u00bbon|tablet\u00a0\u00bb _builder_version=\u00a0\u00bb4.10.5&Prime; _module_preset=\u00a0\u00bbdefault\u00a0\u00bb custom_button=\u00a0\u00bbon\u00a0\u00bb button_text_color=\u00a0\u00bb#FFFFFF\u00a0\u00bb button_bg_color=\u00a0\u00bb#f9577b\u00a0\u00bb button_use_icon=\u00a0\u00bboff\u00a0\u00bb hover_enabled=\u00a0\u00bb0&Prime; global_colors_info=\u00a0\u00bb{}\u00a0\u00bb button_text_size=\u00a0\u00bb26px\u00a0\u00bb sticky_enabled=\u00a0\u00bb0&Prime;][\/et_pb_button][et_pb_text _builder_version=\u00a0\u00bb4.10.5&Prime; _module_preset=\u00a0\u00bbdefault\u00a0\u00bb hover_enabled=\u00a0\u00bb0&Prime; sticky_enabled=\u00a0\u00bb0&Prime;]<\/p>\n<p><span style=\"font-weight: 400;\">Si vous \u00eates un cr\u00e9ateur de contenu et que vous souhaitez facilement recevoir des paiements de vos fans via votre compte Paypal, alors MYM est la plateforme id\u00e9ale pour vous.\u00a0<\/span><\/p>\n<p><span style=\"font-weight: 400;\">MYM est le premier concurrent d\u2019Onlyfans qui permet aux cr\u00e9ateurs de contenu de proposer des abonnements payants \u00e0 leurs fans en \u00e9change de contenus photos et vid\u00e9os exclusifs. MYM dispose \u00e0 l\u2019heure actuelle de la plus grande communaut\u00e9 francophone de fans, qui grossit de jour en jour. MYM Creator est donc la plateforme incontournable pour tout cr\u00e9ateur de contenu ou mod\u00e8le photo qui souhaite se lancer dans la mon\u00e9tisation de son contenu.<\/span><\/p>\n<p><span style=\"font-weight: 400;\"><\/span><\/p>\n<h3><b>Comment recevoir ses gains sur son compte Paypal \u00e0 partir de sa page MYM\u2009?<\/b><\/h3>\n<p><span style=\"font-weight: 400;\">Pour pouvoir obtenir un paiement de la plateforme MYM Creator, vous devez pouvoir remplir les trois crit\u00e8res suivants\u00a0:<\/span><\/p>\n<ul>\n<li style=\"font-weight: 400;\" aria-level=\"1\"><span style=\"font-weight: 400;\">Un compte cr\u00e9ateur certifi\u00e9,<\/span><\/li>\n<li style=\"font-weight: 400;\" aria-level=\"1\"><span style=\"font-weight: 400;\">L\u2019ajout de Paypal comme m\u00e9thode de paiement,<\/span><\/li>\n<li style=\"font-weight: 400;\" aria-level=\"1\"><span style=\"font-weight: 400;\">Disposer d\u2019un minimum de 50\u00a0euros de gains valid\u00e9s.<\/span><\/li>\n<\/ul>\n<p><span style=\"font-weight: 400;\">Et pour les comptes professionnels qui g\u00e9n\u00e8rent de forts revenus mensuels, vous devez t\u00e9l\u00e9charger une facture sur votre compte MYM.\u00a0<\/span><\/p>\n<p><span style=\"font-weight: 400;\">MYM est tr\u00e8s facile \u00e0 utiliser. Vous pouvez configurer votre paiement en seulement quelques minutes en vous rendant dans les param\u00e8tres de votre compte cr\u00e9ateur. De plus, MYM offre une assistance client\u00e8le 24h\/24 et 7j\/7 pour vous assister.<\/span><\/p>\n<p><span style=\"font-weight: 400;\">MYM est l\u2019une des meilleures alternatives \u00e0 Onlyfans pour les cr\u00e9ateurs de contenus. Elle offre \u00e0 ses mod\u00e8les, la possibilit\u00e9 de mon\u00e9tiser leur contenu de mani\u00e8re flexible et rentable. Les cr\u00e9ateurs peuvent g\u00e9rer leurs abonnements et leurs offres premium, comme des offres \u00e0 dur\u00e9e limit\u00e9e ou \u00e0 des tarifs sp\u00e9ciaux. Les paiements sont s\u00e9curis\u00e9s et les transactions peuvent \u00eatre effectu\u00e9es via la plateforme PayPal.<\/span><\/p>\n<p>[\/et_pb_text][\/et_pb_column][\/et_pb_row][et_pb_row _builder_version=\u00a0\u00bb4.10.5&Prime; _module_preset=\u00a0\u00bbdefault\u00a0\u00bb global_colors_info=\u00a0\u00bb{}\u00a0\u00bb][et_pb_column type=\u00a0\u00bb4_4&Prime; _builder_version=\u00a0\u00bb4.10.5&Prime; _module_preset=\u00a0\u00bbdefault\u00a0\u00bb global_colors_info=\u00a0\u00bb{}\u00a0\u00bb][et_pb_button button_url=\u00a0\u00bbhttps:\/\/mym.link\/m4111&Prime; button_text=\u00a0\u00bbS&rsquo;inscrire sur MYM\u00a0\u00bb button_alignment=\u00a0\u00bbcenter\u00a0\u00bb button_alignment_tablet=\u00a0\u00bbcenter\u00a0\u00bb button_alignment_phone=\u00a0\u00bbcenter\u00a0\u00bb button_alignment_last_edited=\u00a0\u00bbon|tablet\u00a0\u00bb _builder_version=\u00a0\u00bb4.10.5&Prime; _module_preset=\u00a0\u00bbdefault\u00a0\u00bb custom_button=\u00a0\u00bbon\u00a0\u00bb button_text_color=\u00a0\u00bb#FFFFFF\u00a0\u00bb button_bg_color=\u00a0\u00bb#f9577b\u00a0\u00bb button_use_icon=\u00a0\u00bboff\u00a0\u00bb hover_enabled=\u00a0\u00bb0&Prime; global_colors_info=\u00a0\u00bb{}\u00a0\u00bb button_text_size=\u00a0\u00bb26px\u00a0\u00bb sticky_enabled=\u00a0\u00bb0&Prime;][\/et_pb_button][\/et_pb_column][\/et_pb_row][\/et_pb_section]<\/p>\n\n\n<div class=\"kk-star-ratings kksr-auto kksr-align-center kksr-valign-bottom kksr-disabled\"\n    data-payload='{&quot;align&quot;:&quot;center&quot;,&quot;id&quot;:&quot;285&quot;,&quot;readonly&quot;:&quot;1&quot;,&quot;slug&quot;:&quot;default&quot;,&quot;valign&quot;:&quot;bottom&quot;,&quot;ignore&quot;:&quot;&quot;,&quot;reference&quot;:&quot;auto&quot;,&quot;class&quot;:&quot;&quot;,&quot;count&quot;:&quot;0&quot;,&quot;legendonly&quot;:&quot;&quot;,&quot;score&quot;:&quot;0&quot;,&quot;starsonly&quot;:&quot;&quot;,&quot;best&quot;:&quot;5&quot;,&quot;gap&quot;:&quot;4&quot;,&quot;greet&quot;:&quot;Notez cet article&quot;,&quot;legend&quot;:&quot;0\\\/5 - (0 votos)&quot;,&quot;size&quot;:&quot;24&quot;,&quot;title&quot;:&quot;Comment utiliser Paypal sur Onlyfans (Guide complet [year])&quot;,&quot;width&quot;:&quot;0&quot;,&quot;_legend&quot;:&quot;{score}\\\/{best} - ({count} {votes})&quot;,&quot;font_factor&quot;:&quot;1.25&quot;}'>\n            \n<div class=\"kksr-stars\">\n    \n<div class=\"kksr-stars-inactive\">\n            <div class=\"kksr-star\" data-star=\"1\" style=\"padding-right: 4px\">\n            \n\n<div class=\"kksr-icon\" style=\"width: 24px; height: 24px;\"><\/div>\n        <\/div>\n            <div class=\"kksr-star\" data-star=\"2\" style=\"padding-right: 4px\">\n            \n\n<div class=\"kksr-icon\" style=\"width: 24px; height: 24px;\"><\/div>\n        <\/div>\n            <div class=\"kksr-star\" data-star=\"3\" style=\"padding-right: 4px\">\n            \n\n<div class=\"kksr-icon\" style=\"width: 24px; height: 24px;\"><\/div>\n        <\/div>\n            <div class=\"kksr-star\" data-star=\"4\" style=\"padding-right: 4px\">\n            \n\n<div class=\"kksr-icon\" style=\"width: 24px; height: 24px;\"><\/div>\n        <\/div>\n            <div class=\"kksr-star\" data-star=\"5\" style=\"padding-right: 4px\">\n            \n\n<div class=\"kksr-icon\" style=\"width: 24px; height: 24px;\"><\/div>\n        <\/div>\n    <\/div>\n    \n<div class=\"kksr-stars-active\" style=\"width: 0px;\">\n            <div class=\"kksr-star\" style=\"padding-right: 4px\">\n            \n\n<div class=\"kksr-icon\" style=\"width: 24px; height: 24px;\"><\/div>\n        <\/div>\n            <div class=\"kksr-star\" style=\"padding-right: 4px\">\n            \n\n<div class=\"kksr-icon\" style=\"width: 24px; height: 24px;\"><\/div>\n        <\/div>\n            <div class=\"kksr-star\" style=\"padding-right: 4px\">\n            \n\n<div class=\"kksr-icon\" style=\"width: 24px; height: 24px;\"><\/div>\n        <\/div>\n            <div class=\"kksr-star\" style=\"padding-right: 4px\">\n            \n\n<div class=\"kksr-icon\" style=\"width: 24px; height: 24px;\"><\/div>\n        <\/div>\n            <div class=\"kksr-star\" style=\"padding-right: 4px\">\n            \n\n<div class=\"kksr-icon\" style=\"width: 24px; height: 24px;\"><\/div>\n        <\/div>\n    <\/div>\n<\/div>\n                \n\n<div class=\"kksr-legend\" style=\"font-size: 19.2px;\">\n            <span class=\"kksr-muted\">Notez cet article<\/span>\n    <\/div>\n    <\/div>\n","protected":false},"excerpt":{"rendered":"<p>Avez-vous d\u00e9j\u00e0 entendu parler d\u2019Onlyfans\u2009? Il s\u2019agit d\u2019une plateforme en ligne cr\u00e9\u00e9e pour les influenceurs, les artistes et les cr\u00e9ateurs qui souhaitent partager des contenus exclusifs avec leur public. Mais beaucoup de futurs cr\u00e9ateurs aimeraient savoir comment relier leur compte PayPal \u00e0 leur compte Onlyfans. Si vous vous posez \u00e9galement cette question, alors voici nos [&hellip;]<\/p>\n","protected":false},"author":1,"featured_media":0,"parent":0,"menu_order":0,"comment_status":"closed","ping_status":"closed","template":"","meta":{"_et_pb_use_builder":"on","_et_pb_old_content":"","_et_gb_content_width":"","om_disable_all_campaigns":false,"footnotes":""},"class_list":["post-285","page","type-page","status-publish","hentry"],"yoast_head":"<!-- This site is optimized with the Yoast SEO plugin v27.3 - https:\/\/yoast.com\/product\/yoast-seo-wordpress\/ -->\n<title>Comment utiliser Paypal sur Onlyfans (Guide complet 2026) - MYM Famous<\/title>\n<meta name=\"robots\" content=\"index, follow, max-snippet:-1, max-image-preview:large, max-video-preview:-1\" \/>\n<link rel=\"canonical\" href=\"https:\/\/mymfamous.com\/es_ve\/onlyfans-paypal\/\" \/>\n<meta property=\"og:locale\" content=\"es_ES\" \/>\n<meta property=\"og:type\" content=\"article\" \/>\n<meta property=\"og:title\" content=\"Comment utiliser Paypal sur Onlyfans (Guide complet 2026) - MYM Famous\" \/>\n<meta property=\"og:description\" content=\"Avez-vous d\u00e9j\u00e0 entendu parler d\u2019Onlyfans\u2009? Il s\u2019agit d\u2019une plateforme en ligne cr\u00e9\u00e9e pour les influenceurs, les artistes et les cr\u00e9ateurs qui souhaitent partager des contenus exclusifs avec leur public. Mais beaucoup de futurs cr\u00e9ateurs aimeraient savoir comment relier leur compte PayPal \u00e0 leur compte Onlyfans. Si vous vous posez \u00e9galement cette question, alors voici nos [&hellip;]\" \/>\n<meta property=\"og:url\" content=\"https:\/\/mymfamous.com\/es_ve\/onlyfans-paypal\/\" \/>\n<meta property=\"og:site_name\" content=\"MYM Famous\" \/>\n<meta property=\"article:modified_time\" content=\"2023-02-06T09:38:51+00:00\" \/>\n<meta name=\"twitter:card\" content=\"summary_large_image\" \/>\n<script type=\"application\/ld+json\" class=\"yoast-schema-graph\">{\"@context\":\"https:\\\/\\\/schema.org\",\"@graph\":[{\"@type\":\"WebPage\",\"@id\":\"https:\\\/\\\/mymfamous.com\\\/onlyfans-paypal\",\"url\":\"https:\\\/\\\/mymfamous.com\\\/onlyfans-paypal\",\"name\":\"Comment utiliser Paypal sur Onlyfans (Guide complet 2026) - MYM Famous\",\"isPartOf\":{\"@id\":\"https:\\\/\\\/mymfamous.com\\\/#website\"},\"datePublished\":\"2023-02-06T09:29:07+00:00\",\"dateModified\":\"2023-02-06T09:38:51+00:00\",\"breadcrumb\":{\"@id\":\"https:\\\/\\\/mymfamous.com\\\/onlyfans-paypal#breadcrumb\"},\"inLanguage\":\"es\",\"potentialAction\":[{\"@type\":\"ReadAction\",\"target\":[\"https:\\\/\\\/mymfamous.com\\\/onlyfans-paypal\"]}]},{\"@type\":\"BreadcrumbList\",\"@id\":\"https:\\\/\\\/mymfamous.com\\\/onlyfans-paypal#breadcrumb\",\"itemListElement\":[{\"@type\":\"ListItem\",\"position\":1,\"name\":\"Accueil\",\"item\":\"https:\\\/\\\/mymfamous.com\\\/\"},{\"@type\":\"ListItem\",\"position\":2,\"name\":\"Comment utiliser Paypal sur Onlyfans (Guide complet 2023)\"}]},{\"@type\":\"WebSite\",\"@id\":\"https:\\\/\\\/mymfamous.com\\\/#website\",\"url\":\"https:\\\/\\\/mymfamous.com\\\/\",\"name\":\"MYM Famous\",\"description\":\"Avis MYM Fans : le r\u00e9seau social Priv\u00e9 des Personnalit\u00e9s\",\"potentialAction\":[{\"@type\":\"SearchAction\",\"target\":{\"@type\":\"EntryPoint\",\"urlTemplate\":\"https:\\\/\\\/mymfamous.com\\\/?s={search_term_string}\"},\"query-input\":{\"@type\":\"PropertyValueSpecification\",\"valueRequired\":true,\"valueName\":\"search_term_string\"}}],\"inLanguage\":\"es\"}]}<\/script>\n<!-- \/ Yoast SEO plugin. -->","yoast_head_json":{"title":"Comment utiliser Paypal sur Onlyfans (Guide complet 2026) - MYM Famous","robots":{"index":"index","follow":"follow","max-snippet":"max-snippet:-1","max-image-preview":"max-image-preview:large","max-video-preview":"max-video-preview:-1"},"canonical":"https:\/\/mymfamous.com\/es_ve\/onlyfans-paypal\/","og_locale":"es_ES","og_type":"article","og_title":"Comment utiliser Paypal sur Onlyfans (Guide complet 2026) - MYM Famous","og_description":"Avez-vous d\u00e9j\u00e0 entendu parler d\u2019Onlyfans\u2009? Il s\u2019agit d\u2019une plateforme en ligne cr\u00e9\u00e9e pour les influenceurs, les artistes et les cr\u00e9ateurs qui souhaitent partager des contenus exclusifs avec leur public. Mais beaucoup de futurs cr\u00e9ateurs aimeraient savoir comment relier leur compte PayPal \u00e0 leur compte Onlyfans. Si vous vous posez \u00e9galement cette question, alors voici nos [&hellip;]","og_url":"https:\/\/mymfamous.com\/es_ve\/onlyfans-paypal\/","og_site_name":"MYM Famous","article_modified_time":"2023-02-06T09:38:51+00:00","twitter_card":"summary_large_image","schema":{"@context":"https:\/\/schema.org","@graph":[{"@type":"WebPage","@id":"https:\/\/mymfamous.com\/onlyfans-paypal","url":"https:\/\/mymfamous.com\/onlyfans-paypal","name":"Comment utiliser Paypal sur Onlyfans (Guide complet 2026) - MYM Famous","isPartOf":{"@id":"https:\/\/mymfamous.com\/#website"},"datePublished":"2023-02-06T09:29:07+00:00","dateModified":"2023-02-06T09:38:51+00:00","breadcrumb":{"@id":"https:\/\/mymfamous.com\/onlyfans-paypal#breadcrumb"},"inLanguage":"es","potentialAction":[{"@type":"ReadAction","target":["https:\/\/mymfamous.com\/onlyfans-paypal"]}]},{"@type":"BreadcrumbList","@id":"https:\/\/mymfamous.com\/onlyfans-paypal#breadcrumb","itemListElement":[{"@type":"ListItem","position":1,"name":"Accueil","item":"https:\/\/mymfamous.com\/"},{"@type":"ListItem","position":2,"name":"Comment utiliser Paypal sur Onlyfans (Guide complet 2023)"}]},{"@type":"WebSite","@id":"https:\/\/mymfamous.com\/#website","url":"https:\/\/mymfamous.com\/","name":"MYM Famosos","description":"Rese\u00f1a de MYM Fans: la red social privada para famosos","potentialAction":[{"@type":"SearchAction","target":{"@type":"EntryPoint","urlTemplate":"https:\/\/mymfamous.com\/?s={search_term_string}"},"query-input":{"@type":"PropertyValueSpecification","valueRequired":true,"valueName":"search_term_string"}}],"inLanguage":"es"}]}},"jetpack_sharing_enabled":true,"_links":{"self":[{"href":"https:\/\/mymfamous.com\/es_ve\/wp-json\/wp\/v2\/pages\/285","targetHints":{"allow":["GET"]}}],"collection":[{"href":"https:\/\/mymfamous.com\/es_ve\/wp-json\/wp\/v2\/pages"}],"about":[{"href":"https:\/\/mymfamous.com\/es_ve\/wp-json\/wp\/v2\/types\/page"}],"author":[{"embeddable":true,"href":"https:\/\/mymfamous.com\/es_ve\/wp-json\/wp\/v2\/users\/1"}],"replies":[{"embeddable":true,"href":"https:\/\/mymfamous.com\/es_ve\/wp-json\/wp\/v2\/comments?post=285"}],"version-history":[{"count":3,"href":"https:\/\/mymfamous.com\/es_ve\/wp-json\/wp\/v2\/pages\/285\/revisions"}],"predecessor-version":[{"id":291,"href":"https:\/\/mymfamous.com\/es_ve\/wp-json\/wp\/v2\/pages\/285\/revisions\/291"}],"wp:attachment":[{"href":"https:\/\/mymfamous.com\/es_ve\/wp-json\/wp\/v2\/media?parent=285"}],"curies":[{"name":"wp","href":"https:\/\/api.w.org\/{rel}","templated":true}]}}