{"id":37,"date":"2021-09-07T07:49:41","date_gmt":"2021-09-07T07:49:41","guid":{"rendered":"https:\/\/mymfamous.com\/?page_id=37"},"modified":"2021-09-09T06:19:57","modified_gmt":"2021-09-09T06:19:57","slug":"affiliation-mymfans-ambassadeur","status":"publish","type":"page","link":"https:\/\/mymfamous.com\/it\/affiliation-mymfans-ambassadeur","title":{"rendered":"Affiliato MYM Fans - Diventa un Ambasciatore e guadagna 10% delle entrate generate dai modelli."},"content":{"rendered":"<p>[et_pb_section fb_built=\u00a0\u00bb1&Prime; _builder_version=\u00a0\u00bb4.10.5&Prime; _module_preset=\u00a0\u00bbdefault\u00a0\u00bb global_colors_info=\u00a0\u00bb{}\u00a0\u00bb][et_pb_row _builder_version=\u00a0\u00bb4.10.5&Prime; _module_preset=\u00a0\u00bbdefault\u00a0\u00bb global_colors_info=\u00a0\u00bb{}\u00a0\u00bb][et_pb_column type=\u00a0\u00bb4_4&Prime; _builder_version=\u00a0\u00bb4.10.5&Prime; _module_preset=\u00a0\u00bbdefault\u00a0\u00bb global_colors_info=\u00a0\u00bb{}\u00a0\u00bb][et_pb_text _builder_version=\u00a0\u00bb4.10.5&Prime; _module_preset=\u00a0\u00bbdefault\u00a0\u00bb header_font=\u00a0\u00bbOswald||||||||\u00a0\u00bb header_text_align=\u00a0\u00bbcenter\u00a0\u00bb global_colors_info=\u00a0\u00bb{}\u00a0\u00bb]<\/p>\n<h1>Affiliation MYM fans &#8211; Devenez Ambassadeur et gagnez 10% des revenus g\u00e9n\u00e9r\u00e9s par les mod\u00e8les<\/h1>\n<p>[\/et_pb_text][et_pb_text _builder_version=\u00a0\u00bb4.10.5&Prime; _module_preset=\u00a0\u00bbdefault\u00a0\u00bb header_font=\u00a0\u00bbOswald||||||||\u00a0\u00bb header_text_align=\u00a0\u00bbcenter\u00a0\u00bb custom_margin=\u00a0\u00bb||3px|||\u00a0\u00bb global_colors_info=\u00a0\u00bb{}\u00a0\u00bb]<\/p>\n<p>MYM Fans est une r\u00e9seau social populaire pour les personnalit\u00e9s et leurs fans.<\/p>\n<p>MYM dispose \u00e9galement d&rsquo;un <strong>programme d&rsquo;affiliation<\/strong> dans le cadre duquel les <strong>ambassadeurs<\/strong> peuvent gagner un revshare de 10% \u00e0 vie sur tous les nouveaux artistes, personnalit\u00e9s et mod\u00e8les r\u00e9f\u00e9r\u00e9s sur le site, et 50% sur les revenus des Ambassadeurs qui s&rsquo;inscrivent avec votre lien.<\/p>\n<p>Si vous avez du trafic de mannequins ou d&rsquo;influenceurs, MYM Fans est l&rsquo;un des r\u00e9seaux dont vous devez absolument faire la promotion.<\/p>\n<p>Les paiements tr\u00e8s \u00e9lev\u00e9s de 75% \u00e0 90 % rendent la plateforme tr\u00e8s populaire et le revenu par abonnement la rend incroyablement rentable ! Voici tous les d\u00e9tails sur le programme d&rsquo;affiliation de MYM Fans.<\/p>\n<p>&nbsp;<\/p>\n<p>[\/et_pb_text][et_pb_button button_url=\u00a0\u00bbhttps:\/\/mym.link\/a4111&Prime; button_text=\u00a0\u00bbRejoindre le programme d&rsquo;affiliation MYM Fans  Gratuitement\u00a0\u00bb button_alignment=\u00a0\u00bbcenter\u00a0\u00bb button_alignment_tablet=\u00a0\u00bbcenter\u00a0\u00bb button_alignment_phone=\u00a0\u00bbcenter\u00a0\u00bb button_alignment_last_edited=\u00a0\u00bbon|phone\u00a0\u00bb _builder_version=\u00a0\u00bb4.10.5&Prime; _module_preset=\u00a0\u00bbdefault\u00a0\u00bb custom_button=\u00a0\u00bbon\u00a0\u00bb button_text_color=\u00a0\u00bb#FFFFFF\u00a0\u00bb button_bg_color=\u00a0\u00bb#62c8cd\u00a0\u00bb button_use_icon=\u00a0\u00bboff\u00a0\u00bb hover_enabled=\u00a0\u00bb0&Prime; global_colors_info=\u00a0\u00bb{}\u00a0\u00bb sticky_enabled=\u00a0\u00bb0&Prime;][\/et_pb_button][et_pb_text _builder_version=\u00a0\u00bb4.10.5&Prime; _module_preset=\u00a0\u00bbdefault\u00a0\u00bb header_font=\u00a0\u00bbOswald||||||||\u00a0\u00bb header_text_align=\u00a0\u00bbcenter\u00a0\u00bb global_colors_info=\u00a0\u00bb{}\u00a0\u00bb]<\/p>\n<p><strong>Informations rapides :<\/strong><\/p>\n<ul>\n<li>Commissions : 10% Revshare \u00e0 vie<\/li>\n<li>Outils de promotion : Liens profonds<\/li>\n<li>Fr\u00e9quence des paiements : 3 jours, 7 jours, 15 jours ou Mensuel<\/li>\n<li>Options d&rsquo;encaissement : Paypal, SEPA<\/li>\n<li>Paiement minimum : 50\u20ac<\/li>\n<\/ul>\n<p>[\/et_pb_text][et_pb_image src=\u00a0\u00bbhttps:\/\/mymfamous.com\/wp-content\/uploads\/2021\/09\/Capture-de\u0301cran-2021-09-07-a\u0300-09.48.04-scaled.jpg\u00a0\u00bb alt=\u00a0\u00bbprogramme d&rsquo;affiliation mym \u00a0\u00bb title_text=\u00a0\u00bbprogramme d&rsquo;affiliation mym \u00a0\u00bb _builder_version=\u00a0\u00bb4.10.5&Prime; _module_preset=\u00a0\u00bbdefault\u00a0\u00bb global_colors_info=\u00a0\u00bb{}\u00a0\u00bb][\/et_pb_image][\/et_pb_column][\/et_pb_row][et_pb_row _builder_version=\u00a0\u00bb4.10.5&Prime; _module_preset=\u00a0\u00bbdefault\u00a0\u00bb global_colors_info=\u00a0\u00bb{}\u00a0\u00bb][et_pb_column type=\u00a0\u00bb4_4&Prime; _builder_version=\u00a0\u00bb4.10.5&Prime; _module_preset=\u00a0\u00bbdefault\u00a0\u00bb global_colors_info=\u00a0\u00bb{}\u00a0\u00bb][et_pb_text _builder_version=\u00a0\u00bb4.10.5&Prime; _module_preset=\u00a0\u00bbdefault\u00a0\u00bb header_font=\u00a0\u00bbOswald||||||||\u00a0\u00bb header_text_align=\u00a0\u00bbcenter\u00a0\u00bb header_2_font=\u00a0\u00bbOswald||||||||\u00a0\u00bb global_colors_info=\u00a0\u00bb{}\u00a0\u00bb]<\/p>\n<h2>Gagnez 10% de commission sur les mod\u00e8les, et 50% de commissions sur les ambassadeurs<\/h2>\n<p>Gagnez une commission de 10% sur tous les nouveaux artistes \/ mod\u00e8les \/ cr\u00e9ateurs de contenu r\u00e9f\u00e9renc\u00e9s sur MYM Fans. En raison de la nature de l&rsquo;abonnement \u00e0 MYM et du revenu r\u00e9siduel qu&rsquo;il g\u00e9n\u00e8re, les gains peuvent \u00eatre tr\u00e8s lucratifs. Chaque artiste qui est tr\u00e8s actif sur la plateforme devrait augmenter ses revenus mensuels en acqu\u00e9rant r\u00e9guli\u00e8rement de nouveaux abonn\u00e9s (tout en conservant ceux qu&rsquo;il a d\u00e9j\u00e0), et cela s&rsquo;applique pour chaque nouveau mod\u00e8le r\u00e9f\u00e9renc\u00e9 sur le site.<\/p>\n<p>&nbsp;<\/p>\n<h2>Paiements : Paiements minimums, calendrier des paiements et options d&rsquo;encaissement<\/h2>\n<p>Les paiements des affili\u00e9s MYM Fans sont effectu\u00e9s au chois tous les 3 jours, tous les 7 jours, tous les 15 jours ou mensuellement.<\/p>\n<p>MYM fans propose plusieurs options de paiement. Les affili\u00e9s ont la possibilit\u00e9 de retirer leurs gains par Paypal et virement bancaire.\u00a0<\/p>\n<p>L&rsquo;encaissement minimum est de 50 euros . Les mod\u00e8les ont \u00e9galement la possibilit\u00e9 de d\u00e9finir des encaissements \u00e0 la m\u00eame fr\u00e9quence.<\/p>\n<p>&nbsp;<\/p>\n<h2>Outils de promotion : Liens direct<\/h2>\n<p>Pour faire la promotion de MYM, vous disposez d&rsquo;un lien unique qui vous est propre et qui comptabilise les visiteurs et nouveaux membres inscrits grace \u00e0 un cookie de suivi. Il n&rsquo;y a pas de banni\u00e8res, d&rsquo;illustrations ou d&rsquo;autres outils promotionnels pour le programme d&rsquo;affiliation de MYM.\u00a0<\/p>\n<p>&nbsp;<\/p>\n<h2>Statistiques de r\u00e9f\u00e9rence \/ Page des gains<\/h2>\n<p>La page de statistiques de MYM donne \u00e9galement quelques bonnes statistiques sur les utilisateurs r\u00e9f\u00e9r\u00e9s. Ils sont class\u00e9s par ordre d&rsquo;importance des gains des r\u00e9f\u00e9rents et indique la date d&rsquo;adh\u00e9sion, le montant total gagn\u00e9 et les liens vers leur plateforme. Il est ainsi facile d&rsquo;identifier les personnes qui gagnent le plus et de savoir quand elles ont adh\u00e9r\u00e9.<\/p>\n<p>&nbsp;<\/p>\n<h2>Plus d&rsquo;informations sur MYM<\/h2>\n<p>Pr\u00eat \u00e0 commencer \u00e0 promouvoir MYM ? Inscrivez-vous aujourd&rsquo;hui ! Le processus d&rsquo;inscription est rapide et facile et vous pouvez commencer en un rien de temps. MYM est une plateforme de fan-club de premier plan avec des tonnes de fonctionnalit\u00e9s int\u00e9ressantes. MYM pr\u00e9sente un pourcentage \u00e9lev\u00e9, ce qui le rend tr\u00e8s attrayant pour les artistes et les influenceurs. Le site est convivial et prend en charge le t\u00e9l\u00e9chargement mobile directement \u00e0 partir du t\u00e9l\u00e9phone, ce qui le rend parfait pour le partage de selfies et de contenu en coulisses. Vous pouvez en savoir plus sur la plateforme et vous inscrire au programme d&rsquo;affiliation en consultant le lien ci-dessous.<\/p>\n<p>[\/et_pb_text][et_pb_button button_url=\u00a0\u00bbhttps:\/\/mym.link\/a4111&Prime; button_text=\u00a0\u00bbRejoindre le programme d&rsquo;affiliation MYM Fans Gratuitement\u00a0\u00bb button_alignment=\u00a0\u00bbcenter\u00a0\u00bb button_alignment_tablet=\u00a0\u00bbcenter\u00a0\u00bb button_alignment_phone=\u00a0\u00bbcenter\u00a0\u00bb button_alignment_last_edited=\u00a0\u00bbon|phone\u00a0\u00bb _builder_version=\u00a0\u00bb4.10.5&Prime; _module_preset=\u00a0\u00bbdefault\u00a0\u00bb custom_button=\u00a0\u00bbon\u00a0\u00bb button_text_color=\u00a0\u00bb#FFFFFF\u00a0\u00bb button_bg_color=\u00a0\u00bb#62c8cd\u00a0\u00bb button_use_icon=\u00a0\u00bboff\u00a0\u00bb hover_enabled=\u00a0\u00bb0&Prime; global_colors_info=\u00a0\u00bb{}\u00a0\u00bb sticky_enabled=\u00a0\u00bb0&Prime;][\/et_pb_button][\/et_pb_column][\/et_pb_row][\/et_pb_section]<\/p>\n\n\n<div class=\"kk-star-ratings kksr-auto kksr-align-center kksr-valign-bottom kksr-disabled\"\n    data-payload='{&quot;align&quot;:&quot;center&quot;,&quot;id&quot;:&quot;37&quot;,&quot;readonly&quot;:&quot;1&quot;,&quot;slug&quot;:&quot;default&quot;,&quot;valign&quot;:&quot;bottom&quot;,&quot;ignore&quot;:&quot;&quot;,&quot;reference&quot;:&quot;auto&quot;,&quot;class&quot;:&quot;&quot;,&quot;count&quot;:&quot;7&quot;,&quot;legendonly&quot;:&quot;&quot;,&quot;score&quot;:&quot;4.9&quot;,&quot;starsonly&quot;:&quot;&quot;,&quot;best&quot;:&quot;5&quot;,&quot;gap&quot;:&quot;4&quot;,&quot;greet&quot;:&quot;Notez cet article&quot;,&quot;legend&quot;:&quot;4.9\\\/5 - (7 votes)&quot;,&quot;size&quot;:&quot;24&quot;,&quot;title&quot;:&quot;Affiliation MYM fans - Devenez Ambassadeur et gagnez 10% des revenus g\u00e9n\u00e9r\u00e9s par les mod\u00e8les&quot;,&quot;width&quot;:&quot;135.2&quot;,&quot;_legend&quot;:&quot;{score}\\\/{best} - ({count} {votes})&quot;,&quot;font_factor&quot;:&quot;1.25&quot;}'>\n            \n<div class=\"kksr-stars\">\n    \n<div class=\"kksr-stars-inactive\">\n            <div class=\"kksr-star\" data-star=\"1\" style=\"padding-right: 4px\">\n            \n\n<div class=\"kksr-icon\" style=\"width: 24px; height: 24px;\"><\/div>\n        <\/div>\n            <div class=\"kksr-star\" data-star=\"2\" style=\"padding-right: 4px\">\n            \n\n<div class=\"kksr-icon\" style=\"width: 24px; height: 24px;\"><\/div>\n        <\/div>\n            <div class=\"kksr-star\" data-star=\"3\" style=\"padding-right: 4px\">\n            \n\n<div class=\"kksr-icon\" style=\"width: 24px; height: 24px;\"><\/div>\n        <\/div>\n            <div class=\"kksr-star\" data-star=\"4\" style=\"padding-right: 4px\">\n            \n\n<div class=\"kksr-icon\" style=\"width: 24px; height: 24px;\"><\/div>\n        <\/div>\n            <div class=\"kksr-star\" data-star=\"5\" style=\"padding-right: 4px\">\n            \n\n<div class=\"kksr-icon\" style=\"width: 24px; height: 24px;\"><\/div>\n        <\/div>\n    <\/div>\n    \n<div class=\"kksr-stars-active\" style=\"width: 135.2px;\">\n            <div class=\"kksr-star\" style=\"padding-right: 4px\">\n            \n\n<div class=\"kksr-icon\" style=\"width: 24px; height: 24px;\"><\/div>\n        <\/div>\n            <div class=\"kksr-star\" style=\"padding-right: 4px\">\n            \n\n<div class=\"kksr-icon\" style=\"width: 24px; height: 24px;\"><\/div>\n        <\/div>\n            <div class=\"kksr-star\" style=\"padding-right: 4px\">\n            \n\n<div class=\"kksr-icon\" style=\"width: 24px; height: 24px;\"><\/div>\n        <\/div>\n            <div class=\"kksr-star\" style=\"padding-right: 4px\">\n            \n\n<div class=\"kksr-icon\" style=\"width: 24px; height: 24px;\"><\/div>\n        <\/div>\n            <div class=\"kksr-star\" style=\"padding-right: 4px\">\n            \n\n<div class=\"kksr-icon\" style=\"width: 24px; height: 24px;\"><\/div>\n        <\/div>\n    <\/div>\n<\/div>\n                \n\n<div class=\"kksr-legend\" style=\"font-size: 19.2px;\">\n            4.9\/5 - (7 votes)    <\/div>\n    <\/div>\n","protected":false},"excerpt":{"rendered":"<p>Affiliation MYM fans &#8211; Devenez Ambassadeur et gagnez 10% des revenus g\u00e9n\u00e9r\u00e9s par les mod\u00e8lesMYM Fans est une r\u00e9seau social populaire pour les personnalit\u00e9s et leurs fans. MYM dispose \u00e9galement d&rsquo;un programme d&rsquo;affiliation dans le cadre duquel les ambassadeurs peuvent gagner un revshare de 10% \u00e0 vie sur tous les nouveaux artistes, personnalit\u00e9s et mod\u00e8les [&hellip;]<\/p>\n","protected":false},"author":1,"featured_media":0,"parent":0,"menu_order":0,"comment_status":"closed","ping_status":"closed","template":"","meta":{"_et_pb_use_builder":"on","_et_pb_old_content":"","_et_gb_content_width":"","om_disable_all_campaigns":false,"footnotes":""},"class_list":["post-37","page","type-page","status-publish","hentry"],"yoast_head":"<!-- This site is optimized with the Yoast SEO plugin v27.3 - https:\/\/yoast.com\/product\/yoast-seo-wordpress\/ -->\n<title>Affiliation MYM fans - Devenez Ambassadeur et gagnez 10% des revenus g\u00e9n\u00e9r\u00e9s par les mod\u00e8les - MYM Famous<\/title>\n<meta name=\"robots\" content=\"index, follow, max-snippet:-1, max-image-preview:large, max-video-preview:-1\" \/>\n<link rel=\"canonical\" href=\"https:\/\/mymfamous.com\/it\/affiliazione-mymfans-ambasciatore\/\" \/>\n<meta property=\"og:locale\" content=\"it_IT\" \/>\n<meta property=\"og:type\" content=\"article\" \/>\n<meta property=\"og:title\" content=\"Affiliation MYM fans - Devenez Ambassadeur et gagnez 10% des revenus g\u00e9n\u00e9r\u00e9s par les mod\u00e8les - MYM Famous\" \/>\n<meta property=\"og:description\" content=\"Affiliation MYM fans - Devenez Ambassadeur et gagnez 10% des revenus g\u00e9n\u00e9r\u00e9s par les mod\u00e8lesMYM Fans est une r\u00e9seau social populaire pour les personnalit\u00e9s et leurs fans. MYM dispose \u00e9galement d&#039;un programme d&#039;affiliation dans le cadre duquel les ambassadeurs peuvent gagner un revshare de 10% \u00e0 vie sur tous les nouveaux artistes, personnalit\u00e9s et mod\u00e8les [&hellip;]\" \/>\n<meta property=\"og:url\" content=\"https:\/\/mymfamous.com\/it\/affiliazione-mymfans-ambasciatore\/\" \/>\n<meta property=\"og:site_name\" content=\"MYM Famous\" \/>\n<meta property=\"article:modified_time\" content=\"2021-09-09T06:19:57+00:00\" \/>\n<meta name=\"twitter:card\" content=\"summary_large_image\" \/>\n<meta name=\"twitter:label1\" content=\"Tempo di lettura stimato\" \/>\n\t<meta name=\"twitter:data1\" content=\"3 minuti\" \/>\n<script type=\"application\/ld+json\" class=\"yoast-schema-graph\">{\"@context\":\"https:\\\/\\\/schema.org\",\"@graph\":[{\"@type\":\"WebPage\",\"@id\":\"https:\\\/\\\/mymfamous.com\\\/affiliation-mymfans-ambassadeur\",\"url\":\"https:\\\/\\\/mymfamous.com\\\/affiliation-mymfans-ambassadeur\",\"name\":\"Affiliation MYM fans - Devenez Ambassadeur et gagnez 10% des revenus g\u00e9n\u00e9r\u00e9s par les mod\u00e8les - MYM Famous\",\"isPartOf\":{\"@id\":\"https:\\\/\\\/mymfamous.com\\\/#website\"},\"datePublished\":\"2021-09-07T07:49:41+00:00\",\"dateModified\":\"2021-09-09T06:19:57+00:00\",\"breadcrumb\":{\"@id\":\"https:\\\/\\\/mymfamous.com\\\/affiliation-mymfans-ambassadeur#breadcrumb\"},\"inLanguage\":\"it-IT\",\"potentialAction\":[{\"@type\":\"ReadAction\",\"target\":[\"https:\\\/\\\/mymfamous.com\\\/affiliation-mymfans-ambassadeur\"]}]},{\"@type\":\"BreadcrumbList\",\"@id\":\"https:\\\/\\\/mymfamous.com\\\/affiliation-mymfans-ambassadeur#breadcrumb\",\"itemListElement\":[{\"@type\":\"ListItem\",\"position\":1,\"name\":\"Accueil\",\"item\":\"https:\\\/\\\/mymfamous.com\\\/\"},{\"@type\":\"ListItem\",\"position\":2,\"name\":\"Affiliation MYM fans &#8211; Devenez Ambassadeur et gagnez 10% des revenus g\u00e9n\u00e9r\u00e9s par les mod\u00e8les\"}]},{\"@type\":\"WebSite\",\"@id\":\"https:\\\/\\\/mymfamous.com\\\/#website\",\"url\":\"https:\\\/\\\/mymfamous.com\\\/\",\"name\":\"MYM Famous\",\"description\":\"Avis MYM Fans : le r\u00e9seau social Priv\u00e9 des Personnalit\u00e9s\",\"potentialAction\":[{\"@type\":\"SearchAction\",\"target\":{\"@type\":\"EntryPoint\",\"urlTemplate\":\"https:\\\/\\\/mymfamous.com\\\/?s={search_term_string}\"},\"query-input\":{\"@type\":\"PropertyValueSpecification\",\"valueRequired\":true,\"valueName\":\"search_term_string\"}}],\"inLanguage\":\"it-IT\"}]}<\/script>\n<!-- \/ Yoast SEO plugin. -->","yoast_head_json":{"title":"Affiliato MYM Fans - Diventa un ambasciatore e guadagna 10% di entrate da modello - MYM Famous","robots":{"index":"index","follow":"follow","max-snippet":"max-snippet:-1","max-image-preview":"max-image-preview:large","max-video-preview":"max-video-preview:-1"},"canonical":"https:\/\/mymfamous.com\/it\/affiliazione-mymfans-ambasciatore\/","og_locale":"it_IT","og_type":"article","og_title":"Affiliation MYM fans - Devenez Ambassadeur et gagnez 10% des revenus g\u00e9n\u00e9r\u00e9s par les mod\u00e8les - MYM Famous","og_description":"Affiliation MYM fans - Devenez Ambassadeur et gagnez 10% des revenus g\u00e9n\u00e9r\u00e9s par les mod\u00e8lesMYM Fans est une r\u00e9seau social populaire pour les personnalit\u00e9s et leurs fans. MYM dispose \u00e9galement d'un programme d'affiliation dans le cadre duquel les ambassadeurs peuvent gagner un revshare de 10% \u00e0 vie sur tous les nouveaux artistes, personnalit\u00e9s et mod\u00e8les [&hellip;]","og_url":"https:\/\/mymfamous.com\/it\/affiliazione-mymfans-ambasciatore\/","og_site_name":"MYM Famous","article_modified_time":"2021-09-09T06:19:57+00:00","twitter_card":"summary_large_image","twitter_misc":{"Tempo di lettura stimato":"3 minuti"},"schema":{"@context":"https:\/\/schema.org","@graph":[{"@type":"WebPage","@id":"https:\/\/mymfamous.com\/affiliation-mymfans-ambassadeur","url":"https:\/\/mymfamous.com\/affiliation-mymfans-ambassadeur","name":"Affiliato MYM Fans - Diventa un ambasciatore e guadagna 10% di entrate da modello - MYM Famous","isPartOf":{"@id":"https:\/\/mymfamous.com\/#website"},"datePublished":"2021-09-07T07:49:41+00:00","dateModified":"2021-09-09T06:19:57+00:00","breadcrumb":{"@id":"https:\/\/mymfamous.com\/affiliation-mymfans-ambassadeur#breadcrumb"},"inLanguage":"it-IT","potentialAction":[{"@type":"ReadAction","target":["https:\/\/mymfamous.com\/affiliation-mymfans-ambassadeur"]}]},{"@type":"BreadcrumbList","@id":"https:\/\/mymfamous.com\/affiliation-mymfans-ambassadeur#breadcrumb","itemListElement":[{"@type":"ListItem","position":1,"name":"Accueil","item":"https:\/\/mymfamous.com\/"},{"@type":"ListItem","position":2,"name":"Affiliation MYM fans &#8211; Devenez Ambassadeur et gagnez 10% des revenus g\u00e9n\u00e9r\u00e9s par les mod\u00e8les"}]},{"@type":"WebSite","@id":"https:\/\/mymfamous.com\/#website","url":"https:\/\/mymfamous.com\/","name":"MYM Famoso","description":"Recensione di MYM Fans: il social network privato per le personalit\u00e0","potentialAction":[{"@type":"SearchAction","target":{"@type":"EntryPoint","urlTemplate":"https:\/\/mymfamous.com\/?s={search_term_string}"},"query-input":{"@type":"PropertyValueSpecification","valueRequired":true,"valueName":"search_term_string"}}],"inLanguage":"it-IT"}]}},"jetpack_sharing_enabled":true,"_links":{"self":[{"href":"https:\/\/mymfamous.com\/it\/wp-json\/wp\/v2\/pages\/37","targetHints":{"allow":["GET"]}}],"collection":[{"href":"https:\/\/mymfamous.com\/it\/wp-json\/wp\/v2\/pages"}],"about":[{"href":"https:\/\/mymfamous.com\/it\/wp-json\/wp\/v2\/types\/page"}],"author":[{"embeddable":true,"href":"https:\/\/mymfamous.com\/it\/wp-json\/wp\/v2\/users\/1"}],"replies":[{"embeddable":true,"href":"https:\/\/mymfamous.com\/it\/wp-json\/wp\/v2\/comments?post=37"}],"version-history":[{"count":5,"href":"https:\/\/mymfamous.com\/it\/wp-json\/wp\/v2\/pages\/37\/revisions"}],"predecessor-version":[{"id":97,"href":"https:\/\/mymfamous.com\/it\/wp-json\/wp\/v2\/pages\/37\/revisions\/97"}],"wp:attachment":[{"href":"https:\/\/mymfamous.com\/it\/wp-json\/wp\/v2\/media?parent=37"}],"curies":[{"name":"wp","href":"https:\/\/api.w.org\/{rel}","templated":true}]}}