{"id":208,"date":"2022-09-29T07:59:10","date_gmt":"2022-09-29T07:59:10","guid":{"rendered":"https:\/\/mymfamous.com\/?page_id=208"},"modified":"2025-09-23T10:00:42","modified_gmt":"2025-09-23T10:00:42","slug":"mentions-legales","status":"publish","type":"page","link":"https:\/\/mymfamous.com\/ja\/mentions-legales","title":{"rendered":"\u6cd5\u7684\u60c5\u5831"},"content":{"rendered":"<p><\/p>\n\n\n\n<meta name=\"robots\" content=\"noindex, nofollow\">\n\n\n\n<figure class=\"wp-block-image size-full is-resized\"><img width=\"932\" height=\"242\" src=\"https:\/\/mymfamous.com\/wp-content\/uploads\/2025\/09\/mentions-legales-fr.png\" alt=\"\" class=\"wp-image-460\" style=\"width:450px\" srcset=\"https:\/\/mymfamous.com\/wp-content\/uploads\/2025\/09\/mentions-legales-fr.png 932w, https:\/\/mymfamous.com\/wp-content\/uploads\/2025\/09\/mentions-legales-fr-480x125.png 480w\" sizes=\"(min-width: 0px) and (max-width: 480px) 480px, (min-width: 481px) 932px, 100vw\" \/><\/figure>\n\n\n\n<p><strong>H\u00e9bergeur :<\/strong><br>Infomaniak<br>Rue Eug\u00e8ne-Marziano 25<br>1227 Les Acacias \u2013 Suisse<br>https:\/\/www.infomaniak.com<\/p>\n\n\n\n<h2 class=\"wp-block-heading\"><strong>Conditions d\u2019utilisation<\/strong><\/h2>\n\n\n\n<p>\u672c\u30b5\u30a4\u30c8\u306e\u5229\u7528\u306f\u3001\u4ee5\u4e0b\u306b\u8a18\u8f09\u3059\u308b\u4e00\u822c\u7684\u306a\u5229\u7528\u6761\u4ef6\u306b\u5168\u9762\u7684\u306b\u540c\u610f\u3057\u305f\u3082\u306e\u3068\u307f\u306a\u3055\u308c\u307e\u3059\u3002\u3053\u308c\u3089\u306e\u5229\u7528\u6761\u4ef6\u306f\u3001\u3044\u3064\u3067\u3082\u5909\u66f4\u307e\u305f\u306f\u88dc\u8db3\u3055\u308c\u308b\u53ef\u80fd\u6027\u304c\u3042\u308a\u307e\u3059\u3002<\/p>\n\n\n\n<h2 class=\"wp-block-heading\"><strong>Informations<\/strong><\/h2>\n\n\n\n<p>Les informations et documents du site sont pr\u00e9sent\u00e9s \u00e0 titre indicatif, n\u2019ont pas de caract\u00e8re exhaustif, et ne peuvent engager la responsabilit\u00e9 du propri\u00e9taire du site.<\/p>\n\n\n\n<p>\u672c\u30b5\u30a4\u30c8\u3078\u306e\u30a2\u30af\u30bb\u30b9\u306b\u8d77\u56e0\u3059\u308b\u76f4\u63a5\u7684\u307e\u305f\u306f\u9593\u63a5\u7684\u306a\u640d\u5bb3\u306b\u3064\u3044\u3066\u3001\u30b5\u30a4\u30c8\u6240\u6709\u8005\u306f\u4e00\u5207\u306e\u8cac\u4efb\u3092\u8ca0\u3044\u307e\u305b\u3093\u3002<\/p>\n\n\n\n<h2 class=\"wp-block-heading\"><strong>Interactivit\u00e9<\/strong><\/h2>\n\n\n\n<p>\u672c\u30b5\u30a4\u30c8\u306e\u5229\u7528\u8005\u306f\u30b3\u30f3\u30c6\u30f3\u30c4\u3092\u6295\u7a3f\u3059\u308b\u3053\u3068\u304c\u3067\u304d\u3001\u6295\u7a3f\u3055\u308c\u305f\u30b3\u30f3\u30c6\u30f3\u30c4\u306f\u672c\u30b5\u30a4\u30c8\u306e\u5c02\u7528\u30b9\u30da\u30fc\u30b9\uff08\u7279\u306b\u30b3\u30e1\u30f3\u30c8\uff09\u306b\u63b2\u8f09\u3055\u308c\u307e\u3059\u3002\u6295\u7a3f\u3055\u308c\u305f\u30b3\u30f3\u30c6\u30f3\u30c4\u306f\u6295\u7a3f\u8005\u306e\u8cac\u4efb\u3068\u306a\u308a\u3001\u6295\u7a3f\u8005\u306f\u3059\u3079\u3066\u306e\u6cd5\u7684\u8cac\u4efb\u3092\u8ca0\u3046\u3082\u306e\u3068\u3057\u307e\u3059\u3002<\/p>\n\n\n\n<p>\u305f\u3060\u3057\u3001\u30b5\u30a4\u30c8\u6240\u6709\u8005\u306f\u3001\u5229\u7528\u8005\u304c\u6295\u7a3f\u3057\u305f\u30b3\u30f3\u30c6\u30f3\u30c4\u304c\u5f53\u30b5\u30a4\u30c8\u306e\u502b\u7406\u61b2\u7ae0\u3084\u73fe\u884c\u306e\u6cd5\u5f8b\u306b\u6e96\u62e0\u3057\u3066\u3044\u306a\u3044\u5834\u5408\u3001\u901a\u77e5\u3084\u6b63\u5f53\u306a\u7406\u7531\u306a\u304f\u524a\u9664\u3059\u308b\u6a29\u5229\u3092\u7559\u4fdd\u3057\u307e\u3059\u3002<\/p>\n\n\n\n<h2 class=\"wp-block-heading\"><strong>Propri\u00e9t\u00e9 intellectuelle<\/strong><\/h2>\n\n\n\n<p>\u5225\u6bb5\u306e\u8a18\u8f09\u304c\u306a\u3044\u9650\u308a\u3001\u672c\u30b5\u30a4\u30c8\u4e0a\u3067\u30a2\u30af\u30bb\u30b9\u53ef\u80fd\u306a\u3059\u3079\u3066\u306e\u8981\u7d20\uff08\u30c6\u30ad\u30b9\u30c8\u3001\u753b\u50cf\u3001\u30b0\u30e9\u30d5\u30a3\u30c3\u30af\u3001\u30ed\u30b4\u3001\u30a2\u30a4\u30b3\u30f3\u3001\u97f3\u58f0\u3001\u30bd\u30d5\u30c8\u30a6\u30a7\u30a2\u306a\u3069\uff09\u306f\u3001\u77e5\u7684\u8ca1\u7523\u6a29\u307e\u305f\u306f\u4f7f\u7528\u6a29\u306b\u95a2\u3057\u3066\u3001\u305d\u306e\u8457\u4f5c\u8005\u306b\u72ec\u5360\u7684\u306a\u6240\u6709\u6a29\u304c\u5e30\u5c5e\u3057\u307e\u3059\u3002<a href=\"https:\/\/www.webexpress.fr\/actualite\/focus\/modele-de-mentions-legales-complet-et-gratuit\/#fn-7013-1\" target=\"_blank\" rel=\"noreferrer noopener\">&nbsp;<sup>1<\/sup><\/a><\/p>\n\n\n\n<p>\u672c\u30b5\u30a4\u30c8\u306e\u69cb\u6210\u8981\u7d20\u306e\u5168\u90e8\u307e\u305f\u306f\u4e00\u90e8\u306e\u8907\u88fd\u3001\u8868\u793a\u3001\u5909\u66f4\u3001\u516c\u958b\u3001\u7ffb\u6848\u306f\u3001\u305d\u306e\u624b\u6bb5\u3084\u65b9\u6cd5\u304c\u4f55\u3067\u3042\u308c\u3001\u8457\u4f5c\u8005\u306e\u66f8\u9762\u306b\u3088\u308b\u4e8b\u524d\u306e\u627f\u8a8d\u304c\u3042\u308b\u5834\u5408\u3092\u9664\u304d\u3001\u7981\u6b62\u3055\u308c\u3066\u3044\u307e\u3059\u3002<a href=\"https:\/\/www.webexpress.fr\/actualite\/focus\/modele-de-mentions-legales-complet-et-gratuit\/#fn-7013-2\" target=\"_blank\" rel=\"noreferrer noopener\"><sup>2<\/sup><\/a><a href=\"https:\/\/www.webexpress.fr\/actualite\/focus\/modele-de-mentions-legales-complet-et-gratuit\/#fn-7013-3\" target=\"_blank\" rel=\"noreferrer noopener\"><sup>3<\/sup><\/a><\/p>\n\n\n\n<p>\u672c\u30b5\u30a4\u30c8\u307e\u305f\u306f\u672c\u30b5\u30a4\u30c8\u306b\u542b\u307e\u308c\u308b\u8981\u7d20\u306e\u4e0d\u6b63\u4f7f\u7528\u306f\u3001\u4fb5\u5bb3\u884c\u70ba\u3068\u307f\u306a\u3055\u308c\u3001\u8a34\u8ffd\u306e\u5bfe\u8c61\u3068\u306a\u308a\u307e\u3059\u3002<a href=\"https:\/\/www.webexpress.fr\/actualite\/focus\/modele-de-mentions-legales-complet-et-gratuit\/#fn-7013-9\" target=\"_blank\" rel=\"noreferrer noopener\">&nbsp;<sup>4<\/sup><\/a><\/p>\n\n\n\n<p>\u672c\u30b5\u30a4\u30c8\u306b\u8ee2\u8f09\u3055\u308c\u3066\u3044\u308b\u30d6\u30e9\u30f3\u30c9\u3084\u30ed\u30b4\u306f\u3001\u305d\u308c\u3089\u3092\u6240\u6709\u3059\u308b\u4f01\u696d\u306b\u3088\u3063\u3066\u767b\u9332\u3055\u308c\u3066\u3044\u307e\u3059\u3002<\/p>\n\n\n\n<h2 class=\"wp-block-heading\"><strong>Liens<\/strong><\/h2>\n\n\n\n<p><strong>\u767a\u4fe1\u30ea\u30f3\u30af<\/strong><\/p>\n\n\n\n<p>\u672c\u30b5\u30a4\u30c8\u306e\u6240\u6709\u8005\u306f\u3001\u30a4\u30f3\u30bf\u30fc\u30cd\u30c3\u30c8\u30fb\u30cd\u30c3\u30c8\u30ef\u30fc\u30af\u4e0a\u306b\u5b58\u5728\u3059\u308b\u7b2c\u4e09\u8005\u306e\u30ea\u30bd\u30fc\u30b9\u3092\u30cf\u30a4\u30d1\u30fc\u30c6\u30ad\u30b9\u30c8\u30fb\u30ea\u30f3\u30af\u3092\u901a\u3058\u3066\u53c2\u7167\u3059\u308b\u3053\u3068\u306b\u3088\u308a\u3001\u305d\u306e\u5185\u5bb9\u304a\u3088\u3073\u305d\u306e\u95a2\u9023\u6027\u306b\u95a2\u3057\u3066\u3001\u4e00\u5207\u306e\u8cac\u4efb\u3092\u8ca0\u308f\u305a\u3001\u4e00\u5207\u306e\u8cac\u4efb\u3092\u8ca0\u308f\u306a\u3044\u3082\u306e\u3068\u3057\u307e\u3059\u3002<\/p>\n\n\n\n<p><strong>\u53d7\u4fe1\u30ea\u30f3\u30af<\/strong><\/p>\n\n\n\n<p>\u672c\u30b5\u30a4\u30c8\u306e\u6240\u6709\u8005\u306f\u3001\u672c\u30b5\u30a4\u30c8\u306e\u3044\u304b\u306a\u308b\u30da\u30fc\u30b8\u3078\u306e\u30cf\u30a4\u30d1\u30fc\u30c6\u30ad\u30b9\u30c8\u30ea\u30f3\u30af\u3082\u8a31\u53ef\u3057\u307e\u3059\u304c\u3001\u305d\u306e\u5834\u5408\u3001\u65b0\u3057\u3044\u30a6\u30a3\u30f3\u30c9\u30a6\u304c\u958b\u304d\u3001\u66d6\u6627\u3055\u304c\u306a\u3044\u3088\u3046\u306b\u8868\u793a\u3055\u308c\u308b\u3053\u3068\u304c\u6761\u4ef6\u3068\u306a\u308a\u307e\u3059\uff1a<\/p>\n\n\n\n<ul class=\"wp-block-list\">\n<li>\u5f15\u7528\u30b5\u30a4\u30c8\u3068\u30b5\u30a4\u30c8\u6240\u6709\u8005\u304c\u6df7\u540c\u3055\u308c\u308b\u5371\u967a\u6027<\/li>\n\n\n\n<li>\u307e\u305f\u3001\u98a8\u523a\u7684\u3067\u3042\u3063\u305f\u308a\u3001\u6709\u52b9\u306a\u6cd5\u5f8b\u306b\u53cd\u3059\u308b\u30d7\u30ec\u30bc\u30f3\u30c6\u30fc\u30b7\u30e7\u30f3\u3082\u540c\u69d8\u3067\u3042\u308b\u3002<\/li>\n<\/ul>\n\n\n\n<p>\u30ea\u30f3\u30af\u5143\u30b5\u30a4\u30c8\u304c\u672c\u898f\u5b9a\u3092\u9075\u5b88\u3057\u3066\u3044\u306a\u3044\u3068\u5224\u65ad\u3057\u305f\u5834\u5408\u3001\u30b5\u30a4\u30c8\u904b\u55b6\u8005\u306f\u30ea\u30f3\u30af\u306e\u524a\u9664\u3092\u8981\u8acb\u3059\u308b\u6a29\u5229\u3092\u6709\u3057\u307e\u3059\u3002<\/p>\n\n\n\n<h2 class=\"wp-block-heading\"><strong>Confidentialit\u00e9<\/strong><\/h2>\n\n\n\n<p>\u3059\u3079\u3066\u306e\u5229\u7528\u8005\u306f\u3001\u672c\u4eba\u3067\u3042\u308b\u3053\u3068\u3092\u8a3c\u660e\u3059\u308b\u66f8\u985e\u3092\u6dfb\u4ed8\u3057\u3001\u7f72\u540d\u5165\u308a\u306e\u66f8\u9762\u3067\u8981\u8acb\u3059\u308b\u3053\u3068\u306b\u3088\u308a\u3001\u81ea\u5206\u306b\u95a2\u3059\u308b\u500b\u4eba\u60c5\u5831\u306b\u30a2\u30af\u30bb\u30b9\u3057\u3001\u4fee\u6b63\u3057\u3001\u53cd\u5bfe\u3059\u308b\u6a29\u5229\u3092\u6709\u3057\u307e\u3059\u3002<\/p>\n\n\n\n<p>Le site ne recueille pas d\u2019informations personnelles, et n\u2019est pas assujetti \u00e0 d\u00e9claration \u00e0 la CNIL.<\/p>\n\n\n<div class=\"kk-star-ratings kksr-auto kksr-align-center kksr-valign-bottom kksr-disabled\"\n    data-payload='{&quot;align&quot;:&quot;center&quot;,&quot;id&quot;:&quot;208&quot;,&quot;readonly&quot;:&quot;1&quot;,&quot;slug&quot;:&quot;default&quot;,&quot;valign&quot;:&quot;bottom&quot;,&quot;ignore&quot;:&quot;&quot;,&quot;reference&quot;:&quot;auto&quot;,&quot;class&quot;:&quot;&quot;,&quot;count&quot;:&quot;0&quot;,&quot;legendonly&quot;:&quot;&quot;,&quot;score&quot;:&quot;0&quot;,&quot;starsonly&quot;:&quot;&quot;,&quot;best&quot;:&quot;5&quot;,&quot;gap&quot;:&quot;4&quot;,&quot;greet&quot;:&quot;Notez cet article&quot;,&quot;legend&quot;:&quot;0\\\/5 - (0 votes)&quot;,&quot;size&quot;:&quot;24&quot;,&quot;title&quot;:&quot;Mentions l\u00e9gales&quot;,&quot;width&quot;:&quot;0&quot;,&quot;_legend&quot;:&quot;{score}\\\/{best} - ({count} {votes})&quot;,&quot;font_factor&quot;:&quot;1.25&quot;}'>\n            \n<div class=\"kksr-stars\">\n    \n<div class=\"kksr-stars-inactive\">\n            <div class=\"kksr-star\" data-star=\"1\" style=\"padding-right: 4px\">\n            \n\n<div class=\"kksr-icon\" style=\"width: 24px; height: 24px;\"><\/div>\n        <\/div>\n            <div class=\"kksr-star\" data-star=\"2\" style=\"padding-right: 4px\">\n            \n\n<div class=\"kksr-icon\" style=\"width: 24px; height: 24px;\"><\/div>\n        <\/div>\n            <div class=\"kksr-star\" data-star=\"3\" style=\"padding-right: 4px\">\n            \n\n<div class=\"kksr-icon\" style=\"width: 24px; height: 24px;\"><\/div>\n        <\/div>\n            <div class=\"kksr-star\" data-star=\"4\" style=\"padding-right: 4px\">\n            \n\n<div class=\"kksr-icon\" style=\"width: 24px; height: 24px;\"><\/div>\n        <\/div>\n            <div class=\"kksr-star\" data-star=\"5\" style=\"padding-right: 4px\">\n            \n\n<div class=\"kksr-icon\" style=\"width: 24px; height: 24px;\"><\/div>\n        <\/div>\n    <\/div>\n    \n<div class=\"kksr-stars-active\" style=\"width: 0px;\">\n            <div class=\"kksr-star\" style=\"padding-right: 4px\">\n            \n\n<div class=\"kksr-icon\" style=\"width: 24px; height: 24px;\"><\/div>\n        <\/div>\n            <div class=\"kksr-star\" style=\"padding-right: 4px\">\n            \n\n<div class=\"kksr-icon\" style=\"width: 24px; height: 24px;\"><\/div>\n        <\/div>\n            <div class=\"kksr-star\" style=\"padding-right: 4px\">\n            \n\n<div class=\"kksr-icon\" style=\"width: 24px; height: 24px;\"><\/div>\n        <\/div>\n            <div class=\"kksr-star\" style=\"padding-right: 4px\">\n            \n\n<div class=\"kksr-icon\" style=\"width: 24px; height: 24px;\"><\/div>\n        <\/div>\n            <div class=\"kksr-star\" style=\"padding-right: 4px\">\n            \n\n<div class=\"kksr-icon\" style=\"width: 24px; height: 24px;\"><\/div>\n        <\/div>\n    <\/div>\n<\/div>\n                \n\n<div class=\"kksr-legend\" style=\"font-size: 19.2px;\">\n            <span class=\"kksr-muted\">\u3053\u306e\u8a18\u4e8b\u3092\u8a55\u4fa1\u3059\u308b<\/span>\n    <\/div>\n    <\/div>","protected":false},"excerpt":{"rendered":"<p>H\u00e9bergeur :InfomaniakRue Eug\u00e8ne-Marziano 251227 Les Acacias \u2013 Suissehttps:\/\/www.infomaniak.com Conditions d\u2019utilisation L\u2019utilisation du pr\u00e9sent site implique l\u2019acceptation pleine et enti\u00e8re des conditions g\u00e9n\u00e9rales d\u2019utilisation d\u00e9crites ci-apr\u00e8s. Ces conditions d\u2019utilisation sont susceptibles d\u2019\u00eatre modifi\u00e9es ou compl\u00e9t\u00e9es \u00e0 tout moment. Informations Les informations et documents du site sont pr\u00e9sent\u00e9s \u00e0 titre indicatif, n\u2019ont pas de caract\u00e8re exhaustif, et ne peuvent engager la responsabilit\u00e9 du propri\u00e9taire du site. Le propri\u00e9taire du site ne peut \u00eatre tenu responsable des dommages directs et indirects cons\u00e9cutifs \u00e0 l\u2019acc\u00e8s au site. Interactivit\u00e9 Les utilisateurs du site peuvent y d\u00e9poser du contenu, apparaissant sur le site dans des espaces d\u00e9di\u00e9s (notamment via les commentaires). Le contenu d\u00e9pos\u00e9 reste sous [&hellip;]<\/p>\n","protected":false},"author":1,"featured_media":0,"parent":0,"menu_order":0,"comment_status":"closed","ping_status":"closed","template":"","meta":{"_et_pb_use_builder":"","_et_pb_old_content":"","_et_gb_content_width":"","om_disable_all_campaigns":false,"footnotes":""},"class_list":["post-208","page","type-page","status-publish","hentry"],"yoast_head":"<!-- This site is optimized with the Yoast SEO plugin v27.4 - https:\/\/yoast.com\/product\/yoast-seo-wordpress\/ -->\n<title>Mentions l\u00e9gales - MYM Famous<\/title>\n<meta name=\"robots\" content=\"index, follow, max-snippet:-1, max-image-preview:large, max-video-preview:-1\" \/>\n<link rel=\"canonical\" href=\"https:\/\/mymfamous.com\/ja\/\u6cd5\u7684\u60c5\u5831\/\" \/>\n<meta property=\"og:locale\" content=\"ja_JP\" \/>\n<meta property=\"og:type\" content=\"article\" \/>\n<meta property=\"og:title\" content=\"Mentions l\u00e9gales - MYM Famous\" \/>\n<meta property=\"og:description\" content=\"H\u00e9bergeur :InfomaniakRue Eug\u00e8ne-Marziano 251227 Les Acacias \u2013 Suissehttps:\/\/www.infomaniak.com Conditions d\u2019utilisation L\u2019utilisation du pr\u00e9sent site implique l\u2019acceptation pleine et enti\u00e8re des conditions g\u00e9n\u00e9rales d\u2019utilisation d\u00e9crites ci-apr\u00e8s. Ces conditions d\u2019utilisation sont susceptibles d\u2019\u00eatre modifi\u00e9es ou compl\u00e9t\u00e9es \u00e0 tout moment. Informations Les informations et documents du site sont pr\u00e9sent\u00e9s \u00e0 titre indicatif, n\u2019ont pas de caract\u00e8re exhaustif, et ne peuvent engager la responsabilit\u00e9 du propri\u00e9taire du site. Le propri\u00e9taire du site ne peut \u00eatre tenu responsable des dommages directs et indirects cons\u00e9cutifs \u00e0 l\u2019acc\u00e8s au site. Interactivit\u00e9 Les utilisateurs du site peuvent y d\u00e9poser du contenu, apparaissant sur le site dans des espaces d\u00e9di\u00e9s (notamment via les commentaires). Le contenu d\u00e9pos\u00e9 reste sous [&hellip;]\" \/>\n<meta property=\"og:url\" content=\"https:\/\/mymfamous.com\/ja\/\u6cd5\u7684\u60c5\u5831\/\" \/>\n<meta property=\"og:site_name\" content=\"MYM Famous\" \/>\n<meta property=\"article:modified_time\" content=\"2025-09-23T10:00:42+00:00\" \/>\n<meta property=\"og:image\" content=\"https:\/\/mymfamous.com\/wp-content\/uploads\/2025\/09\/mentions-legales-fr.png\" \/>\n\t<meta property=\"og:image:width\" content=\"932\" \/>\n\t<meta property=\"og:image:height\" content=\"242\" \/>\n\t<meta property=\"og:image:type\" content=\"image\/png\" \/>\n<meta name=\"twitter:card\" content=\"summary_large_image\" \/>\n<meta name=\"twitter:label1\" content=\"\u63a8\u5b9a\u8aad\u307f\u53d6\u308a\u6642\u9593\" \/>\n\t<meta name=\"twitter:data1\" content=\"3\u5206\" \/>\n<script type=\"application\/ld+json\" class=\"yoast-schema-graph\">{\"@context\":\"https:\\\/\\\/schema.org\",\"@graph\":[{\"@type\":\"WebPage\",\"@id\":\"https:\\\/\\\/mymfamous.com\\\/mentions-legales\",\"url\":\"https:\\\/\\\/mymfamous.com\\\/mentions-legales\",\"name\":\"Mentions l\u00e9gales - MYM Famous\",\"isPartOf\":{\"@id\":\"https:\\\/\\\/mymfamous.com\\\/#website\"},\"primaryImageOfPage\":{\"@id\":\"https:\\\/\\\/mymfamous.com\\\/mentions-legales#primaryimage\"},\"image\":{\"@id\":\"https:\\\/\\\/mymfamous.com\\\/mentions-legales#primaryimage\"},\"thumbnailUrl\":\"https:\\\/\\\/mymfamous.com\\\/wp-content\\\/uploads\\\/2025\\\/09\\\/mentions-legales-fr.png\",\"datePublished\":\"2022-09-29T07:59:10+00:00\",\"dateModified\":\"2025-09-23T10:00:42+00:00\",\"breadcrumb\":{\"@id\":\"https:\\\/\\\/mymfamous.com\\\/mentions-legales#breadcrumb\"},\"inLanguage\":\"ja\",\"potentialAction\":[{\"@type\":\"ReadAction\",\"target\":[\"https:\\\/\\\/mymfamous.com\\\/mentions-legales\"]}]},{\"@type\":\"ImageObject\",\"inLanguage\":\"ja\",\"@id\":\"https:\\\/\\\/mymfamous.com\\\/mentions-legales#primaryimage\",\"url\":\"https:\\\/\\\/mymfamous.com\\\/wp-content\\\/uploads\\\/2025\\\/09\\\/mentions-legales-fr.png\",\"contentUrl\":\"https:\\\/\\\/mymfamous.com\\\/wp-content\\\/uploads\\\/2025\\\/09\\\/mentions-legales-fr.png\"},{\"@type\":\"BreadcrumbList\",\"@id\":\"https:\\\/\\\/mymfamous.com\\\/mentions-legales#breadcrumb\",\"itemListElement\":[{\"@type\":\"ListItem\",\"position\":1,\"name\":\"Accueil\",\"item\":\"https:\\\/\\\/mymfamous.com\\\/\"},{\"@type\":\"ListItem\",\"position\":2,\"name\":\"Mentions l\u00e9gales\"}]},{\"@type\":\"WebSite\",\"@id\":\"https:\\\/\\\/mymfamous.com\\\/#website\",\"url\":\"https:\\\/\\\/mymfamous.com\\\/\",\"name\":\"MYM Famous\",\"description\":\"Avis MYM Fans : le r\u00e9seau social Priv\u00e9 des Personnalit\u00e9s\",\"potentialAction\":[{\"@type\":\"SearchAction\",\"target\":{\"@type\":\"EntryPoint\",\"urlTemplate\":\"https:\\\/\\\/mymfamous.com\\\/?s={search_term_string}\"},\"query-input\":{\"@type\":\"PropertyValueSpecification\",\"valueRequired\":true,\"valueName\":\"search_term_string\"}}],\"inLanguage\":\"ja\"}]}<\/script>\n<!-- \/ Yoast SEO plugin. -->","yoast_head_json":{"title":"\u6cd5\u7684\u60c5\u5831 - MYM Famous","robots":{"index":"index","follow":"follow","max-snippet":"max-snippet:-1","max-image-preview":"max-image-preview:large","max-video-preview":"max-video-preview:-1"},"canonical":"https:\/\/mymfamous.com\/ja\/\u6cd5\u7684\u60c5\u5831\/","og_locale":"ja_JP","og_type":"article","og_title":"Mentions l\u00e9gales - MYM Famous","og_description":"H\u00e9bergeur :InfomaniakRue Eug\u00e8ne-Marziano 251227 Les Acacias \u2013 Suissehttps:\/\/www.infomaniak.com Conditions d\u2019utilisation L\u2019utilisation du pr\u00e9sent site implique l\u2019acceptation pleine et enti\u00e8re des conditions g\u00e9n\u00e9rales d\u2019utilisation d\u00e9crites ci-apr\u00e8s. Ces conditions d\u2019utilisation sont susceptibles d\u2019\u00eatre modifi\u00e9es ou compl\u00e9t\u00e9es \u00e0 tout moment. Informations Les informations et documents du site sont pr\u00e9sent\u00e9s \u00e0 titre indicatif, n\u2019ont pas de caract\u00e8re exhaustif, et ne peuvent engager la responsabilit\u00e9 du propri\u00e9taire du site. Le propri\u00e9taire du site ne peut \u00eatre tenu responsable des dommages directs et indirects cons\u00e9cutifs \u00e0 l\u2019acc\u00e8s au site. Interactivit\u00e9 Les utilisateurs du site peuvent y d\u00e9poser du contenu, apparaissant sur le site dans des espaces d\u00e9di\u00e9s (notamment via les commentaires). Le contenu d\u00e9pos\u00e9 reste sous [&hellip;]","og_url":"https:\/\/mymfamous.com\/ja\/\u6cd5\u7684\u60c5\u5831\/","og_site_name":"MYM Famous","article_modified_time":"2025-09-23T10:00:42+00:00","og_image":[{"width":932,"height":242,"url":"https:\/\/mymfamous.com\/wp-content\/uploads\/2025\/09\/mentions-legales-fr.png","type":"image\/png"}],"twitter_card":"summary_large_image","twitter_misc":{"\u63a8\u5b9a\u8aad\u307f\u53d6\u308a\u6642\u9593":"3\u5206"},"schema":{"@context":"https:\/\/schema.org","@graph":[{"@type":"WebPage","@id":"https:\/\/mymfamous.com\/mentions-legales","url":"https:\/\/mymfamous.com\/mentions-legales","name":"\u6cd5\u7684\u60c5\u5831 - MYM Famous","isPartOf":{"@id":"https:\/\/mymfamous.com\/#website"},"primaryImageOfPage":{"@id":"https:\/\/mymfamous.com\/mentions-legales#primaryimage"},"image":{"@id":"https:\/\/mymfamous.com\/mentions-legales#primaryimage"},"thumbnailUrl":"https:\/\/mymfamous.com\/wp-content\/uploads\/2025\/09\/mentions-legales-fr.png","datePublished":"2022-09-29T07:59:10+00:00","dateModified":"2025-09-23T10:00:42+00:00","breadcrumb":{"@id":"https:\/\/mymfamous.com\/mentions-legales#breadcrumb"},"inLanguage":"ja","potentialAction":[{"@type":"ReadAction","target":["https:\/\/mymfamous.com\/mentions-legales"]}]},{"@type":"ImageObject","inLanguage":"ja","@id":"https:\/\/mymfamous.com\/mentions-legales#primaryimage","url":"https:\/\/mymfamous.com\/wp-content\/uploads\/2025\/09\/mentions-legales-fr.png","contentUrl":"https:\/\/mymfamous.com\/wp-content\/uploads\/2025\/09\/mentions-legales-fr.png"},{"@type":"BreadcrumbList","@id":"https:\/\/mymfamous.com\/mentions-legales#breadcrumb","itemListElement":[{"@type":"ListItem","position":1,"name":"Accueil","item":"https:\/\/mymfamous.com\/"},{"@type":"ListItem","position":2,"name":"Mentions l\u00e9gales"}]},{"@type":"WebSite","@id":"https:\/\/mymfamous.com\/#website","url":"https:\/\/mymfamous.com\/","name":"MYM\u30d5\u30a7\u30a4\u30de\u30b9","description":"MYM Fans\u306e\u30ec\u30d3\u30e5\u30fc\uff1a\u30bb\u30ec\u30d6\u306e\u305f\u3081\u306e\u30d7\u30e9\u30a4\u30d9\u30fc\u30c8\u30fb\u30bd\u30fc\u30b7\u30e3\u30eb\u30fb\u30cd\u30c3\u30c8\u30ef\u30fc\u30af","potentialAction":[{"@type":"SearchAction","target":{"@type":"EntryPoint","urlTemplate":"https:\/\/mymfamous.com\/?s={search_term_string}"},"query-input":{"@type":"PropertyValueSpecification","valueRequired":true,"valueName":"search_term_string"}}],"inLanguage":"ja"}]}},"jetpack_sharing_enabled":true,"_links":{"self":[{"href":"https:\/\/mymfamous.com\/ja\/wp-json\/wp\/v2\/pages\/208","targetHints":{"allow":["GET"]}}],"collection":[{"href":"https:\/\/mymfamous.com\/ja\/wp-json\/wp\/v2\/pages"}],"about":[{"href":"https:\/\/mymfamous.com\/ja\/wp-json\/wp\/v2\/types\/page"}],"author":[{"embeddable":true,"href":"https:\/\/mymfamous.com\/ja\/wp-json\/wp\/v2\/users\/1"}],"replies":[{"embeddable":true,"href":"https:\/\/mymfamous.com\/ja\/wp-json\/wp\/v2\/comments?post=208"}],"version-history":[{"count":4,"href":"https:\/\/mymfamous.com\/ja\/wp-json\/wp\/v2\/pages\/208\/revisions"}],"predecessor-version":[{"id":461,"href":"https:\/\/mymfamous.com\/ja\/wp-json\/wp\/v2\/pages\/208\/revisions\/461"}],"wp:attachment":[{"href":"https:\/\/mymfamous.com\/ja\/wp-json\/wp\/v2\/media?parent=208"}],"curies":[{"name":"wp","href":"https:\/\/api.w.org\/{rel}","templated":true}]}}