{"id":136,"date":"2021-09-25T05:51:29","date_gmt":"2021-09-25T05:51:29","guid":{"rendered":"https:\/\/mymfamous.com\/?page_id=136"},"modified":"2022-08-29T08:32:58","modified_gmt":"2022-08-29T08:32:58","slug":"snapchat-premium","status":"publish","type":"page","link":"https:\/\/mymfamous.com\/pl\/snapchat-premium","title":{"rendered":"Jak zrobi\u0107 Snapchat Premium?"},"content":{"rendered":"<p>[et_pb_section fb_built=\u00a0\u00bb1&Prime; _builder_version=\u00a0\u00bb4.10.5&Prime; _module_preset=\u00a0\u00bbdefault\u00a0\u00bb global_colors_info=\u00a0\u00bb{}\u00a0\u00bb][et_pb_row _builder_version=\u00a0\u00bb4.10.5&Prime; _module_preset=\u00a0\u00bbdefault\u00a0\u00bb global_colors_info=\u00a0\u00bb{}\u00a0\u00bb][et_pb_column type=\u00a0\u00bb4_4&Prime; _builder_version=\u00a0\u00bb4.10.5&Prime; _module_preset=\u00a0\u00bbdefault\u00a0\u00bb global_colors_info=\u00a0\u00bb{}\u00a0\u00bb][et_pb_text _builder_version=\u00a0\u00bb4.10.5&Prime; _module_preset=\u00a0\u00bbdefault\u00a0\u00bb global_colors_info=\u00a0\u00bb{}\u00a0\u00bb]<\/p>\n<h1>Comment faire un Snapchat Premium ?<\/h1>\n<p>[\/et_pb_text][et_pb_image src=\u00a0\u00bbhttps:\/\/mymfamous.com\/wp-content\/uploads\/2021\/09\/snapchat-premium.jpeg\u00a0\u00bb alt=\u00a0\u00bbsnapchat premium\u00a0\u00bb title_text=\u00a0\u00bbsnapchat premium\u00a0\u00bb _builder_version=\u00a0\u00bb4.10.5&Prime; _module_preset=\u00a0\u00bbdefault\u00a0\u00bb global_colors_info=\u00a0\u00bb{}\u00a0\u00bb][\/et_pb_image][et_pb_text _builder_version=\u00a0\u00bb4.10.5&Prime; _module_preset=\u00a0\u00bbdefault\u00a0\u00bb global_colors_info=\u00a0\u00bb{}\u00a0\u00bb]<\/p>\n<h2>Qu&rsquo;est-ce qu&rsquo;un compte Snapchat Premium ?<\/h2>\n<p>Un compte premium Snapchat consiste \u00e0 faire payer votre communaut\u00e9 pour y avoir acc\u00e8s. C&rsquo;est juste un snapchat qui a une frais d&rsquo;adh\u00e9sion. Votre snapchat premium a un compte que les gens paient pour y \u00eatre ajout\u00e9s. Ce n&rsquo;est pas une application diff\u00e9rente. C&rsquo;est juste l&rsquo;application normale de Snapchat. Les gens vous paient juste pour voir vos story.<\/p>\n<p>C&rsquo;est un compte o\u00f9 vous pouvez publier des photos et des vid\u00e9os de plus de 18 ans, partager du contenu de casino, faire ce que vous voulez. Ce que chacun poste est compl\u00e8tement libre. Mais vous faites juste ce que vous aimez faire. Premium Snapchat n&rsquo;est rien d&rsquo;autre qu&rsquo;un compte Snap chat avec un bouton d&rsquo;abonnement plut\u00f4t qu&rsquo;un bouton d&rsquo;ajout. Il est surtout utilis\u00e9 par des personnalit\u00e9s populaires, des mod\u00e8les, des c\u00e9l\u00e9brit\u00e9s qui sont pay\u00e9s pour chaque vue et chaque capture d&rsquo;\u00e9cran qu&rsquo;ils re\u00e7oivent.<\/p>\n<p>&nbsp;<\/p>\n<p>[\/et_pb_text][et_pb_text _builder_version=\u00a0\u00bb4.10.5&Prime; _module_preset=\u00a0\u00bbdefault\u00a0\u00bb global_colors_info=\u00a0\u00bb{}\u00a0\u00bb]<\/p>\n<h2>Comment cr\u00e9er un compte Snapchat Premium ?<\/h2>\n<p>Fondamentalement, le compte Snapchat Premium est un compte Snapchat ordinaire que vous rendez priv\u00e9 afin que seuls vos amis ou certaines personnes puissent voir votre contenu. Vous le configurez donc comme un compte Snapchat ordinaire. Vous ajustez simplement les param\u00e8tres pour le rendre plus priv\u00e9. De nombreux mannequins utilisent ce compte pour prot\u00e9ger leur contenu premium afin que les gens puissent les payer pour y avoir acc\u00e8s. Il s&rsquo;agit donc plut\u00f4t d&rsquo;un compte snapchat priv\u00e9. Il suffit de r\u00e9gler les param\u00e8tres de mani\u00e8re \u00e0 ce que seules certaines personnes puissent le voir.<\/p>\n<p>T\u00e9l\u00e9chargez l&rsquo;application Snapchat depuis l&rsquo;App Store ou le Play Store. Cr\u00e9ez un nom d&rsquo;utilisateur. Mettez les r\u00e9glages de confidentialit\u00e9 sur \u00ab\u00a0mes amis seulement\u00a0\u00bb. Allez dans les param\u00e8tres et r\u00e9glez l&rsquo;affichage de la story sur mes amis seulement. Et qui peut me contacter : mes amis seulement. R\u00e9glez tout sur mes amis uniquement. Ainsi, les personnes que vous acceptez peuvent voir votre story et vous envoyer des messages. Ensuite, vous faites payer un abonnement ; vous pouvez faire payer le montant que vous souhaitez pour voir votre story.<\/p>\n<p>[\/et_pb_text][et_pb_text _builder_version=\u00a0\u00bb4.10.5&Prime; _module_preset=\u00a0\u00bbdefault\u00a0\u00bb global_colors_info=\u00a0\u00bb{}\u00a0\u00bb]<\/p>\n<p><strong>Mode de paiement<\/strong><\/p>\n<p>Le paiement de l&rsquo;acc\u00e8s au compte peut s&rsquo;effectuer de plusieurs mani\u00e8res, notamment par Paypal. Cependant c&rsquo;est tr\u00e8s fastidieux. Si vous voulez proposer un abonnement, vous devrez surveillez les personnes n&rsquo;ayant pas renouvell\u00e9 leur abonnement, et les supprimer de votre Snapchat Premium \u00e0 la main.<\/p>\n<p>Cependant, il existe une application rendant tout cela automatique et qui vous permettra de gagner beaucoup plus d&rsquo;argent: MYM.<\/p>\n<p>[\/et_pb_text][et_pb_text _builder_version=\u00a0\u00bb4.10.5&Prime; _module_preset=\u00a0\u00bbdefault\u00a0\u00bb global_colors_info=\u00a0\u00bb{}\u00a0\u00bb]<\/p>\n<h3>MYM : La meilleure fa\u00e7on de faire un \u00ab\u00a0Snapchat Premium\u00a0\u00bb<\/h3>\n<p>[\/et_pb_text][et_pb_image src=\u00a0\u00bbhttps:\/\/mymfamous.com\/wp-content\/uploads\/2021\/09\/Capture-de\u0301cran-2021-09-09-a\u0300-07.33.26-scaled.jpg\u00a0\u00bb alt=\u00a0\u00bbgagner argent mym\u00a0\u00bb title_text=\u00a0\u00bbcompte mym inscription\u00a0\u00bb url=\u00a0\u00bbhttps:\/\/mym.link\/m4111&Prime; _builder_version=\u00a0\u00bb4.10.5&Prime; _module_preset=\u00a0\u00bbdefault\u00a0\u00bb global_colors_info=\u00a0\u00bb{}\u00a0\u00bb][\/et_pb_image][et_pb_text _builder_version=\u00a0\u00bb4.10.5&Prime; _module_preset=\u00a0\u00bbdefault\u00a0\u00bb hover_enabled=\u00a0\u00bb0&Prime; global_colors_info=\u00a0\u00bb{}\u00a0\u00bb sticky_enabled=\u00a0\u00bb0&Prime;]<\/p>\n<p><span>MYM, propose \u00e0 toutes les personnalit\u00e9s disposant d\u2019une communaut\u00e9, un espace personnel (similaire \u00e0 Instagram) o\u00f9 elles pourront partager des posts et des story exclusives \u00e0 leurs fans ayant un abonnement payant actif.\u00a0<\/span><\/p>\n<p><span>La plateforme est fran\u00e7aise, et g\u00e8re absolument tout : le paiement, la garantie de confidentialit\u00e9 du contenu post\u00e9 sur la plateforme, etc. Il s&rsquo;agit aujourd&rsquo;hui de la meilleur alternative \u00e0 Snapchat Premium.<\/span><span><\/span><\/p>\n<p><span>Onlyfans est \u00e9galement une excellente option pour cr\u00e9er un Snapchat Premium.<\/span><\/p>\n<p>[\/et_pb_text][et_pb_button button_url=\u00a0\u00bbhttps:\/\/mym.link\/m4111&Prime; button_text=\u00a0\u00bbS&rsquo;inscrire sur MYM Gratuitement\u00a0\u00bb button_alignment=\u00a0\u00bbcenter\u00a0\u00bb button_alignment_tablet=\u00a0\u00bbcenter\u00a0\u00bb button_alignment_phone=\u00a0\u00bbcenter\u00a0\u00bb button_alignment_last_edited=\u00a0\u00bbon|tablet\u00a0\u00bb _builder_version=\u00a0\u00bb4.10.5&Prime; _module_preset=\u00a0\u00bbdefault\u00a0\u00bb custom_button=\u00a0\u00bbon\u00a0\u00bb button_text_color=\u00a0\u00bb#FFFFFF\u00a0\u00bb button_bg_color=\u00a0\u00bb#f9577b\u00a0\u00bb button_use_icon=\u00a0\u00bboff\u00a0\u00bb global_colors_info=\u00a0\u00bb{}\u00a0\u00bb][\/et_pb_button][et_pb_button button_url=\u00a0\u00bbhttps:\/\/onlyfans.com\/?ref=242286313&Prime; button_text=\u00a0\u00bbS&rsquo;inscrire sur Onlyfans Gratuitement\u00a0\u00bb button_alignment=\u00a0\u00bbcenter\u00a0\u00bb button_alignment_tablet=\u00a0\u00bbcenter\u00a0\u00bb button_alignment_phone=\u00a0\u00bbcenter\u00a0\u00bb button_alignment_last_edited=\u00a0\u00bbon|tablet\u00a0\u00bb _builder_version=\u00a0\u00bb4.10.5&Prime; _module_preset=\u00a0\u00bbdefault\u00a0\u00bb custom_button=\u00a0\u00bbon\u00a0\u00bb button_text_color=\u00a0\u00bb#FFFFFF\u00a0\u00bb button_bg_color=\u00a0\u00bb#0eabe0&Prime; button_use_icon=\u00a0\u00bboff\u00a0\u00bb hover_enabled=\u00a0\u00bb0&Prime; global_colors_info=\u00a0\u00bb{}\u00a0\u00bb button_bg_enable_color=\u00a0\u00bbon\u00a0\u00bb sticky_enabled=\u00a0\u00bb0&Prime;][\/et_pb_button][et_pb_text _builder_version=\u00a0\u00bb4.10.5&Prime; _module_preset=\u00a0\u00bbdefault\u00a0\u00bb global_colors_info=\u00a0\u00bb{}\u00a0\u00bb]<\/p>\n<h2>Comment faire conna\u00eetre votre compte Premium ?<\/h2>\n<p>Le mieux \u00e0 faire, c&rsquo;est d&rsquo;avoir deux comptes : un compte public et un premium sur MYM. Sur votre compte snapchat public, vous pouvez annoncer que vous avez un MYM priv\u00e9 auquel on peut acc\u00e9der contre un abonnement. On voit parfois chez les artistes pour adultes que certains comptes sont bannis pour emp\u00eacher les utilisateurs de s&rsquo;abonner \u00e0 leur compte et \u00e0 leur contenu. Gr\u00e2ce \u00e0 MYM, les chances de saisir le compte seront r\u00e9duites.<\/p>\n<p>Vous trouverez sur notre site divers guides pour faire connaitre votre compte MYM, n&rsquo;h\u00e9sitez pas \u00e0 les lire!<\/p>\n<p>&nbsp;<\/p>\n<p>[\/et_pb_text][\/et_pb_column][\/et_pb_row][\/et_pb_section]<\/p>\n\n\n<div class=\"kk-star-ratings kksr-auto kksr-align-center kksr-valign-bottom kksr-disabled\"\n    data-payload='{&quot;align&quot;:&quot;center&quot;,&quot;id&quot;:&quot;136&quot;,&quot;readonly&quot;:&quot;1&quot;,&quot;slug&quot;:&quot;default&quot;,&quot;valign&quot;:&quot;bottom&quot;,&quot;ignore&quot;:&quot;&quot;,&quot;reference&quot;:&quot;auto&quot;,&quot;class&quot;:&quot;&quot;,&quot;count&quot;:&quot;9&quot;,&quot;legendonly&quot;:&quot;&quot;,&quot;score&quot;:&quot;4.8&quot;,&quot;starsonly&quot;:&quot;&quot;,&quot;best&quot;:&quot;5&quot;,&quot;gap&quot;:&quot;4&quot;,&quot;greet&quot;:&quot;Notez cet article&quot;,&quot;legend&quot;:&quot;4.8\\\/5 - (9 votes)&quot;,&quot;size&quot;:&quot;24&quot;,&quot;title&quot;:&quot;Comment faire un Snapchat Premium?&quot;,&quot;width&quot;:&quot;132.4&quot;,&quot;_legend&quot;:&quot;{score}\\\/{best} - ({count} {votes})&quot;,&quot;font_factor&quot;:&quot;1.25&quot;}'>\n            \n<div class=\"kksr-stars\">\n    \n<div class=\"kksr-stars-inactive\">\n            <div class=\"kksr-star\" data-star=\"1\" style=\"padding-right: 4px\">\n            \n\n<div class=\"kksr-icon\" style=\"width: 24px; height: 24px;\"><\/div>\n        <\/div>\n            <div class=\"kksr-star\" data-star=\"2\" style=\"padding-right: 4px\">\n            \n\n<div class=\"kksr-icon\" style=\"width: 24px; height: 24px;\"><\/div>\n        <\/div>\n            <div class=\"kksr-star\" data-star=\"3\" style=\"padding-right: 4px\">\n            \n\n<div class=\"kksr-icon\" style=\"width: 24px; height: 24px;\"><\/div>\n        <\/div>\n            <div class=\"kksr-star\" data-star=\"4\" style=\"padding-right: 4px\">\n            \n\n<div class=\"kksr-icon\" style=\"width: 24px; height: 24px;\"><\/div>\n        <\/div>\n            <div class=\"kksr-star\" data-star=\"5\" style=\"padding-right: 4px\">\n            \n\n<div class=\"kksr-icon\" style=\"width: 24px; height: 24px;\"><\/div>\n        <\/div>\n    <\/div>\n    \n<div class=\"kksr-stars-active\" style=\"width: 132.4px;\">\n            <div class=\"kksr-star\" style=\"padding-right: 4px\">\n            \n\n<div class=\"kksr-icon\" style=\"width: 24px; height: 24px;\"><\/div>\n        <\/div>\n            <div class=\"kksr-star\" style=\"padding-right: 4px\">\n            \n\n<div class=\"kksr-icon\" style=\"width: 24px; height: 24px;\"><\/div>\n        <\/div>\n            <div class=\"kksr-star\" style=\"padding-right: 4px\">\n            \n\n<div class=\"kksr-icon\" style=\"width: 24px; height: 24px;\"><\/div>\n        <\/div>\n            <div class=\"kksr-star\" style=\"padding-right: 4px\">\n            \n\n<div class=\"kksr-icon\" style=\"width: 24px; height: 24px;\"><\/div>\n        <\/div>\n            <div class=\"kksr-star\" style=\"padding-right: 4px\">\n            \n\n<div class=\"kksr-icon\" style=\"width: 24px; height: 24px;\"><\/div>\n        <\/div>\n    <\/div>\n<\/div>\n                \n\n<div class=\"kksr-legend\" style=\"font-size: 19.2px;\">\n            4.8\/5 - (9 votes)    <\/div>\n    <\/div>\n","protected":false},"excerpt":{"rendered":"<p>Comment faire un Snapchat Premium ?Qu&rsquo;est-ce qu&rsquo;un compte Snapchat Premium ? Un compte premium Snapchat consiste \u00e0 faire payer votre communaut\u00e9 pour y avoir acc\u00e8s. C&rsquo;est juste un snapchat qui a une frais d&rsquo;adh\u00e9sion. Votre snapchat premium a un compte que les gens paient pour y \u00eatre ajout\u00e9s. Ce n&rsquo;est pas une application diff\u00e9rente. C&rsquo;est [&hellip;]<\/p>\n","protected":false},"author":1,"featured_media":0,"parent":0,"menu_order":0,"comment_status":"closed","ping_status":"closed","template":"","meta":{"_et_pb_use_builder":"on","_et_pb_old_content":"","_et_gb_content_width":"","om_disable_all_campaigns":false,"footnotes":""},"class_list":["post-136","page","type-page","status-publish","hentry"],"yoast_head":"<!-- This site is optimized with the Yoast SEO plugin v27.3 - https:\/\/yoast.com\/product\/yoast-seo-wordpress\/ -->\n<title>Comment faire un Snapchat Premium? - MYM Famous<\/title>\n<meta name=\"robots\" content=\"index, follow, max-snippet:-1, max-image-preview:large, max-video-preview:-1\" \/>\n<link rel=\"canonical\" href=\"https:\/\/mymfamous.com\/pl\/snapchat-premium\/\" \/>\n<meta property=\"og:locale\" content=\"pl_PL\" \/>\n<meta property=\"og:type\" content=\"article\" \/>\n<meta property=\"og:title\" content=\"Comment faire un Snapchat Premium? - MYM Famous\" \/>\n<meta property=\"og:description\" content=\"Comment faire un Snapchat Premium ?Qu&#039;est-ce qu&#039;un compte Snapchat Premium ? Un compte premium Snapchat consiste \u00e0 faire payer votre communaut\u00e9 pour y avoir acc\u00e8s. C&#039;est juste un snapchat qui a une frais d&#039;adh\u00e9sion. Votre snapchat premium a un compte que les gens paient pour y \u00eatre ajout\u00e9s. Ce n&#039;est pas une application diff\u00e9rente. C&#039;est [&hellip;]\" \/>\n<meta property=\"og:url\" content=\"https:\/\/mymfamous.com\/pl\/snapchat-premium\/\" \/>\n<meta property=\"og:site_name\" content=\"MYM Famous\" \/>\n<meta property=\"article:modified_time\" content=\"2022-08-29T08:32:58+00:00\" \/>\n<meta name=\"twitter:card\" content=\"summary_large_image\" \/>\n<script type=\"application\/ld+json\" class=\"yoast-schema-graph\">{\"@context\":\"https:\\\/\\\/schema.org\",\"@graph\":[{\"@type\":\"WebPage\",\"@id\":\"https:\\\/\\\/mymfamous.com\\\/snapchat-premium\",\"url\":\"https:\\\/\\\/mymfamous.com\\\/snapchat-premium\",\"name\":\"Comment faire un Snapchat Premium? - MYM Famous\",\"isPartOf\":{\"@id\":\"https:\\\/\\\/mymfamous.com\\\/#website\"},\"datePublished\":\"2021-09-25T05:51:29+00:00\",\"dateModified\":\"2022-08-29T08:32:58+00:00\",\"breadcrumb\":{\"@id\":\"https:\\\/\\\/mymfamous.com\\\/snapchat-premium#breadcrumb\"},\"inLanguage\":\"pl-PL\",\"potentialAction\":[{\"@type\":\"ReadAction\",\"target\":[\"https:\\\/\\\/mymfamous.com\\\/snapchat-premium\"]}]},{\"@type\":\"BreadcrumbList\",\"@id\":\"https:\\\/\\\/mymfamous.com\\\/snapchat-premium#breadcrumb\",\"itemListElement\":[{\"@type\":\"ListItem\",\"position\":1,\"name\":\"Accueil\",\"item\":\"https:\\\/\\\/mymfamous.com\\\/\"},{\"@type\":\"ListItem\",\"position\":2,\"name\":\"Comment faire un Snapchat Premium?\"}]},{\"@type\":\"WebSite\",\"@id\":\"https:\\\/\\\/mymfamous.com\\\/#website\",\"url\":\"https:\\\/\\\/mymfamous.com\\\/\",\"name\":\"MYM Famous\",\"description\":\"Avis MYM Fans : le r\u00e9seau social Priv\u00e9 des Personnalit\u00e9s\",\"potentialAction\":[{\"@type\":\"SearchAction\",\"target\":{\"@type\":\"EntryPoint\",\"urlTemplate\":\"https:\\\/\\\/mymfamous.com\\\/?s={search_term_string}\"},\"query-input\":{\"@type\":\"PropertyValueSpecification\",\"valueRequired\":true,\"valueName\":\"search_term_string\"}}],\"inLanguage\":\"pl-PL\"}]}<\/script>\n<!-- \/ Yoast SEO plugin. -->","yoast_head_json":{"title":"Jak zrobi\u0107 Snapchat Premium? - MYM S\u0142awny","robots":{"index":"index","follow":"follow","max-snippet":"max-snippet:-1","max-image-preview":"max-image-preview:large","max-video-preview":"max-video-preview:-1"},"canonical":"https:\/\/mymfamous.com\/pl\/snapchat-premium\/","og_locale":"pl_PL","og_type":"article","og_title":"Comment faire un Snapchat Premium? - MYM Famous","og_description":"Comment faire un Snapchat Premium ?Qu'est-ce qu'un compte Snapchat Premium ? Un compte premium Snapchat consiste \u00e0 faire payer votre communaut\u00e9 pour y avoir acc\u00e8s. C'est juste un snapchat qui a une frais d'adh\u00e9sion. Votre snapchat premium a un compte que les gens paient pour y \u00eatre ajout\u00e9s. Ce n'est pas une application diff\u00e9rente. C'est [&hellip;]","og_url":"https:\/\/mymfamous.com\/pl\/snapchat-premium\/","og_site_name":"MYM Famous","article_modified_time":"2022-08-29T08:32:58+00:00","twitter_card":"summary_large_image","schema":{"@context":"https:\/\/schema.org","@graph":[{"@type":"WebPage","@id":"https:\/\/mymfamous.com\/snapchat-premium","url":"https:\/\/mymfamous.com\/snapchat-premium","name":"Jak zrobi\u0107 Snapchat Premium? - MYM S\u0142awny","isPartOf":{"@id":"https:\/\/mymfamous.com\/#website"},"datePublished":"2021-09-25T05:51:29+00:00","dateModified":"2022-08-29T08:32:58+00:00","breadcrumb":{"@id":"https:\/\/mymfamous.com\/snapchat-premium#breadcrumb"},"inLanguage":"pl-PL","potentialAction":[{"@type":"ReadAction","target":["https:\/\/mymfamous.com\/snapchat-premium"]}]},{"@type":"BreadcrumbList","@id":"https:\/\/mymfamous.com\/snapchat-premium#breadcrumb","itemListElement":[{"@type":"ListItem","position":1,"name":"Accueil","item":"https:\/\/mymfamous.com\/"},{"@type":"ListItem","position":2,"name":"Comment faire un Snapchat Premium?"}]},{"@type":"WebSite","@id":"https:\/\/mymfamous.com\/#website","url":"https:\/\/mymfamous.com\/","name":"MYM S\u0142awny","description":"Recenzja MYM Fans: prywatny serwis spo\u0142eczno\u015bciowy dla osobowo\u015bci","potentialAction":[{"@type":"SearchAction","target":{"@type":"EntryPoint","urlTemplate":"https:\/\/mymfamous.com\/?s={search_term_string}"},"query-input":{"@type":"PropertyValueSpecification","valueRequired":true,"valueName":"search_term_string"}}],"inLanguage":"pl-PL"}]}},"jetpack_sharing_enabled":true,"_links":{"self":[{"href":"https:\/\/mymfamous.com\/pl\/wp-json\/wp\/v2\/pages\/136","targetHints":{"allow":["GET"]}}],"collection":[{"href":"https:\/\/mymfamous.com\/pl\/wp-json\/wp\/v2\/pages"}],"about":[{"href":"https:\/\/mymfamous.com\/pl\/wp-json\/wp\/v2\/types\/page"}],"author":[{"embeddable":true,"href":"https:\/\/mymfamous.com\/pl\/wp-json\/wp\/v2\/users\/1"}],"replies":[{"embeddable":true,"href":"https:\/\/mymfamous.com\/pl\/wp-json\/wp\/v2\/comments?post=136"}],"version-history":[{"count":3,"href":"https:\/\/mymfamous.com\/pl\/wp-json\/wp\/v2\/pages\/136\/revisions"}],"predecessor-version":[{"id":199,"href":"https:\/\/mymfamous.com\/pl\/wp-json\/wp\/v2\/pages\/136\/revisions\/199"}],"wp:attachment":[{"href":"https:\/\/mymfamous.com\/pl\/wp-json\/wp\/v2\/media?parent=136"}],"curies":[{"name":"wp","href":"https:\/\/api.w.org\/{rel}","templated":true}]}}