{"id":208,"date":"2022-09-29T07:59:10","date_gmt":"2022-09-29T07:59:10","guid":{"rendered":"https:\/\/mymfamous.com\/?page_id=208"},"modified":"2025-09-23T10:00:42","modified_gmt":"2025-09-23T10:00:42","slug":"mentions-legales","status":"publish","type":"page","link":"https:\/\/mymfamous.com\/pt\/mentions-legales","title":{"rendered":"Informa\u00e7\u00e3o legal"},"content":{"rendered":"<p><\/p>\n\n\n\n<meta name=\"robots\" content=\"noindex, nofollow\">\n\n\n\n<figure class=\"wp-block-image size-full is-resized\"><img width=\"932\" height=\"242\" src=\"https:\/\/mymfamous.com\/wp-content\/uploads\/2025\/09\/mentions-legales-fr.png\" alt=\"\" class=\"wp-image-460\" style=\"width:450px\" srcset=\"https:\/\/mymfamous.com\/wp-content\/uploads\/2025\/09\/mentions-legales-fr.png 932w, https:\/\/mymfamous.com\/wp-content\/uploads\/2025\/09\/mentions-legales-fr-480x125.png 480w\" sizes=\"(min-width: 0px) and (max-width: 480px) 480px, (min-width: 481px) 932px, 100vw\" \/><\/figure>\n\n\n\n<p><strong>H\u00e9bergeur :<\/strong><br>Infomaniak<br>Rue Eug\u00e8ne-Marziano 25<br>1227 Les Acacias \u2013 Suisse<br>https:\/\/www.infomaniak.com<\/p>\n\n\n\n<h2 class=\"wp-block-heading\"><strong>Conditions d\u2019utilisation<\/strong><\/h2>\n\n\n\n<p>A utiliza\u00e7\u00e3o deste site implica a aceita\u00e7\u00e3o total das condi\u00e7\u00f5es gerais de utiliza\u00e7\u00e3o descritas abaixo. Estas condi\u00e7\u00f5es de utiliza\u00e7\u00e3o podem ser modificadas ou completadas em qualquer altura.<\/p>\n\n\n\n<h2 class=\"wp-block-heading\"><strong>Informations<\/strong><\/h2>\n\n\n\n<p>Les informations et documents du site sont pr\u00e9sent\u00e9s \u00e0 titre indicatif, n\u2019ont pas de caract\u00e8re exhaustif, et ne peuvent engager la responsabilit\u00e9 du propri\u00e9taire du site.<\/p>\n\n\n\n<p>O propriet\u00e1rio do site n\u00e3o pode ser responsabilizado por qualquer dano directo ou indirecto resultante do acesso ao site.<\/p>\n\n\n\n<h2 class=\"wp-block-heading\"><strong>Interactivit\u00e9<\/strong><\/h2>\n\n\n\n<p>Os utilizadores do s\u00edtio podem depositar conte\u00fado, aparecendo no s\u00edtio em espa\u00e7os dedicados (em particular atrav\u00e9s dos coment\u00e1rios). O conte\u00fado publicado permanece sob a responsabilidade dos seus autores, que assumem plena responsabilidade legal pelo mesmo.<\/p>\n\n\n\n<p>O propriet\u00e1rio do s\u00edtio reserva-se no entanto o direito de retirar sem aviso pr\u00e9vio e sem justifica\u00e7\u00e3o qualquer conte\u00fado apresentado pelos utilizadores que n\u00e3o cumpra a carta \u00e9tica do s\u00edtio ou a legisla\u00e7\u00e3o em vigor.<\/p>\n\n\n\n<h2 class=\"wp-block-heading\"><strong>Propri\u00e9t\u00e9 intellectuelle<\/strong><\/h2>\n\n\n\n<p>Salvo indica\u00e7\u00e3o em contr\u00e1rio, todos os elementos acess\u00edveis no site (textos, imagens, gr\u00e1ficos, logotipos, \u00edcones, sons, software, etc.) continuam a ser propriedade exclusiva dos seus autores, no que respeita aos direitos de propriedade intelectual ou direitos de utiliza\u00e7\u00e3o.<a href=\"https:\/\/www.webexpress.fr\/actualite\/focus\/modele-de-mentions-legales-complet-et-gratuit\/#fn-7013-1\" target=\"_blank\" rel=\"noreferrer noopener\">&nbsp;<sup>1<\/sup><\/a><\/p>\n\n\n\n<p>\u00c9 proibida qualquer reprodu\u00e7\u00e3o, representa\u00e7\u00e3o, modifica\u00e7\u00e3o, publica\u00e7\u00e3o, adapta\u00e7\u00e3o de todos ou parte dos elementos do s\u00edtio, qualquer que seja o meio ou o processo utilizado, excepto autoriza\u00e7\u00e3o pr\u00e9via por escrito do autor.<a href=\"https:\/\/www.webexpress.fr\/actualite\/focus\/modele-de-mentions-legales-complet-et-gratuit\/#fn-7013-2\" target=\"_blank\" rel=\"noreferrer noopener\"><sup>2<\/sup><\/a><a href=\"https:\/\/www.webexpress.fr\/actualite\/focus\/modele-de-mentions-legales-complet-et-gratuit\/#fn-7013-3\" target=\"_blank\" rel=\"noreferrer noopener\"><sup>3<\/sup><\/a><\/p>\n\n\n\n<p>Qualquer utiliza\u00e7\u00e3o n\u00e3o autorizada do site ou de qualquer dos elementos nele contidos \u00e9 considerada como constituindo uma infrac\u00e7\u00e3o e pode ser objecto de processo judicial.<a href=\"https:\/\/www.webexpress.fr\/actualite\/focus\/modele-de-mentions-legales-complet-et-gratuit\/#fn-7013-9\" target=\"_blank\" rel=\"noreferrer noopener\">&nbsp;<sup>4<\/sup><\/a><\/p>\n\n\n\n<p>As marcas e log\u00f3tipos reproduzidos no site s\u00e3o registados pelas empresas que os possuem.<\/p>\n\n\n\n<h2 class=\"wp-block-heading\"><strong>Liens<\/strong><\/h2>\n\n\n\n<p><strong>Liga\u00e7\u00f5es de sa\u00edda<\/strong><\/p>\n\n\n\n<p>O propriet\u00e1rio do site declina toda a responsabilidade e n\u00e3o se compromete com a referencia\u00e7\u00e3o atrav\u00e9s de liga\u00e7\u00f5es de hipertexto, de recursos de terceiros presentes na rede Internet, tanto no que respeita ao seu conte\u00fado como \u00e0 sua relev\u00e2ncia.<\/p>\n\n\n\n<p><strong>Links de entrada<\/strong><\/p>\n\n\n\n<p>O propriet\u00e1rio do site autoriza hiperliga\u00e7\u00f5es para qualquer uma das p\u00e1ginas deste site, desde que estas abram uma nova janela e sejam apresentadas de uma forma inequ\u00edvoca, a fim de evitar :<\/p>\n\n\n\n<ul class=\"wp-block-list\">\n<li>qualquer risco de confus\u00e3o entre o site de cita\u00e7\u00e3o e o propriet\u00e1rio do site<\/li>\n\n\n\n<li>bem como qualquer apresenta\u00e7\u00e3o tendenciosa ou contr\u00e1ria \u00e0s leis em vigor.<\/li>\n<\/ul>\n\n\n\n<p>O propriet\u00e1rio do site reserva-se o direito de solicitar a remo\u00e7\u00e3o de um link se considerar que o site fonte n\u00e3o respeita as regras assim definidas.<\/p>\n\n\n\n<h2 class=\"wp-block-heading\"><strong>Confidentialit\u00e9<\/strong><\/h2>\n\n\n\n<p>Qualquer utilizador tem o direito de aceder, rectificar e opor-se a quaisquer dados pessoais que lhe digam respeito, fazendo um pedido escrito e assinado, acompanhado de prova de identidade.<\/p>\n\n\n\n<p>Le site ne recueille pas d\u2019informations personnelles, et n\u2019est pas assujetti \u00e0 d\u00e9claration \u00e0 la CNIL.<\/p>\n\n\n<div class=\"kk-star-ratings kksr-auto kksr-align-center kksr-valign-bottom kksr-disabled\"\n    data-payload='{&quot;align&quot;:&quot;center&quot;,&quot;id&quot;:&quot;208&quot;,&quot;readonly&quot;:&quot;1&quot;,&quot;slug&quot;:&quot;default&quot;,&quot;valign&quot;:&quot;bottom&quot;,&quot;ignore&quot;:&quot;&quot;,&quot;reference&quot;:&quot;auto&quot;,&quot;class&quot;:&quot;&quot;,&quot;count&quot;:&quot;0&quot;,&quot;legendonly&quot;:&quot;&quot;,&quot;score&quot;:&quot;0&quot;,&quot;starsonly&quot;:&quot;&quot;,&quot;best&quot;:&quot;5&quot;,&quot;gap&quot;:&quot;4&quot;,&quot;greet&quot;:&quot;Notez cet article&quot;,&quot;legend&quot;:&quot;0\\\/5 - (0 votes)&quot;,&quot;size&quot;:&quot;24&quot;,&quot;title&quot;:&quot;Mentions l\u00e9gales&quot;,&quot;width&quot;:&quot;0&quot;,&quot;_legend&quot;:&quot;{score}\\\/{best} - ({count} {votes})&quot;,&quot;font_factor&quot;:&quot;1.25&quot;}'>\n            \n<div class=\"kksr-stars\">\n    \n<div class=\"kksr-stars-inactive\">\n            <div class=\"kksr-star\" data-star=\"1\" style=\"padding-right: 4px\">\n            \n\n<div class=\"kksr-icon\" style=\"width: 24px; height: 24px;\"><\/div>\n        <\/div>\n            <div class=\"kksr-star\" data-star=\"2\" style=\"padding-right: 4px\">\n            \n\n<div class=\"kksr-icon\" style=\"width: 24px; height: 24px;\"><\/div>\n        <\/div>\n            <div class=\"kksr-star\" data-star=\"3\" style=\"padding-right: 4px\">\n            \n\n<div class=\"kksr-icon\" style=\"width: 24px; height: 24px;\"><\/div>\n        <\/div>\n            <div class=\"kksr-star\" data-star=\"4\" style=\"padding-right: 4px\">\n            \n\n<div class=\"kksr-icon\" style=\"width: 24px; height: 24px;\"><\/div>\n        <\/div>\n            <div class=\"kksr-star\" data-star=\"5\" style=\"padding-right: 4px\">\n            \n\n<div class=\"kksr-icon\" style=\"width: 24px; height: 24px;\"><\/div>\n        <\/div>\n    <\/div>\n    \n<div class=\"kksr-stars-active\" style=\"width: 0px;\">\n            <div class=\"kksr-star\" style=\"padding-right: 4px\">\n            \n\n<div class=\"kksr-icon\" style=\"width: 24px; height: 24px;\"><\/div>\n        <\/div>\n            <div class=\"kksr-star\" style=\"padding-right: 4px\">\n            \n\n<div class=\"kksr-icon\" style=\"width: 24px; height: 24px;\"><\/div>\n        <\/div>\n            <div class=\"kksr-star\" style=\"padding-right: 4px\">\n            \n\n<div class=\"kksr-icon\" style=\"width: 24px; height: 24px;\"><\/div>\n        <\/div>\n            <div class=\"kksr-star\" style=\"padding-right: 4px\">\n            \n\n<div class=\"kksr-icon\" style=\"width: 24px; height: 24px;\"><\/div>\n        <\/div>\n            <div class=\"kksr-star\" style=\"padding-right: 4px\">\n            \n\n<div class=\"kksr-icon\" style=\"width: 24px; height: 24px;\"><\/div>\n        <\/div>\n    <\/div>\n<\/div>\n                \n\n<div class=\"kksr-legend\" style=\"font-size: 19.2px;\">\n            <span class=\"kksr-muted\">Avalie este artigo<\/span>\n    <\/div>\n    <\/div>","protected":false},"excerpt":{"rendered":"<p>H\u00e9bergeur :InfomaniakRue Eug\u00e8ne-Marziano 251227 Les Acacias \u2013 Suissehttps:\/\/www.infomaniak.com Conditions d\u2019utilisation L\u2019utilisation du pr\u00e9sent site implique l\u2019acceptation pleine et enti\u00e8re des conditions g\u00e9n\u00e9rales d\u2019utilisation d\u00e9crites ci-apr\u00e8s. Ces conditions d\u2019utilisation sont susceptibles d\u2019\u00eatre modifi\u00e9es ou compl\u00e9t\u00e9es \u00e0 tout moment. Informations Les informations et documents du site sont pr\u00e9sent\u00e9s \u00e0 titre indicatif, n\u2019ont pas de caract\u00e8re exhaustif, et [&hellip;]<\/p>\n","protected":false},"author":1,"featured_media":0,"parent":0,"menu_order":0,"comment_status":"closed","ping_status":"closed","template":"","meta":{"_et_pb_use_builder":"","_et_pb_old_content":"","_et_gb_content_width":"","om_disable_all_campaigns":false,"footnotes":""},"class_list":["post-208","page","type-page","status-publish","hentry"],"yoast_head":"<!-- This site is optimized with the Yoast SEO plugin v27.3 - https:\/\/yoast.com\/product\/yoast-seo-wordpress\/ -->\n<title>Mentions l\u00e9gales - MYM Famous<\/title>\n<meta name=\"robots\" content=\"index, follow, max-snippet:-1, max-image-preview:large, max-video-preview:-1\" \/>\n<link rel=\"canonical\" href=\"https:\/\/mymfamous.com\/pt\/avisos-juridicos\/\" \/>\n<meta property=\"og:locale\" content=\"pt_PT\" \/>\n<meta property=\"og:type\" content=\"article\" \/>\n<meta property=\"og:title\" content=\"Mentions l\u00e9gales - MYM Famous\" \/>\n<meta property=\"og:description\" content=\"H\u00e9bergeur :InfomaniakRue Eug\u00e8ne-Marziano 251227 Les Acacias \u2013 Suissehttps:\/\/www.infomaniak.com Conditions d\u2019utilisation L\u2019utilisation du pr\u00e9sent site implique l\u2019acceptation pleine et enti\u00e8re des conditions g\u00e9n\u00e9rales d\u2019utilisation d\u00e9crites ci-apr\u00e8s. Ces conditions d\u2019utilisation sont susceptibles d\u2019\u00eatre modifi\u00e9es ou compl\u00e9t\u00e9es \u00e0 tout moment. Informations Les informations et documents du site sont pr\u00e9sent\u00e9s \u00e0 titre indicatif, n\u2019ont pas de caract\u00e8re exhaustif, et [&hellip;]\" \/>\n<meta property=\"og:url\" content=\"https:\/\/mymfamous.com\/pt\/avisos-juridicos\/\" \/>\n<meta property=\"og:site_name\" content=\"MYM Famous\" \/>\n<meta property=\"article:modified_time\" content=\"2025-09-23T10:00:42+00:00\" \/>\n<meta property=\"og:image\" content=\"https:\/\/mymfamous.com\/wp-content\/uploads\/2025\/09\/mentions-legales-fr.png\" \/>\n\t<meta property=\"og:image:width\" content=\"932\" \/>\n\t<meta property=\"og:image:height\" content=\"242\" \/>\n\t<meta property=\"og:image:type\" content=\"image\/png\" \/>\n<meta name=\"twitter:card\" content=\"summary_large_image\" \/>\n<meta name=\"twitter:label1\" content=\"Tempo estimado de leitura\" \/>\n\t<meta name=\"twitter:data1\" content=\"3 minutos\" \/>\n<script type=\"application\/ld+json\" class=\"yoast-schema-graph\">{\"@context\":\"https:\\\/\\\/schema.org\",\"@graph\":[{\"@type\":\"WebPage\",\"@id\":\"https:\\\/\\\/mymfamous.com\\\/mentions-legales\",\"url\":\"https:\\\/\\\/mymfamous.com\\\/mentions-legales\",\"name\":\"Mentions l\u00e9gales - MYM Famous\",\"isPartOf\":{\"@id\":\"https:\\\/\\\/mymfamous.com\\\/#website\"},\"primaryImageOfPage\":{\"@id\":\"https:\\\/\\\/mymfamous.com\\\/mentions-legales#primaryimage\"},\"image\":{\"@id\":\"https:\\\/\\\/mymfamous.com\\\/mentions-legales#primaryimage\"},\"thumbnailUrl\":\"https:\\\/\\\/mymfamous.com\\\/wp-content\\\/uploads\\\/2025\\\/09\\\/mentions-legales-fr.png\",\"datePublished\":\"2022-09-29T07:59:10+00:00\",\"dateModified\":\"2025-09-23T10:00:42+00:00\",\"breadcrumb\":{\"@id\":\"https:\\\/\\\/mymfamous.com\\\/mentions-legales#breadcrumb\"},\"inLanguage\":\"pt-PT\",\"potentialAction\":[{\"@type\":\"ReadAction\",\"target\":[\"https:\\\/\\\/mymfamous.com\\\/mentions-legales\"]}]},{\"@type\":\"ImageObject\",\"inLanguage\":\"pt-PT\",\"@id\":\"https:\\\/\\\/mymfamous.com\\\/mentions-legales#primaryimage\",\"url\":\"https:\\\/\\\/mymfamous.com\\\/wp-content\\\/uploads\\\/2025\\\/09\\\/mentions-legales-fr.png\",\"contentUrl\":\"https:\\\/\\\/mymfamous.com\\\/wp-content\\\/uploads\\\/2025\\\/09\\\/mentions-legales-fr.png\"},{\"@type\":\"BreadcrumbList\",\"@id\":\"https:\\\/\\\/mymfamous.com\\\/mentions-legales#breadcrumb\",\"itemListElement\":[{\"@type\":\"ListItem\",\"position\":1,\"name\":\"Accueil\",\"item\":\"https:\\\/\\\/mymfamous.com\\\/\"},{\"@type\":\"ListItem\",\"position\":2,\"name\":\"Mentions l\u00e9gales\"}]},{\"@type\":\"WebSite\",\"@id\":\"https:\\\/\\\/mymfamous.com\\\/#website\",\"url\":\"https:\\\/\\\/mymfamous.com\\\/\",\"name\":\"MYM Famous\",\"description\":\"Avis MYM Fans : le r\u00e9seau social Priv\u00e9 des Personnalit\u00e9s\",\"potentialAction\":[{\"@type\":\"SearchAction\",\"target\":{\"@type\":\"EntryPoint\",\"urlTemplate\":\"https:\\\/\\\/mymfamous.com\\\/?s={search_term_string}\"},\"query-input\":{\"@type\":\"PropertyValueSpecification\",\"valueRequired\":true,\"valueName\":\"search_term_string\"}}],\"inLanguage\":\"pt-PT\"}]}<\/script>\n<!-- \/ Yoast SEO plugin. -->","yoast_head_json":{"title":"Aviso legal - MYM Famoso","robots":{"index":"index","follow":"follow","max-snippet":"max-snippet:-1","max-image-preview":"max-image-preview:large","max-video-preview":"max-video-preview:-1"},"canonical":"https:\/\/mymfamous.com\/pt\/avisos-juridicos\/","og_locale":"pt_PT","og_type":"article","og_title":"Mentions l\u00e9gales - MYM Famous","og_description":"H\u00e9bergeur :InfomaniakRue Eug\u00e8ne-Marziano 251227 Les Acacias \u2013 Suissehttps:\/\/www.infomaniak.com Conditions d\u2019utilisation L\u2019utilisation du pr\u00e9sent site implique l\u2019acceptation pleine et enti\u00e8re des conditions g\u00e9n\u00e9rales d\u2019utilisation d\u00e9crites ci-apr\u00e8s. Ces conditions d\u2019utilisation sont susceptibles d\u2019\u00eatre modifi\u00e9es ou compl\u00e9t\u00e9es \u00e0 tout moment. Informations Les informations et documents du site sont pr\u00e9sent\u00e9s \u00e0 titre indicatif, n\u2019ont pas de caract\u00e8re exhaustif, et [&hellip;]","og_url":"https:\/\/mymfamous.com\/pt\/avisos-juridicos\/","og_site_name":"MYM Famous","article_modified_time":"2025-09-23T10:00:42+00:00","og_image":[{"width":932,"height":242,"url":"https:\/\/mymfamous.com\/wp-content\/uploads\/2025\/09\/mentions-legales-fr.png","type":"image\/png"}],"twitter_card":"summary_large_image","twitter_misc":{"Tempo estimado de leitura":"3 minutos"},"schema":{"@context":"https:\/\/schema.org","@graph":[{"@type":"WebPage","@id":"https:\/\/mymfamous.com\/mentions-legales","url":"https:\/\/mymfamous.com\/mentions-legales","name":"Aviso legal - MYM Famoso","isPartOf":{"@id":"https:\/\/mymfamous.com\/#website"},"primaryImageOfPage":{"@id":"https:\/\/mymfamous.com\/mentions-legales#primaryimage"},"image":{"@id":"https:\/\/mymfamous.com\/mentions-legales#primaryimage"},"thumbnailUrl":"https:\/\/mymfamous.com\/wp-content\/uploads\/2025\/09\/mentions-legales-fr.png","datePublished":"2022-09-29T07:59:10+00:00","dateModified":"2025-09-23T10:00:42+00:00","breadcrumb":{"@id":"https:\/\/mymfamous.com\/mentions-legales#breadcrumb"},"inLanguage":"pt-PT","potentialAction":[{"@type":"ReadAction","target":["https:\/\/mymfamous.com\/mentions-legales"]}]},{"@type":"ImageObject","inLanguage":"pt-PT","@id":"https:\/\/mymfamous.com\/mentions-legales#primaryimage","url":"https:\/\/mymfamous.com\/wp-content\/uploads\/2025\/09\/mentions-legales-fr.png","contentUrl":"https:\/\/mymfamous.com\/wp-content\/uploads\/2025\/09\/mentions-legales-fr.png"},{"@type":"BreadcrumbList","@id":"https:\/\/mymfamous.com\/mentions-legales#breadcrumb","itemListElement":[{"@type":"ListItem","position":1,"name":"Accueil","item":"https:\/\/mymfamous.com\/"},{"@type":"ListItem","position":2,"name":"Mentions l\u00e9gales"}]},{"@type":"WebSite","@id":"https:\/\/mymfamous.com\/#website","url":"https:\/\/mymfamous.com\/","name":"MYM Famoso","description":"Revis\u00e3o dos F\u00e3s da MYM: a Rede Social Privada para Personalidades","potentialAction":[{"@type":"SearchAction","target":{"@type":"EntryPoint","urlTemplate":"https:\/\/mymfamous.com\/?s={search_term_string}"},"query-input":{"@type":"PropertyValueSpecification","valueRequired":true,"valueName":"search_term_string"}}],"inLanguage":"pt-PT"}]}},"jetpack_sharing_enabled":true,"_links":{"self":[{"href":"https:\/\/mymfamous.com\/pt\/wp-json\/wp\/v2\/pages\/208","targetHints":{"allow":["GET"]}}],"collection":[{"href":"https:\/\/mymfamous.com\/pt\/wp-json\/wp\/v2\/pages"}],"about":[{"href":"https:\/\/mymfamous.com\/pt\/wp-json\/wp\/v2\/types\/page"}],"author":[{"embeddable":true,"href":"https:\/\/mymfamous.com\/pt\/wp-json\/wp\/v2\/users\/1"}],"replies":[{"embeddable":true,"href":"https:\/\/mymfamous.com\/pt\/wp-json\/wp\/v2\/comments?post=208"}],"version-history":[{"count":4,"href":"https:\/\/mymfamous.com\/pt\/wp-json\/wp\/v2\/pages\/208\/revisions"}],"predecessor-version":[{"id":461,"href":"https:\/\/mymfamous.com\/pt\/wp-json\/wp\/v2\/pages\/208\/revisions\/461"}],"wp:attachment":[{"href":"https:\/\/mymfamous.com\/pt\/wp-json\/wp\/v2\/media?parent=208"}],"curies":[{"name":"wp","href":"https:\/\/api.w.org\/{rel}","templated":true}]}}