{"id":92,"date":"2021-09-09T06:15:53","date_gmt":"2021-09-09T06:15:53","guid":{"rendered":"https:\/\/mymfamous.com\/?page_id=92"},"modified":"2023-01-26T08:57:43","modified_gmt":"2023-01-26T08:57:43","slug":"mym-vs-onlyfans","status":"publish","type":"page","link":"https:\/\/mymfamous.com\/pt\/mym-vs-onlyfans","title":{"rendered":"MYM vs Onlyfans &#8211; Quel est le meilleur site pour d\u00e9buter en 2026 ?"},"content":{"rendered":"<p>[et_pb_section fb_built=\u00a0\u00bb1&Prime; _builder_version=\u00a0\u00bb4.10.5&Prime; _module_preset=\u00a0\u00bbdefault\u00a0\u00bb global_colors_info=\u00a0\u00bb{}\u00a0\u00bb][et_pb_row _builder_version=\u00a0\u00bb4.10.5&Prime; _module_preset=\u00a0\u00bbdefault\u00a0\u00bb global_colors_info=\u00a0\u00bb{}\u00a0\u00bb][et_pb_column type=\u00a0\u00bb4_4&Prime; _builder_version=\u00a0\u00bb4.10.5&Prime; _module_preset=\u00a0\u00bbdefault\u00a0\u00bb global_colors_info=\u00a0\u00bb{}\u00a0\u00bb][et_pb_text _builder_version=\u00a0\u00bb4.10.5&Prime; _module_preset=\u00a0\u00bbdefault\u00a0\u00bb header_font=\u00a0\u00bbOswald||||||||\u00a0\u00bb hover_enabled=\u00a0\u00bb0&Prime; global_colors_info=\u00a0\u00bb{}\u00a0\u00bb sticky_enabled=\u00a0\u00bb0&Prime;]<\/p>\n<h1>MYM vs Onlyfans : Quel est le meilleur site pour d\u00e9buter en 2026 ?<\/h1>\n<p>[\/et_pb_text][et_pb_text _builder_version=\u00a0\u00bb4.10.5&Prime; _module_preset=\u00a0\u00bbdefault\u00a0\u00bb global_colors_info=\u00a0\u00bb{}\u00a0\u00bb]<\/p>\n<p>Si vous cherchez une plateforme de m\u00e9dias sociaux sur laquelle publier votre contenu priv\u00e9, vous av\u00eates s\u00fbrement tomb\u00e9 sur MYM.Fans et OnlyFans. Les deux semblent \u00eatre des choix int\u00e9ressants, mais vous vous demandez ce qui diff\u00e9rencie les deux plateformes.<\/p>\n<p>Vous \u00eates au bon endroit.<\/p>\n<p>Dans cet article, nous allons analyser les principales diff\u00e9rences et similitudes entre MYM.Fans et OnlyFans. Vous apprendrez laquelle<strong> paie le mieux<\/strong>, laquelle offre le <strong>plus de possibilit\u00e9s de gagner de l&rsquo;argent<\/strong>, et <strong>toutes les caract\u00e9ristiques sp\u00e9ciales de chaque plateforme<\/strong>.<\/p>\n<p>Tout d&rsquo;abord, nous allons commencer par l&rsquo;aspect le plus important : l&rsquo;argent.<\/p>\n<p>[\/et_pb_text][et_pb_text _builder_version=\u00a0\u00bb4.10.5&Prime; _module_preset=\u00a0\u00bbdefault\u00a0\u00bb header_2_font=\u00a0\u00bbOswald||||||||\u00a0\u00bb global_colors_info=\u00a0\u00bb{}\u00a0\u00bb]<\/p>\n<h2>Pourcentages de paiement sur MYM.Fans et OnlyFans<\/h2>\n<p>[\/et_pb_text][et_pb_text _builder_version=\u00a0\u00bb4.10.5&Prime; _module_preset=\u00a0\u00bbdefault\u00a0\u00bb global_colors_info=\u00a0\u00bb{}\u00a0\u00bb]<\/p>\n<p>OnlyFans a un pourcentage de paiement fixe de 80 %. Cela s&rsquo;applique aux pourboires, aux abonnements, aux messages priv\u00e9s et \u00e0 tout autre moyen de gagner de l&rsquo;argent sur la plateforme. C&rsquo;est une bonne chose car vous savez exactement combien vous gagnerez, quelle que soit la fa\u00e7on dont quelqu&rsquo;un d\u00e9pense de l&rsquo;argent sur votre contenu.<\/p>\n<p><strong>MYM.Fans poss\u00e8de le taux de commission le plus \u00e9lev\u00e9.<\/strong> Ils proposent des taux diff\u00e9rents selon le service pour lequel l&rsquo;abonn\u00e9 paie, allant de 75 % \u00e0 90 %.<\/p>\n<p>[\/et_pb_text][et_pb_button button_url=\u00a0\u00bbhttps:\/\/mym.link\/m4111&Prime; button_text=\u00a0\u00bbS&rsquo;inscrire sur MYM Fans\u00a0\u00bb button_alignment=\u00a0\u00bbcenter\u00a0\u00bb button_alignment_tablet=\u00a0\u00bbcenter\u00a0\u00bb button_alignment_phone=\u00a0\u00bbcenter\u00a0\u00bb button_alignment_last_edited=\u00a0\u00bbon|desktop\u00a0\u00bb _builder_version=\u00a0\u00bb4.10.5&Prime; _module_preset=\u00a0\u00bbdefault\u00a0\u00bb custom_button=\u00a0\u00bbon\u00a0\u00bb button_text_color=\u00a0\u00bb#FFFFFF\u00a0\u00bb button_bg_color=\u00a0\u00bb#f9577b\u00a0\u00bb button_use_icon=\u00a0\u00bboff\u00a0\u00bb global_colors_info=\u00a0\u00bb{}\u00a0\u00bb][\/et_pb_button][et_pb_text _builder_version=\u00a0\u00bb4.10.5&Prime; _module_preset=\u00a0\u00bbdefault\u00a0\u00bb global_colors_info=\u00a0\u00bb{}\u00a0\u00bb]<\/p>\n<ul>\n<li>Pour les abonn\u00e9s mensuels, vous obtenez 75 % de ce qu&rsquo;ils paient chaque mois.<\/li>\n<li>Pour les ventes de contenu priv\u00e9, vous recevez 80 % de ce qu&rsquo;ils d\u00e9pensent pour chaque \u00e9l\u00e9ment de contenu.<\/li>\n<li>Pour les pourboires, vous gardez 90%.<\/li>\n<\/ul>\n<p>Il existe \u00e9galement un bonus de performance de 1 % si vous \u00eates consid\u00e9r\u00e9 comme un SuperStar sur la plate-forme. Tout le monde peut devenir un SuperStar, il vous suffit de:<\/p>\n<ul>\n<li>vous connecter r\u00e9guli\u00e8rement<\/li>\n<li>avoir 50 abonn\u00e9s actifs ou plus au cours du mois<\/li>\n<li>publier un minimum de 2 photos dans votre flux chaque semaine<\/li>\n<li>avoir un taux de r\u00e9ponse de 90 % aux m\u00e9dias priv\u00e9s dans les 48 heures.<\/li>\n<\/ul>\n<p>Consid\u00e9rez cela comme une sorte de bonus pour les mod\u00e8les actifs. En outre, il n&rsquo;est pas limit\u00e9 \u00e0 un certain nombre de mod\u00e8les par mois, donc tant que vous atteignez ces crit\u00e8res, vous serez une SuperStar et gagnerez 1 % de plus.<\/p>\n<p>[\/et_pb_text][et_pb_image src=\u00a0\u00bbhttps:\/\/mymfamous.com\/wp-content\/uploads\/2021\/09\/Capture-de\u0301cran-2021-09-09-a\u0300-08.12.19-scaled.jpg\u00a0\u00bb alt=\u00a0\u00bbmym vs onlyfans\u00a0\u00bb title_text=\u00a0\u00bbmym vs onlyfans\u00a0\u00bb url=\u00a0\u00bbhttps:\/\/mym.link\/m4111&Prime; _builder_version=\u00a0\u00bb4.10.5&Prime; _module_preset=\u00a0\u00bbdefault\u00a0\u00bb global_colors_info=\u00a0\u00bb{}\u00a0\u00bb][\/et_pb_image][et_pb_text _builder_version=\u00a0\u00bb4.10.5&Prime; _module_preset=\u00a0\u00bbdefault\u00a0\u00bb header_2_font=\u00a0\u00bbOswald||||||||\u00a0\u00bb global_colors_info=\u00a0\u00bb{}\u00a0\u00bb]<\/p>\n<h2>Quels sont les fa\u00e7ons de gagner de l&rsquo;argent sur les deux plateformes<\/h2>\n<p>MYM.Fans et OnlyFans offrent les m\u00eames services pour gagner de l&rsquo;argent sur leurs plateformes respectives. Il s&rsquo;agit du contenu des abonn\u00e9s mensuels, des messages push, du contenu personnalis\u00e9 priv\u00e9 et de leurs programmes de parrainage. Nous reviendrons plus en d\u00e9tail sur les programmes de parrainage plus loin dans l&rsquo;article.<\/p>\n<p>[\/et_pb_text][et_pb_text _builder_version=\u00a0\u00bb4.10.5&Prime; _module_preset=\u00a0\u00bbdefault\u00a0\u00bb header_2_font=\u00a0\u00bbOswald||||||||\u00a0\u00bb global_colors_info=\u00a0\u00bb{}\u00a0\u00bb]<\/p>\n<h2>La fr\u00e9quence de paiement de MYM.Fans et OnlyFans<\/h2>\n<p>Avec OnlyFans, il y a un minimum de 20\u20ac pour effectuer un retrait de votre compte. Vous pouvez le faire manuellement tous les jours, le programmer pour qu&rsquo;il soit automatiquement retir\u00e9 tous les lundis ou le 1er de chaque mois.<\/p>\n<p>MYM.Fans a un minimum de 50 \u20ac pour effectuer des retraits. Vous pouvez les param\u00e9trer \u00e0 une fr\u00e9quence automatique de deux fois par semaine, une fois par semaine, deux fois par mois ou une fois par mois.<\/p>\n<p>[\/et_pb_text][et_pb_button button_url=\u00a0\u00bbhttps:\/\/mym.link\/m4111&Prime; button_text=\u00a0\u00bbS&rsquo;inscrire sur MYM Fans\u00a0\u00bb button_alignment=\u00a0\u00bbcenter\u00a0\u00bb button_alignment_tablet=\u00a0\u00bbcenter\u00a0\u00bb button_alignment_phone=\u00a0\u00bbcenter\u00a0\u00bb button_alignment_last_edited=\u00a0\u00bbon|desktop\u00a0\u00bb _builder_version=\u00a0\u00bb4.10.5&Prime; _module_preset=\u00a0\u00bbdefault\u00a0\u00bb custom_button=\u00a0\u00bbon\u00a0\u00bb button_text_color=\u00a0\u00bb#FFFFFF\u00a0\u00bb button_bg_color=\u00a0\u00bb#f9577b\u00a0\u00bb button_use_icon=\u00a0\u00bboff\u00a0\u00bb global_colors_info=\u00a0\u00bb{}\u00a0\u00bb][\/et_pb_button][et_pb_text _builder_version=\u00a0\u00bb4.10.5&Prime; _module_preset=\u00a0\u00bbdefault\u00a0\u00bb header_2_font=\u00a0\u00bbOswald||||||||\u00a0\u00bb global_colors_info=\u00a0\u00bb{}\u00a0\u00bb]<\/p>\n<h2>Lequel aide le plus les mod\u00e8les \u00e0 se faire conna\u00eetre\u00a0<\/h2>\n<p><strong>C&rsquo;est ici que MYM.Fans surpasse vraiment OnlyFans.<\/strong> La plateforme OnlyFans ne permet pas de d\u00e9couvrir facilement des mod\u00e8les sans conna\u00eetre leur nom d&rsquo;utilisateur ou sans avoir un lien direct avec leur compte. Il n&rsquo;y a pas de r\u00e9pertoire de mod\u00e8les sur OnlyFans, de sorte qu&rsquo;un nouveau mod\u00e8le ne sera pas pr\u00e9sent\u00e9 de quelque mani\u00e8re que ce soit aux personnes effectuant une recherche par nouveau.<\/p>\n<p>MYM.Fans a une fonction de recherche qui commence par un joli collage de certains des meilleurs mod\u00e8les et vous permet de rechercher d&rsquo;autres mod\u00e8les. Vous pouvez mettre des mots clefs \u00e0 votre compte pour que les gens puissent vous d\u00e9couvrir par ce biais, vous pouvez rechercher par ville, et de nombreuses autres fa\u00e7ons. Il suffit d&rsquo;entrer un mot cl\u00e9 g\u00e9n\u00e9rique comme \u00ab\u00a0brune\u00a0\u00bb pour obtenir des centaines de profils. Il existe \u00e9galement un filtre pratique permettant de n&rsquo;afficher que les comptes SuperStar afin que les fans puissent voir quels mod\u00e8les sont les plus actifs sur la plateforme.<\/p>\n<p>&nbsp;<\/p>\n<p>[\/et_pb_text][et_pb_text _builder_version=\u00a0\u00bb4.10.5&Prime; _module_preset=\u00a0\u00bbdefault\u00a0\u00bb header_2_font=\u00a0\u00bbOswald||||||||\u00a0\u00bb global_colors_info=\u00a0\u00bb{}\u00a0\u00bb]<\/p>\n<h2>Quel programme de parrainage est le meilleur?<\/h2>\n<p>Le programme de parrainage d&rsquo;OnlyFans permet d&rsquo;obtenir 5 % des gains pour chaque mod\u00e8le que vous parrainez jusqu&rsquo;\u00e0 12 mois ou 50 000 $. Auparavant, ce montant \u00e9tait illimit\u00e9, mais au d\u00e9but de la pand\u00e9mie en 2020, il a \u00e9t\u00e9 r\u00e9duit \u00e0 12 mois ou 50 000 $ en raison du grand nombre de nouveaux mod\u00e8les qui s&rsquo;inscrivaient.<\/p>\n<p>Le programme de recommandation de MYM.Fans, ou programme d&rsquo;ambassadeurs comme ils l&rsquo;appellent, comporte deux parties. La premi\u00e8re est le parrainage de mod\u00e8le qui est de 10% pour chaque mod\u00e8le \u00e0 vie. La deuxi\u00e8me partie est le programme de parrainage des ambassadeurs. Il s&rsquo;agit essentiellement de recruter d&rsquo;autres recruteurs pour aider \u00e0 d\u00e9velopper la plate-forme. Avec le programme d&rsquo;ambassadeur, vous obtenez 50% de tout ce que l&rsquo;ambassadeur que vous recommandez re\u00e7oit, \u00e0 vie \u00e9galement.<\/p>\n<p><strong>Le programme d&rsquo;ambassadeurs de MYM.Fans bat \u00e0 plate couture celui d&rsquo;OnlyFans<\/strong>. Le double des pourcentages, et \u00e0 vie. C&rsquo;est ph\u00e9nom\u00e9nal.<\/p>\n<p>&nbsp;<\/p>\n<h2>Lequel devriez-vous utiliser : MYM.Fans ou OnlyFans ?<\/h2>\n<p>Comme nous l&rsquo;avons vu, pour d\u00e9buter, l&rsquo;avantage est \u00e0 MYM Fans car il permet aux mod\u00e8les de se faire connaitre sans forc\u00e9ment avoir beaucoup d&rsquo;abonn\u00e9s.<\/p>\n<p>De plus, MYM.Fans est bas\u00e9 en France et a une base d&rsquo;utilisateurs massive en France. Si vous \u00eates fran\u00e7ais ou dans un pays francophone, nous vous conseillons fortement de vous inscrire sur cette plateforme.<\/p>\n<p>[\/et_pb_text][\/et_pb_column][\/et_pb_row][et_pb_row column_structure=\u00a0\u00bb1_2,1_2&Prime; _builder_version=\u00a0\u00bb4.10.5&Prime; _module_preset=\u00a0\u00bbdefault\u00a0\u00bb custom_margin=\u00a0\u00bb-8px|auto||auto||\u00a0\u00bb global_colors_info=\u00a0\u00bb{}\u00a0\u00bb][et_pb_column type=\u00a0\u00bb1_2&Prime; _builder_version=\u00a0\u00bb4.10.5&Prime; _module_preset=\u00a0\u00bbdefault\u00a0\u00bb global_colors_info=\u00a0\u00bb{}\u00a0\u00bb][et_pb_button button_url=\u00a0\u00bbhttps:\/\/mym.link\/m4111&Prime; button_text=\u00a0\u00bbS&rsquo;inscrire sur MYM Fans\u00a0\u00bb button_alignment=\u00a0\u00bbright\u00a0\u00bb button_alignment_tablet=\u00a0\u00bbcenter\u00a0\u00bb button_alignment_phone=\u00a0\u00bbcenter\u00a0\u00bb button_alignment_last_edited=\u00a0\u00bbon|tablet\u00a0\u00bb _builder_version=\u00a0\u00bb4.10.5&Prime; _module_preset=\u00a0\u00bbdefault\u00a0\u00bb custom_button=\u00a0\u00bbon\u00a0\u00bb button_text_color=\u00a0\u00bb#FFFFFF\u00a0\u00bb button_bg_color=\u00a0\u00bb#f9577b\u00a0\u00bb button_use_icon=\u00a0\u00bboff\u00a0\u00bb global_colors_info=\u00a0\u00bb{}\u00a0\u00bb][\/et_pb_button][\/et_pb_column][et_pb_column type=\u00a0\u00bb1_2&Prime; _builder_version=\u00a0\u00bb4.10.5&Prime; _module_preset=\u00a0\u00bbdefault\u00a0\u00bb global_colors_info=\u00a0\u00bb{}\u00a0\u00bb][et_pb_button button_url=\u00a0\u00bbhttps:\/\/onlyfans.com\/?ref=242286313&Prime; button_text=\u00a0\u00bbS&rsquo;inscrire sur Onlyfans \u00a0\u00bb button_alignment=\u00a0\u00bbleft\u00a0\u00bb button_alignment_tablet=\u00a0\u00bbcenter\u00a0\u00bb button_alignment_phone=\u00a0\u00bbcenter\u00a0\u00bb button_alignment_last_edited=\u00a0\u00bbon|tablet\u00a0\u00bb _builder_version=\u00a0\u00bb4.10.5&Prime; _module_preset=\u00a0\u00bbdefault\u00a0\u00bb custom_button=\u00a0\u00bbon\u00a0\u00bb button_text_color=\u00a0\u00bb#FFFFFF\u00a0\u00bb button_bg_color=\u00a0\u00bb#62c8cd\u00a0\u00bb button_use_icon=\u00a0\u00bboff\u00a0\u00bb global_colors_info=\u00a0\u00bb{}\u00a0\u00bb][\/et_pb_button][\/et_pb_column][\/et_pb_row][\/et_pb_section]<\/p>\n\n\n<div class=\"kk-star-ratings kksr-auto kksr-align-center kksr-valign-bottom kksr-disabled\"\n    data-payload='{&quot;align&quot;:&quot;center&quot;,&quot;id&quot;:&quot;92&quot;,&quot;readonly&quot;:&quot;1&quot;,&quot;slug&quot;:&quot;default&quot;,&quot;valign&quot;:&quot;bottom&quot;,&quot;ignore&quot;:&quot;&quot;,&quot;reference&quot;:&quot;auto&quot;,&quot;class&quot;:&quot;&quot;,&quot;count&quot;:&quot;8&quot;,&quot;legendonly&quot;:&quot;&quot;,&quot;score&quot;:&quot;4.9&quot;,&quot;starsonly&quot;:&quot;&quot;,&quot;best&quot;:&quot;5&quot;,&quot;gap&quot;:&quot;4&quot;,&quot;greet&quot;:&quot;Notez cet article&quot;,&quot;legend&quot;:&quot;4.9\\\/5 - (8 votes)&quot;,&quot;size&quot;:&quot;24&quot;,&quot;title&quot;:&quot;MYM vs Onlyfans - Quel est le meilleur site pour d\u00e9buter en [year] ?&quot;,&quot;width&quot;:&quot;135.2&quot;,&quot;_legend&quot;:&quot;{score}\\\/{best} - ({count} {votes})&quot;,&quot;font_factor&quot;:&quot;1.25&quot;}'>\n            \n<div class=\"kksr-stars\">\n    \n<div class=\"kksr-stars-inactive\">\n            <div class=\"kksr-star\" data-star=\"1\" style=\"padding-right: 4px\">\n            \n\n<div class=\"kksr-icon\" style=\"width: 24px; height: 24px;\"><\/div>\n        <\/div>\n            <div class=\"kksr-star\" data-star=\"2\" style=\"padding-right: 4px\">\n            \n\n<div class=\"kksr-icon\" style=\"width: 24px; height: 24px;\"><\/div>\n        <\/div>\n            <div class=\"kksr-star\" data-star=\"3\" style=\"padding-right: 4px\">\n            \n\n<div class=\"kksr-icon\" style=\"width: 24px; height: 24px;\"><\/div>\n        <\/div>\n            <div class=\"kksr-star\" data-star=\"4\" style=\"padding-right: 4px\">\n            \n\n<div class=\"kksr-icon\" style=\"width: 24px; height: 24px;\"><\/div>\n        <\/div>\n            <div class=\"kksr-star\" data-star=\"5\" style=\"padding-right: 4px\">\n            \n\n<div class=\"kksr-icon\" style=\"width: 24px; height: 24px;\"><\/div>\n        <\/div>\n    <\/div>\n    \n<div class=\"kksr-stars-active\" style=\"width: 135.2px;\">\n            <div class=\"kksr-star\" style=\"padding-right: 4px\">\n            \n\n<div class=\"kksr-icon\" style=\"width: 24px; height: 24px;\"><\/div>\n        <\/div>\n            <div class=\"kksr-star\" style=\"padding-right: 4px\">\n            \n\n<div class=\"kksr-icon\" style=\"width: 24px; height: 24px;\"><\/div>\n        <\/div>\n            <div class=\"kksr-star\" style=\"padding-right: 4px\">\n            \n\n<div class=\"kksr-icon\" style=\"width: 24px; height: 24px;\"><\/div>\n        <\/div>\n            <div class=\"kksr-star\" style=\"padding-right: 4px\">\n            \n\n<div class=\"kksr-icon\" style=\"width: 24px; height: 24px;\"><\/div>\n        <\/div>\n            <div class=\"kksr-star\" style=\"padding-right: 4px\">\n            \n\n<div class=\"kksr-icon\" style=\"width: 24px; height: 24px;\"><\/div>\n        <\/div>\n    <\/div>\n<\/div>\n                \n\n<div class=\"kksr-legend\" style=\"font-size: 19.2px;\">\n            4.9\/5 - (8 votes)    <\/div>\n    <\/div>\n","protected":false},"excerpt":{"rendered":"<p>MYM vs Onlyfans : Quel est le meilleur site pour d\u00e9buter en 2026 ?Si vous cherchez une plateforme de m\u00e9dias sociaux sur laquelle publier votre contenu priv\u00e9, vous av\u00eates s\u00fbrement tomb\u00e9 sur MYM.Fans et OnlyFans. Les deux semblent \u00eatre des choix int\u00e9ressants, mais vous vous demandez ce qui diff\u00e9rencie les deux plateformes. Vous \u00eates au [&hellip;]<\/p>\n","protected":false},"author":1,"featured_media":0,"parent":0,"menu_order":0,"comment_status":"closed","ping_status":"closed","template":"","meta":{"_et_pb_use_builder":"on","_et_pb_old_content":"","_et_gb_content_width":"","om_disable_all_campaigns":false,"footnotes":""},"class_list":["post-92","page","type-page","status-publish","hentry"],"yoast_head":"<!-- This site is optimized with the Yoast SEO plugin v27.3 - https:\/\/yoast.com\/product\/yoast-seo-wordpress\/ -->\n<title>MYM vs Onlyfans - Quel est le meilleur site pour d\u00e9buter en 2026 ? - MYM Famous<\/title>\n<meta name=\"robots\" content=\"index, follow, max-snippet:-1, max-image-preview:large, max-video-preview:-1\" \/>\n<link rel=\"canonical\" href=\"https:\/\/mymfamous.com\/pt\/mym-vs-onlyfans\/\" \/>\n<meta property=\"og:locale\" content=\"pt_PT\" \/>\n<meta property=\"og:type\" content=\"article\" \/>\n<meta property=\"og:title\" content=\"MYM vs Onlyfans - Quel est le meilleur site pour d\u00e9buter en 2026 ? - MYM Famous\" \/>\n<meta property=\"og:description\" content=\"MYM vs Onlyfans : Quel est le meilleur site pour d\u00e9buter en 2026 ?Si vous cherchez une plateforme de m\u00e9dias sociaux sur laquelle publier votre contenu priv\u00e9, vous av\u00eates s\u00fbrement tomb\u00e9 sur MYM.Fans et OnlyFans. Les deux semblent \u00eatre des choix int\u00e9ressants, mais vous vous demandez ce qui diff\u00e9rencie les deux plateformes. Vous \u00eates au [&hellip;]\" \/>\n<meta property=\"og:url\" content=\"https:\/\/mymfamous.com\/pt\/mym-vs-onlyfans\/\" \/>\n<meta property=\"og:site_name\" content=\"MYM Famous\" \/>\n<meta property=\"article:modified_time\" content=\"2023-01-26T08:57:43+00:00\" \/>\n<meta name=\"twitter:card\" content=\"summary_large_image\" \/>\n<script type=\"application\/ld+json\" class=\"yoast-schema-graph\">{\"@context\":\"https:\\\/\\\/schema.org\",\"@graph\":[{\"@type\":\"WebPage\",\"@id\":\"https:\\\/\\\/mymfamous.com\\\/mym-vs-onlyfans\",\"url\":\"https:\\\/\\\/mymfamous.com\\\/mym-vs-onlyfans\",\"name\":\"MYM vs Onlyfans - Quel est le meilleur site pour d\u00e9buter en 2026 ? - MYM Famous\",\"isPartOf\":{\"@id\":\"https:\\\/\\\/mymfamous.com\\\/#website\"},\"datePublished\":\"2021-09-09T06:15:53+00:00\",\"dateModified\":\"2023-01-26T08:57:43+00:00\",\"breadcrumb\":{\"@id\":\"https:\\\/\\\/mymfamous.com\\\/mym-vs-onlyfans#breadcrumb\"},\"inLanguage\":\"pt-PT\",\"potentialAction\":[{\"@type\":\"ReadAction\",\"target\":[\"https:\\\/\\\/mymfamous.com\\\/mym-vs-onlyfans\"]}]},{\"@type\":\"BreadcrumbList\",\"@id\":\"https:\\\/\\\/mymfamous.com\\\/mym-vs-onlyfans#breadcrumb\",\"itemListElement\":[{\"@type\":\"ListItem\",\"position\":1,\"name\":\"Accueil\",\"item\":\"https:\\\/\\\/mymfamous.com\\\/\"},{\"@type\":\"ListItem\",\"position\":2,\"name\":\"MYM vs Onlyfans &#8211; Quel est le meilleur site pour d\u00e9buter en 2023 ?\"}]},{\"@type\":\"WebSite\",\"@id\":\"https:\\\/\\\/mymfamous.com\\\/#website\",\"url\":\"https:\\\/\\\/mymfamous.com\\\/\",\"name\":\"MYM Famous\",\"description\":\"Avis MYM Fans : le r\u00e9seau social Priv\u00e9 des Personnalit\u00e9s\",\"potentialAction\":[{\"@type\":\"SearchAction\",\"target\":{\"@type\":\"EntryPoint\",\"urlTemplate\":\"https:\\\/\\\/mymfamous.com\\\/?s={search_term_string}\"},\"query-input\":{\"@type\":\"PropertyValueSpecification\",\"valueRequired\":true,\"valueName\":\"search_term_string\"}}],\"inLanguage\":\"pt-PT\"}]}<\/script>\n<!-- \/ Yoast SEO plugin. -->","yoast_head_json":{"title":"MYM vs Onlyfans - Quel est le meilleur site pour d\u00e9buter en 2026 ? - MYM Famous","robots":{"index":"index","follow":"follow","max-snippet":"max-snippet:-1","max-image-preview":"max-image-preview:large","max-video-preview":"max-video-preview:-1"},"canonical":"https:\/\/mymfamous.com\/pt\/mym-vs-onlyfans\/","og_locale":"pt_PT","og_type":"article","og_title":"MYM vs Onlyfans - Quel est le meilleur site pour d\u00e9buter en 2026 ? - MYM Famous","og_description":"MYM vs Onlyfans : Quel est le meilleur site pour d\u00e9buter en 2026 ?Si vous cherchez une plateforme de m\u00e9dias sociaux sur laquelle publier votre contenu priv\u00e9, vous av\u00eates s\u00fbrement tomb\u00e9 sur MYM.Fans et OnlyFans. Les deux semblent \u00eatre des choix int\u00e9ressants, mais vous vous demandez ce qui diff\u00e9rencie les deux plateformes. Vous \u00eates au [&hellip;]","og_url":"https:\/\/mymfamous.com\/pt\/mym-vs-onlyfans\/","og_site_name":"MYM Famous","article_modified_time":"2023-01-26T08:57:43+00:00","twitter_card":"summary_large_image","schema":{"@context":"https:\/\/schema.org","@graph":[{"@type":"WebPage","@id":"https:\/\/mymfamous.com\/mym-vs-onlyfans","url":"https:\/\/mymfamous.com\/mym-vs-onlyfans","name":"MYM vs Onlyfans - Quel est le meilleur site pour d\u00e9buter en 2026 ? - MYM Famous","isPartOf":{"@id":"https:\/\/mymfamous.com\/#website"},"datePublished":"2021-09-09T06:15:53+00:00","dateModified":"2023-01-26T08:57:43+00:00","breadcrumb":{"@id":"https:\/\/mymfamous.com\/mym-vs-onlyfans#breadcrumb"},"inLanguage":"pt-PT","potentialAction":[{"@type":"ReadAction","target":["https:\/\/mymfamous.com\/mym-vs-onlyfans"]}]},{"@type":"BreadcrumbList","@id":"https:\/\/mymfamous.com\/mym-vs-onlyfans#breadcrumb","itemListElement":[{"@type":"ListItem","position":1,"name":"Accueil","item":"https:\/\/mymfamous.com\/"},{"@type":"ListItem","position":2,"name":"MYM vs Onlyfans &#8211; Quel est le meilleur site pour d\u00e9buter en 2023 ?"}]},{"@type":"WebSite","@id":"https:\/\/mymfamous.com\/#website","url":"https:\/\/mymfamous.com\/","name":"MYM Famoso","description":"Revis\u00e3o dos F\u00e3s da MYM: a Rede Social Privada para Personalidades","potentialAction":[{"@type":"SearchAction","target":{"@type":"EntryPoint","urlTemplate":"https:\/\/mymfamous.com\/?s={search_term_string}"},"query-input":{"@type":"PropertyValueSpecification","valueRequired":true,"valueName":"search_term_string"}}],"inLanguage":"pt-PT"}]}},"jetpack_sharing_enabled":true,"_links":{"self":[{"href":"https:\/\/mymfamous.com\/pt\/wp-json\/wp\/v2\/pages\/92","targetHints":{"allow":["GET"]}}],"collection":[{"href":"https:\/\/mymfamous.com\/pt\/wp-json\/wp\/v2\/pages"}],"about":[{"href":"https:\/\/mymfamous.com\/pt\/wp-json\/wp\/v2\/types\/page"}],"author":[{"embeddable":true,"href":"https:\/\/mymfamous.com\/pt\/wp-json\/wp\/v2\/users\/1"}],"replies":[{"embeddable":true,"href":"https:\/\/mymfamous.com\/pt\/wp-json\/wp\/v2\/comments?post=92"}],"version-history":[{"count":8,"href":"https:\/\/mymfamous.com\/pt\/wp-json\/wp\/v2\/pages\/92\/revisions"}],"predecessor-version":[{"id":255,"href":"https:\/\/mymfamous.com\/pt\/wp-json\/wp\/v2\/pages\/92\/revisions\/255"}],"wp:attachment":[{"href":"https:\/\/mymfamous.com\/pt\/wp-json\/wp\/v2\/media?parent=92"}],"curies":[{"name":"wp","href":"https:\/\/api.w.org\/{rel}","templated":true}]}}